{"id":997,"date":"2023-01-28T16:18:02","date_gmt":"2023-01-28T16:18:02","guid":{"rendered":"https:\/\/petrocenter.cl\/web\/productos.php\/?post_type=product&#038;p=997"},"modified":"2024-12-15T15:21:48","modified_gmt":"2024-12-15T15:21:48","slug":"balde-aceite-motor-mobil-delvac-1200-f2-15w40-19-litros","status":"publish","type":"product","link":"https:\/\/petrocenter.cl\/web\/productos.php\/producto\/balde-aceite-motor-mobil-delvac-1200-f2-15w40-19-litros\/","title":{"rendered":"Balde aceite motor Mobil Delvac 20w50 19 litros"},"content":{"rendered":"<blockquote><p>Mobil Delvac Super 20W-50 es un lubricante formulado con aceites b\u00e1sicos de alta calidad, recomendado para motores diesel de aspiraci\u00f3n natural y turboalimentados con grandes per\u00edodos de operaci\u00f3n que presentan consumos de aceite elevados y sobrepasan los l\u00edmites de consumo cuando es usado un SAE 15W-40.<\/p><\/blockquote>\n","protected":false},"excerpt":{"rendered":"<p>Mobil Delvac Super 20W-50 facilita el arranque en fr\u00edo del motor y mantiene su viscosidad bajo las<\/p>\n<p>condiciones m\u00e1s severas de operaci\u00f3n a altas temperaturas.<\/p>\n<p>Mobil Delvac Super 20W-50 excede los requerimientos de la clasificaci\u00f3n API CF-4, que es requerida por<\/p>\n<p>los modernos motores diesel de alto rendimiento. Asimismo, Mobil Delvac Super 20W-50, tambi\u00e9n es<\/p>\n<p>recomendado para la lubricaci\u00f3n de motores a gasolina, el cual permite ser utilizado por flotas mixtas.<\/p>\n<p>&nbsp;<\/p>\n<p>BENEFICIOS:<\/p>\n<p>\u2022 Excelente reserva alcalina (TBN) que asegura una sobresaliente protecci\u00f3n anti-corrosiva y control de<\/p>\n<p>dep\u00f3sitos.<\/p>\n<p>\u2022 Extiende la vida \u00fatil del motor<\/p>\n<p>\u2022 Reduce el consumo de aceite.<\/p>\n<p>\u2022 Reduce el pulido de las camisas.<\/p>\n<p>&nbsp;<\/p>\n<p>&nbsp;<\/p>\n<p>&nbsp;<\/p>\n<p>&nbsp;<\/p>\n<p>ESPECIFICACIONES Y APROBACIONES:<\/p>\n<p>Mobil Delvac Super 20W-50 es recomendado para su uso en aplicaciones en donde se requieran los<\/p>\n<p>siguientes niveles de calidad:<\/p>\n<p>\u2022 API CF-4<\/p>\n<p>SALUD Y SEGURIDAD:<\/p>\n<p>Informaci\u00f3n detallada referente a salud y seguridad de cada producto se encuentra en el Bolet\u00edn de<\/p>\n<p>Seguridad (Material Safety Data Bulletin), el cual puede obtenerse llamando al 600 200 02 02.<\/p>\n<p>Las caracter\u00edsticas t\u00edpicas de Mobil Delvac Super 20W-50 se muestran en la tabla. Deben entenderse como<\/p>\n<p>una gu\u00eda para la industria y no como especificaciones de marketing o fabricaci\u00f3n. Ellas pueden cambiar sin<\/p>\n<p>aviso debido a la continua investigaci\u00f3n y desarrollo de nuestros productos.<\/p>\n<p>&#8220;CARACTER\u00cdSTICAS T\u00cdPICAS<\/p>\n<p>Mobil Delvac Super 20W-50 M\u00e9todo de Prueba<\/p>\n<p>Grado SAE 20W-50<\/p>\n<p>Viscosidad, cSt @ 40\u00b0C ASTM D-445 160<\/p>\n<p>cSt @ 100\u00b0C ASTM D-445 18<\/p>\n<p>Viscosidad CCS, mPa.s @ -15\u00b0C ASTM D-5293 7.400<\/p>\n<p>Viscosidad HT\/HS, cP @ 150\u00b0C ASTM D-4683 4,8<\/p>\n<p>29\/04\/2020<\/p>\n<p>P\u00e1gina 1\/2<\/p>\n<p>&#8220;CARACTER\u00cdSTICAS T\u00cdPICAS<\/p>\n<p>\u00cdndice de viscosidad ASTM D-2270 133<\/p>\n<p>Punto m\u00ednimo de fluidez, \u00b0C ASTM D-97 -30<\/p>\n<p>Punto de inflamaci\u00f3n, \u00b0C ASTM D-92 235<\/p>\n<p>Cenizas sulfatadas, % en peso ASTM D-874 0,85<\/p>\n<p>TBN, mg KOH\/gr ASTM D-2896 8,1<\/p>\n<p>Color ASTM D-1500 LT 2,0<\/p>\n","protected":false},"featured_media":1411,"comment_status":"open","ping_status":"closed","template":"","meta":[],"product_brand":[],"product_cat":[18],"product_tag":[],"class_list":{"0":"post-997","1":"product","2":"type-product","3":"status-publish","4":"has-post-thumbnail","6":"product_cat-aceites","7":"it-has-gallery","9":"first","10":"instock","11":"sale","12":"taxable","13":"shipping-taxable","14":"purchasable","15":"product-type-simple"},"jetpack_sharing_enabled":true,"jetpack_likes_enabled":true,"_links":{"self":[{"href":"https:\/\/petrocenter.cl\/web\/productos.php\/wp-json\/wp\/v2\/product\/997","targetHints":{"allow":["GET"]}}],"collection":[{"href":"https:\/\/petrocenter.cl\/web\/productos.php\/wp-json\/wp\/v2\/product"}],"about":[{"href":"https:\/\/petrocenter.cl\/web\/productos.php\/wp-json\/wp\/v2\/types\/product"}],"replies":[{"embeddable":true,"href":"https:\/\/petrocenter.cl\/web\/productos.php\/wp-json\/wp\/v2\/comments?post=997"}],"wp:featuredmedia":[{"embeddable":true,"href":"https:\/\/petrocenter.cl\/web\/productos.php\/wp-json\/wp\/v2\/media\/1411"}],"wp:attachment":[{"href":"https:\/\/petrocenter.cl\/web\/productos.php\/wp-json\/wp\/v2\/media?parent=997"}],"wp:term":[{"taxonomy":"product_brand","embeddable":true,"href":"https:\/\/petrocenter.cl\/web\/productos.php\/wp-json\/wp\/v2\/product_brand?post=997"},{"taxonomy":"product_cat","embeddable":true,"href":"https:\/\/petrocenter.cl\/web\/productos.php\/wp-json\/wp\/v2\/product_cat?post=997"},{"taxonomy":"product_tag","embeddable":true,"href":"https:\/\/petrocenter.cl\/web\/productos.php\/wp-json\/wp\/v2\/product_tag?post=997"}],"curies":[{"name":"wp","href":"https:\/\/api.w.org\/{rel}","templated":true}]}}