{"id":967,"date":"2022-11-09T21:46:54","date_gmt":"2022-11-09T21:46:54","guid":{"rendered":"https:\/\/petrocenter.cl\/web\/productos.php\/?post_type=product&#038;p=967"},"modified":"2024-08-14T11:08:42","modified_gmt":"2024-08-14T11:08:42","slug":"castrol-edge-10w60-supercar-bidon-4-litros","status":"publish","type":"product","link":"https:\/\/petrocenter.cl\/web\/productos.php\/producto\/castrol-edge-10w60-supercar-bidon-4-litros\/","title":{"rendered":"Castrol Edge 10w60 Supercar bidon 4 litros"},"content":{"rendered":"<p>Un aceite 10W-60 \u00a0fluye como un aceite de viscosidad 10 desde el arranque en invierno; sin embargo, proporciona un aceite de viscosidad 60 una vez que el motor alcanza la \u00a0temperatura de operaci\u00f3n total.<\/p>\n<p>&nbsp;<\/p>\n<p>\u00bfSu manual especifica el aceite 10W-60? De ser as\u00ed, su motor de alto rendimiento a alta presi\u00f3n necesita un aceite que fluya tan f\u00e1cilmente como un aceite de viscosidad 10 a bajas temperaturas y como un aceite de viscosidad 60 cuando el motor est\u00e9 a toda temperatura.<\/p>\n<p>&nbsp;<\/p>\n<p>Castrol\u00ae EDGE\u00ae Supercar 10W-60 es un avanzado aceite para motor totalmente sint\u00e9tico con tecnolog\u00eda de titanio que cambia f\u00edsicamente el comportamiento del aceite bajo extrema presi\u00f3n. De este modo, duplica la resistencia de la pel\u00edcula, lo que evita que el aceite rote y optimiza el rendimiento del aceite y del motor.<\/p>\n","protected":false},"excerpt":{"rendered":"<h2>CASTROL EDGE SUPERCAR<\/h2>\n<p>Nada mejor que un auto superdeportivo, con su extraordinario desempe\u00f1o, para poner a prueba un aceite para motor. Castrol EDGE Supercar con Fluid Titanium est\u00e1 desarrollado con nuestra tecnolog\u00eda m\u00e1s avanzada para un m\u00e1ximo rendimiento. Est\u00e1 comprobado en autos superdeportivos y es adecuado para su uso en una conducci\u00f3n diaria de alto rendimiento. Castrol EDGE Supercar es para quienes exigen un m\u00e1ximo rendimiento del motor en autos superdeportivos, deportivos y de alto rendimiento. Viva la experiencia y libere el m\u00e1ximo rendimiento del motor<\/p>\n<p>&nbsp;<\/p>\n<p>Los motores actuales son m\u00e1s peque\u00f1os y est\u00e1n bajo mayor presi\u00f3n que nunca. Hace diez a\u00f1os, el autom\u00f3vil m\u00e1s r\u00e1pido del planeta ten\u00eda una presi\u00f3n del motor de 18 bar. Pero el promedio de los motores hatchback actuales puede generar presiones superiores. Los autos superdeportivos generan presi\u00f3n hasta 32 bar, dos veces m\u00e1s alto que los autom\u00f3viles convencionales. Castrol EDGE SUPERCAR es la mejor prueba de que nuestro aceite ha sido probado para rendir.<\/p>\n<p>&nbsp;<\/p>\n<h3>BENEFICIOS<\/h3>\n<ul>\n<li>Se transforma hasta convertirse en el m\u00e1s resistente a m\u00e1xima presi\u00f3n para proteger el motor<\/li>\n<li>Reduce la fricci\u00f3n que resta potencia en todas las velocidades y condiciones del motor<\/li>\n<li>Se somete a las pruebas independientes m\u00e1s exigentes para un rendimiento demostrado<\/li>\n<li>Recomendado por fabricantes l\u00edderes en el mundo<\/li>\n<li>Evita la formaci\u00f3n de espuma<\/li>\n<\/ul>\n","protected":false},"featured_media":968,"comment_status":"open","ping_status":"closed","template":"","meta":[],"product_brand":[],"product_cat":[18],"product_tag":[],"class_list":{"0":"post-967","1":"product","2":"type-product","3":"status-publish","4":"has-post-thumbnail","6":"product_cat-aceites","8":"first","9":"outofstock","10":"taxable","11":"shipping-taxable","12":"purchasable","13":"product-type-simple"},"jetpack_sharing_enabled":true,"jetpack_likes_enabled":true,"_links":{"self":[{"href":"https:\/\/petrocenter.cl\/web\/productos.php\/wp-json\/wp\/v2\/product\/967","targetHints":{"allow":["GET"]}}],"collection":[{"href":"https:\/\/petrocenter.cl\/web\/productos.php\/wp-json\/wp\/v2\/product"}],"about":[{"href":"https:\/\/petrocenter.cl\/web\/productos.php\/wp-json\/wp\/v2\/types\/product"}],"replies":[{"embeddable":true,"href":"https:\/\/petrocenter.cl\/web\/productos.php\/wp-json\/wp\/v2\/comments?post=967"}],"wp:featuredmedia":[{"embeddable":true,"href":"https:\/\/petrocenter.cl\/web\/productos.php\/wp-json\/wp\/v2\/media\/968"}],"wp:attachment":[{"href":"https:\/\/petrocenter.cl\/web\/productos.php\/wp-json\/wp\/v2\/media?parent=967"}],"wp:term":[{"taxonomy":"product_brand","embeddable":true,"href":"https:\/\/petrocenter.cl\/web\/productos.php\/wp-json\/wp\/v2\/product_brand?post=967"},{"taxonomy":"product_cat","embeddable":true,"href":"https:\/\/petrocenter.cl\/web\/productos.php\/wp-json\/wp\/v2\/product_cat?post=967"},{"taxonomy":"product_tag","embeddable":true,"href":"https:\/\/petrocenter.cl\/web\/productos.php\/wp-json\/wp\/v2\/product_tag?post=967"}],"curies":[{"name":"wp","href":"https:\/\/api.w.org\/{rel}","templated":true}]}}