{"id":899,"date":"2022-05-10T18:03:09","date_gmt":"2022-05-10T18:03:09","guid":{"rendered":"https:\/\/petrocenter.cl\/web\/productos.php\/?post_type=product&#038;p=899"},"modified":"2024-03-05T14:01:37","modified_gmt":"2024-03-05T14:01:37","slug":"mobilgrease-xhp222-balde-16-kgs","status":"publish","type":"product","link":"https:\/\/petrocenter.cl\/web\/productos.php\/producto\/mobilgrease-xhp222-balde-16-kgs\/","title":{"rendered":"Mobilgrease XHP 222 balde 16 kilos"},"content":{"rendered":"<p>Grasa Mobilgrease XHP 222 16K es una grasa de complejo de litio de rendimiento extra elevado, basada en aceites minerales paraf\u00ednicos de alta calidad y fabricada para proporcionar un excelente rendimiento a alta temperatura con una adherencia magn\u00edfica, estabilidad estructural y resistencia a la contaminaci\u00f3n de agua. Esta grasa posee un elevado nivel de estabilidad qu\u00edmica y ofrece una temperatura de trabajo m\u00e1xima recomendada de 175\u00b0C.<\/p>\n","protected":false},"excerpt":{"rendered":"<p>Grasa Mobilgrease XHP 222 16K es una grasa de complejo de litio de rendimiento extra elevado, basada en aceites minerales paraf\u00ednicos de alta calidad y fabricada para proporcionar un excelente rendimiento a alta temperatura con una adherencia magn\u00edfica, estabilidad estructural y resistencia a la contaminaci\u00f3n de agua.<\/p>\n","protected":false},"featured_media":1011,"comment_status":"open","ping_status":"closed","template":"","meta":[],"product_brand":[],"product_cat":[18],"product_tag":[70,69],"class_list":{"0":"post-899","1":"product","2":"type-product","3":"status-publish","4":"has-post-thumbnail","6":"product_cat-aceites","7":"product_tag-grasa-en-balde","8":"product_tag-mobilgrease-mp","9":"it-has-gallery","11":"first","12":"instock","13":"taxable","14":"shipping-taxable","15":"purchasable","16":"product-type-simple"},"jetpack_sharing_enabled":true,"jetpack_likes_enabled":true,"_links":{"self":[{"href":"https:\/\/petrocenter.cl\/web\/productos.php\/wp-json\/wp\/v2\/product\/899","targetHints":{"allow":["GET"]}}],"collection":[{"href":"https:\/\/petrocenter.cl\/web\/productos.php\/wp-json\/wp\/v2\/product"}],"about":[{"href":"https:\/\/petrocenter.cl\/web\/productos.php\/wp-json\/wp\/v2\/types\/product"}],"replies":[{"embeddable":true,"href":"https:\/\/petrocenter.cl\/web\/productos.php\/wp-json\/wp\/v2\/comments?post=899"}],"wp:featuredmedia":[{"embeddable":true,"href":"https:\/\/petrocenter.cl\/web\/productos.php\/wp-json\/wp\/v2\/media\/1011"}],"wp:attachment":[{"href":"https:\/\/petrocenter.cl\/web\/productos.php\/wp-json\/wp\/v2\/media?parent=899"}],"wp:term":[{"taxonomy":"product_brand","embeddable":true,"href":"https:\/\/petrocenter.cl\/web\/productos.php\/wp-json\/wp\/v2\/product_brand?post=899"},{"taxonomy":"product_cat","embeddable":true,"href":"https:\/\/petrocenter.cl\/web\/productos.php\/wp-json\/wp\/v2\/product_cat?post=899"},{"taxonomy":"product_tag","embeddable":true,"href":"https:\/\/petrocenter.cl\/web\/productos.php\/wp-json\/wp\/v2\/product_tag?post=899"}],"curies":[{"name":"wp","href":"https:\/\/api.w.org\/{rel}","templated":true}]}}