{"id":843,"date":"2022-02-25T19:35:58","date_gmt":"2022-02-25T19:35:58","guid":{"rendered":"https:\/\/petrocenter.cl\/web\/productos.php\/?post_type=product&#038;p=843"},"modified":"2026-04-09T15:42:03","modified_gmt":"2026-04-09T15:42:03","slug":"estanque-transportable-carrytank-220-lts-diesel-sec-copia","status":"publish","type":"product","link":"https:\/\/petrocenter.cl\/web\/productos.php\/producto\/estanque-transportable-carrytank-220-lts-diesel-sec-copia\/","title":{"rendered":"Estanque transportable Carrytank 220 litros diesel Resoluci\u00f3n SEC"},"content":{"rendered":"<p>Estanque transportable de 220 litros para petr\u00f3leo di\u00e9sel, ideal para pick-up. Fabricado en polietileno de alta resistencia con certificaci\u00f3n SEC e IMDG para transporte terrestre y mar\u00edtimo. Incluye bomba Piusi 12V, cuenta litros digital K24, pistola autom\u00e1tica Piusi A60, manguera antiest\u00e1tica de 4 metros y tapa protectora con cierre bloqueable. Equipado con asas, bocas para horquillas y correas de fijaci\u00f3n. Incluye accesorios de seguridad: extintor, linterna, eslingas, manual y cat\u00e1logo t\u00e9cnico. Garant\u00eda de 1 a\u00f1o para el estanque y 6 meses para la bomba.<\/p>\n<p>1.- Caracter\u00edsticas T\u00e9cnicas Estanque.<br \/>\n\u2022 Capacidad nominal: 220 litros<br \/>\n\u2022 Dimensiones: 1120 x 780 x 460 mm<br \/>\n\u2022 Peso sin carga: 14 Kg<br \/>\n\u2022 Peso sin carga con grupo de bomba: 24kg<br \/>\n\u2022 Espesor: 5 mm<br \/>\n\u2022 Tap\u00f3n de carga de aluminio de 2\u201d con v\u00e1lvula de seguridad incorporada.<br \/>\n\u2022 Sistema de trasvasije de bater\u00eda de 12V, compuesto de:<\/p>\n<p>o Bomba marca Piusi, modelo Carry 3000), 12 V (6 m de cable para conectar a bater\u00eda)<br \/>\no Cuenta litros marca Piusi, modelo K24 digital.<br \/>\no Pistola marca Piusi, modelo A60, con corte autom\u00e1tico y destorcedor incorporado.<br \/>\no Manguera antiest\u00e1tica (4 metros).<br \/>\no Tapa de ABS proyectada y realizada para la protecci\u00f3n contra los agentes atmosf\u00e9ricos y<br \/>\nlos rayos UV, equipada con ganchos de cierre bloqueables con candado.<\/p>\n","protected":false},"excerpt":{"rendered":"<p class=\"\" data-start=\"942\" data-end=\"1098\">Carrytank CTK220 \u2013 Estanque di\u00e9sel 220L bajo perfil con bomba Piusi, cuenta litros digital y accesorios completos. Certificaci\u00f3n SEC. Ideal para camionetas.<\/p>\n","protected":false},"featured_media":1502,"comment_status":"open","ping_status":"closed","template":"","meta":[],"product_brand":[],"product_cat":[34,36],"product_tag":[],"class_list":{"0":"post-843","1":"product","2":"type-product","3":"status-publish","4":"has-post-thumbnail","6":"product_cat-estanques-de-combustible","7":"product_cat-estanques-de-combustible-diesel-transportable","8":"it-has-gallery","10":"first","11":"onbackorder","12":"sale","13":"taxable","14":"shipping-taxable","15":"purchasable","16":"product-type-simple"},"jetpack_sharing_enabled":true,"jetpack_likes_enabled":true,"_links":{"self":[{"href":"https:\/\/petrocenter.cl\/web\/productos.php\/wp-json\/wp\/v2\/product\/843","targetHints":{"allow":["GET"]}}],"collection":[{"href":"https:\/\/petrocenter.cl\/web\/productos.php\/wp-json\/wp\/v2\/product"}],"about":[{"href":"https:\/\/petrocenter.cl\/web\/productos.php\/wp-json\/wp\/v2\/types\/product"}],"replies":[{"embeddable":true,"href":"https:\/\/petrocenter.cl\/web\/productos.php\/wp-json\/wp\/v2\/comments?post=843"}],"wp:featuredmedia":[{"embeddable":true,"href":"https:\/\/petrocenter.cl\/web\/productos.php\/wp-json\/wp\/v2\/media\/1502"}],"wp:attachment":[{"href":"https:\/\/petrocenter.cl\/web\/productos.php\/wp-json\/wp\/v2\/media?parent=843"}],"wp:term":[{"taxonomy":"product_brand","embeddable":true,"href":"https:\/\/petrocenter.cl\/web\/productos.php\/wp-json\/wp\/v2\/product_brand?post=843"},{"taxonomy":"product_cat","embeddable":true,"href":"https:\/\/petrocenter.cl\/web\/productos.php\/wp-json\/wp\/v2\/product_cat?post=843"},{"taxonomy":"product_tag","embeddable":true,"href":"https:\/\/petrocenter.cl\/web\/productos.php\/wp-json\/wp\/v2\/product_tag?post=843"}],"curies":[{"name":"wp","href":"https:\/\/api.w.org\/{rel}","templated":true}]}}