{"id":826,"date":"2022-02-10T21:13:43","date_gmt":"2022-02-10T21:13:43","guid":{"rendered":"https:\/\/petrocenter.cl\/web\/productos.php\/?post_type=product&#038;p=826"},"modified":"2024-08-14T11:14:09","modified_gmt":"2024-08-14T11:14:09","slug":"mobil-1-esp-5w30-dpf-bidon-4-litros","status":"publish","type":"product","link":"https:\/\/petrocenter.cl\/web\/productos.php\/producto\/mobil-1-esp-5w30-dpf-bidon-4-litros\/","title":{"rendered":"Mobil 1 ESP 5w30 dpf bid\u00f3n 4 litros"},"content":{"rendered":"<h2>Propiedades y beneficios<\/h2>\n<p>Mobil 1 ESP Formula 5W-30 se elabora con una mezcla de componentes de vanguardia de dominio propietaria formulados para ser totalmente compatibles con los m\u00e1s recientes filtros de part\u00edculas di\u00e9sel (DPF) y convertidores catal\u00edticos para motores de gasolina (CAT). Mobil 1 ESP Formula 5W-30 ha sido dise\u00f1ado para ofrecer un excelente desempe\u00f1o y protecci\u00f3n conjuntamente con beneficios en cuanto a la econom\u00eda de combustible. Sus principales propiedades y beneficios potenciales incluyen:<\/p>\n<div class=\"table-responsive\">\n<table class=\"table table-striped\">\n<tbody>\n<tr>\n<td><strong>Propiedades<\/strong><\/td>\n<td><strong>Ventajas y beneficios potenciales<\/strong><\/td>\n<\/tr>\n<tr>\n<td>Bajo contenido de cenizas<\/td>\n<td>Ayuda a reducir la acumulaci\u00f3n de part\u00edculas en los filtros de part\u00edculas di\u00e9sel<\/td>\n<\/tr>\n<tr>\n<td>Bajo contenido de azufre y f\u00f3sforo<\/td>\n<td>Ayuda a reducir el envenenamiento de los convertidores catal\u00edticos de los motores de gasolina<\/td>\n<\/tr>\n<tr>\n<td>Agentes limpiadores activos<\/td>\n<td>Ayuda a reducir la acumulaci\u00f3n de dep\u00f3sitos y lodos para permitir una larga y limpia vida \u00fatil del motor<\/td>\n<\/tr>\n<tr>\n<td>Sobresaliente estabilidad t\u00e9rmica y ante la oxidaci\u00f3n<\/td>\n<td>Ayuda a reducir el envejecimiento del aceite lo cual permite la protecci\u00f3n del mismo durante intervalos prolongados entre cambios de aceite<\/td>\n<\/tr>\n<tr>\n<td>Bajo consumo de aceite<\/td>\n<td>Menor contaminaci\u00f3n por hidrocarburos<\/td>\n<\/tr>\n<tr>\n<td>Propiedades de fricci\u00f3n mejoradas<\/td>\n<td>Ayuda a mejorar la econom\u00eda de combustible<\/td>\n<\/tr>\n<tr>\n<td>Excelente desempe\u00f1o a baja temperatura<\/td>\n<td>Arranque r\u00e1pido en clima fr\u00edo y una protecci\u00f3n ultra r\u00e1pida<\/p>\n<p>Ayuda a prolongar la vida \u00fatil del motor<\/td>\n<\/tr>\n<\/tbody>\n<\/table>\n<\/div>\n<p>&nbsp;<\/p>\n<h2>Aplicaciones<\/h2>\n<p>Mobil 1 ESP Formula 5W-30 est\u00e1 recomendado para todo tipo de motores modernos de autom\u00f3viles, especialmente los motores di\u00e9sel y gasolina de alto desempe\u00f1o que se encuentran en los m\u00e1s recientes veh\u00edculos para pasajeros, todo terrenos (SUV) y furgonetas ligeras.<\/p>\n<p>\u2022\u00a0 Mobil 1 ESP Formula 5W-30 es especialmente apto para condiciones extremas, donde los aceites convencionales a menudo no funcionan bien<\/p>\n<p>\u2022\u00a0 No se recomienda para motores de 2 ciclos o de aviaci\u00f3n, a menos que sea expresamente aprobado por el fabricante.<\/p>\n<p>&nbsp;<\/p>\n<h2>Especificaciones y aprobaciones<\/h2>\n<div class=\"table-responsive\">\n<table class=\"table table-striped\">\n<tbody>\n<tr>\n<td><strong>Este producto tiene las siguientes aprobaciones de fabricantes:<\/strong><\/td>\n<\/tr>\n<tr>\n<td>Chrysler MS-11106<\/td>\n<\/tr>\n<tr>\n<td>GM dexos2<\/td>\n<\/tr>\n<tr>\n<td>Autom\u00f3viles Peugeot\/Citro\u00ebn B71 2290<\/td>\n<\/tr>\n<tr>\n<td>Autom\u00f3viles Peugeot\/Citro\u00ebn B71 2297<\/td>\n<\/tr>\n<\/tbody>\n<\/table>\n<\/div>\n<p>&nbsp;<\/p>\n<div class=\"table-responsive\">\n<table class=\"table table-striped\">\n<tbody>\n<tr>\n<td><strong>Este producto cumple o excede los requisitos de:<\/strong><\/td>\n<\/tr>\n<tr>\n<td>JASO DL-1<\/td>\n<\/tr>\n<tr>\n<td>API\u00a0SM Engine Test Requirements<\/td>\n<\/tr>\n<tr>\n<td>API\u00a0SN Engine Test Requirements<\/td>\n<\/tr>\n<\/tbody>\n<\/table>\n<\/div>\n","protected":false},"excerpt":{"rendered":"<div class=\"row\">\n<div class=\"col-12 breakpoints bp-xs bp-sm bp-md bp-lg bp-xl bp-max-xl\">\n<div class=\"special-screen-title clearfix\">\n<div class=\"special-screen-title-text\">\n<h3 class=\"strong\" style=\"text-align: left;\">\u00a0 \u00a0Mobil 1 ESP Formula 5W30<\/h3>\n<\/div>\n<\/div>\n<\/div>\n<\/div>\n<div id=\"divSubTitle\" class=\"row\" style=\"text-align: left;\">\n<div class=\"col-12 breakpoints bp-xs bp-sm bp-md bp-lg bp-xl bp-max-xl\">Aceites sint\u00e9ticos avanzados para motores<\/div>\n<\/div>\n<div id=\"divPDSContent\" class=\"row\">\n<div class=\"col-12 breakpoints bp-xs bp-sm bp-md bp-lg bp-xl bp-max-xl\">\n<h2 style=\"text-align: left;\"><\/h2>\n<p style=\"text-align: left;\">Mobil 1\u2122 ESP Formula 5W-30 es un avanzado aceite totalmente sint\u00e9tico para motores dise\u00f1ado para ayudar a proporcionar excepcional poder de limpieza, protecci\u00f3n contra el desgaste y desempe\u00f1o general. Mobil 1 ESP Formula 5W-30 ha sido expertamente dise\u00f1ado para ayudar a prolongar la vida \u00fatil y mantener la eficiencia de los sistemas de emisiones en autom\u00f3viles con motores tanto di\u00e9sel como de gasolina. Mobil 1 ESP Formula 5W-30 cumple o excede los requisitos de muchos de los est\u00e1ndares m\u00e1s importantes de la industria y de los fabricantes de autom\u00f3viles requeridos para motores modernos nuevos di\u00e9sel y de gasolina para autom\u00f3viles de pasajeros.<\/p>\n<\/div>\n<\/div>\n","protected":false},"featured_media":828,"comment_status":"open","ping_status":"closed","template":"","meta":[],"product_brand":[],"product_cat":[18],"product_tag":[],"class_list":{"0":"post-826","1":"product","2":"type-product","3":"status-publish","4":"has-post-thumbnail","6":"product_cat-aceites","7":"it-has-gallery","9":"first","10":"instock","11":"sale","12":"featured","13":"taxable","14":"shipping-taxable","15":"purchasable","16":"product-type-simple"},"jetpack_sharing_enabled":true,"jetpack_likes_enabled":true,"_links":{"self":[{"href":"https:\/\/petrocenter.cl\/web\/productos.php\/wp-json\/wp\/v2\/product\/826","targetHints":{"allow":["GET"]}}],"collection":[{"href":"https:\/\/petrocenter.cl\/web\/productos.php\/wp-json\/wp\/v2\/product"}],"about":[{"href":"https:\/\/petrocenter.cl\/web\/productos.php\/wp-json\/wp\/v2\/types\/product"}],"replies":[{"embeddable":true,"href":"https:\/\/petrocenter.cl\/web\/productos.php\/wp-json\/wp\/v2\/comments?post=826"}],"wp:featuredmedia":[{"embeddable":true,"href":"https:\/\/petrocenter.cl\/web\/productos.php\/wp-json\/wp\/v2\/media\/828"}],"wp:attachment":[{"href":"https:\/\/petrocenter.cl\/web\/productos.php\/wp-json\/wp\/v2\/media?parent=826"}],"wp:term":[{"taxonomy":"product_brand","embeddable":true,"href":"https:\/\/petrocenter.cl\/web\/productos.php\/wp-json\/wp\/v2\/product_brand?post=826"},{"taxonomy":"product_cat","embeddable":true,"href":"https:\/\/petrocenter.cl\/web\/productos.php\/wp-json\/wp\/v2\/product_cat?post=826"},{"taxonomy":"product_tag","embeddable":true,"href":"https:\/\/petrocenter.cl\/web\/productos.php\/wp-json\/wp\/v2\/product_tag?post=826"}],"curies":[{"name":"wp","href":"https:\/\/api.w.org\/{rel}","templated":true}]}}