{"id":494,"date":"2020-09-25T09:46:29","date_gmt":"2020-09-25T09:46:29","guid":{"rendered":"https:\/\/petrocenter.cl\/web\/productos.php\/?post_type=product&#038;p=494"},"modified":"2026-01-05T17:45:00","modified_gmt":"2026-01-05T17:45:00","slug":"estanque-transportable-diesel-440-lts-carrytank","status":"publish","type":"product","link":"https:\/\/petrocenter.cl\/web\/productos.php\/producto\/estanque-transportable-diesel-440-lts-carrytank\/","title":{"rendered":"Estanque transportable diesel Carrytank 450 litros"},"content":{"rendered":"<blockquote>\n<p style=\"padding-left: 40px;\">Caracter\u00edsticas T\u00e9cnicas<\/p>\n<\/blockquote>\n<p>El tanque port\u00e1til para petr\u00f3leo con unidad surtidora, es un equipo completo que permite el almacenamiento y suministro de petr\u00f3leo diesel en el punto que se le requiera.<br \/>\nCARRYTANK de Emiliana Serbatoi es ideal para surtir equipos pesados, tales como retroexcavadoras, equipos mineros, grupos electr\u00f3genos, tractores, trilladoras, etc., en el lugar mismo de su faena.<br \/>\nUn ahorro sustancial en el traslado de equipos hasta una estaci\u00f3n de servicio.<br \/>\nDentro del tanque hay una barrera separadora o rompe olas, evitando el movimiento del combustible durante el transporte.F\u00e1cil abastecimiento desde las estaciones de servicio.<br \/>\nSu forma ergonom\u00e9trica permite su cara estabilizada.<br \/>\nTransporte seguro y estable<\/p>\n<p>Tanque para gas\u00f3leo transportable de polietileno lineal con rotomoldeado,\u00a0<strong>con tapa bloqueable con candado reforzada\u00a0<\/strong>con tap\u00f3n de carga de aluminio, v\u00e1lvula de seguridad, grupo de trasvase, bocas para la elevaci\u00f3n a plena carga con horquillas, asas para la elevaci\u00f3n sin carga y alojamientos para la colocaci\u00f3n de correas de fijaci\u00f3n en la base de apoyo. Todos las aplicaciones son de aluminio o material compatible con el combustible Di\u00e9sel.<\/p>\n<div><strong>Caracter\u00edsticas generales<\/strong>:<\/div>\n<ul>\n<li>Capacidad nominal: 440 litros.<\/li>\n<li>Dimensiones: 1200 x 800 x H 785 mm.<\/li>\n<li>Peso sin carga: 40 Kg<\/li>\n<li>Peso sin carga con grupo de bomba 12 V: 52 Kg<\/li>\n<li>Espesor: 6,5 mm.<\/li>\n<li>Indicador de nivel.<\/li>\n<li>Tap\u00f3n de carga de aluminio de 2\u201d con v\u00e1lvula de seguridad incorporada<\/li>\n<\/ul>\n","protected":false},"excerpt":{"rendered":"<p style=\"padding-left: 120px; text-align: left;\">Equipamiento est\u00e1ndar<\/p>\n<p>Bomba Piusi modelo BP3000 12V. 50 lts\/min.<br \/>\nCable de alimentaci\u00f3n de 12 volts de 06 mts con pinzas para bater\u00eda.<br \/>\nManguera de suministro antiest\u00e1tica de 04 mts.<br \/>\nPistola marca Piusi modelo A60 con v\u00e1lvula de corte autom\u00e1tica y destorcedor<br \/>\nPurgador de aire que evita el derrame permitiendo el transporte seguro.<br \/>\nIndicador flotante de nivel de petr\u00f3leo en el estanque.<\/p>\n<p>Accesorios incluidos<\/p>\n<p>Cuenta litros digital Marca PIUSI modelo K-24 incluido<br \/>\nL\u00e1mpara LED. Luz interior que permite el abastecimiento en la oscuridad.<br \/>\nAccesorios de Seguridad<\/p>\n<p>1 Extintor de 10 Kgs ABC certificado para 40 BC.<br \/>\n2 Cintas de trincaje para sujetar el estanque al p\u00ecck up de la camioneta.<br \/>\nManual de operaci\u00f3n y seguridad.<br \/>\nSe\u00f1aletica conforme a Normativa vigente<\/p>\n<p>&nbsp;<\/p>\n<p>*Cu\u00f1as ya no van de serie con el equipo<\/p>\n[embed]https:\/\/youtu.be\/XL8Dlnn-K6Y[\/embed]\n","protected":false},"featured_media":1186,"comment_status":"open","ping_status":"closed","template":"","meta":[],"product_brand":[],"product_cat":[34,36],"product_tag":[],"class_list":{"0":"post-494","1":"product","2":"type-product","3":"status-publish","4":"has-post-thumbnail","6":"product_cat-estanques-de-combustible","7":"product_cat-estanques-de-combustible-diesel-transportable","8":"it-has-gallery","10":"first","11":"instock","12":"sale","13":"taxable","14":"shipping-taxable","15":"purchasable","16":"product-type-simple"},"jetpack_sharing_enabled":true,"jetpack_likes_enabled":true,"_links":{"self":[{"href":"https:\/\/petrocenter.cl\/web\/productos.php\/wp-json\/wp\/v2\/product\/494","targetHints":{"allow":["GET"]}}],"collection":[{"href":"https:\/\/petrocenter.cl\/web\/productos.php\/wp-json\/wp\/v2\/product"}],"about":[{"href":"https:\/\/petrocenter.cl\/web\/productos.php\/wp-json\/wp\/v2\/types\/product"}],"replies":[{"embeddable":true,"href":"https:\/\/petrocenter.cl\/web\/productos.php\/wp-json\/wp\/v2\/comments?post=494"}],"wp:featuredmedia":[{"embeddable":true,"href":"https:\/\/petrocenter.cl\/web\/productos.php\/wp-json\/wp\/v2\/media\/1186"}],"wp:attachment":[{"href":"https:\/\/petrocenter.cl\/web\/productos.php\/wp-json\/wp\/v2\/media?parent=494"}],"wp:term":[{"taxonomy":"product_brand","embeddable":true,"href":"https:\/\/petrocenter.cl\/web\/productos.php\/wp-json\/wp\/v2\/product_brand?post=494"},{"taxonomy":"product_cat","embeddable":true,"href":"https:\/\/petrocenter.cl\/web\/productos.php\/wp-json\/wp\/v2\/product_cat?post=494"},{"taxonomy":"product_tag","embeddable":true,"href":"https:\/\/petrocenter.cl\/web\/productos.php\/wp-json\/wp\/v2\/product_tag?post=494"}],"curies":[{"name":"wp","href":"https:\/\/api.w.org\/{rel}","templated":true}]}}