{"id":487,"date":"2020-09-14T00:16:20","date_gmt":"2020-09-14T00:16:20","guid":{"rendered":"https:\/\/petrocenter.cl\/web\/productos.php\/?post_type=product&#038;p=487"},"modified":"2025-10-10T18:15:50","modified_gmt":"2025-10-10T18:15:50","slug":"estanque-transportable-diesel-900-lts","status":"publish","type":"product","link":"https:\/\/petrocenter.cl\/web\/productos.php\/producto\/estanque-transportable-diesel-900-lts\/","title":{"rendered":"Estanque transportable Truckmaster diesel 12 volts 900 litros Resoluci\u00f3n SEC"},"content":{"rendered":"<p>Caracter\u00edsticas T\u00e9cnicas<\/p>\n<p>El tanque port\u00e1til para petr\u00f3leo con unidad surtidora, es un equipo completo que permite el almacenamiento y suministro de petr\u00f3leo di\u00e9sel\u00a0 en el punto que se le requiera.<br \/>\nTruckmaster es ideal para surtir equipos pesados, tales como retroexcavadoras, equipos mineros, grupos electr\u00f3genos, tractores, trilladoras, etc., en el lugar mismo de su faena.<br \/>\nUn ahorro sustancial en el traslado de equipos hasta una estaci\u00f3n de servicio.<br \/>\nDentro del tanque hay una barrera separadora o rompe olas, evitando el movimiento del combustible durante el transporte.<br \/>\nLos tanques de capacidad\u00a0 de 900 litros est\u00e1n fabricados en conformidad a los requisitos de la Normativa Europea ADR 2009 sobre el transporte internacional de mercanc\u00edas peligrosas por carreteras. \u201cTruckMaster 900 lts.\u201d Tiene el Certificado N\u00ba 413\/0\/575. \u201cTruckmaster 900 lts.\u201d Tiene el Certificado N\u00ba 448\/0\/1237.<br \/>\nF\u00e1cil abastecimiento desde las estaciones de servicio.<br \/>\nSu forma ergonom\u00e9trica permite su cara estabilizada.<br \/>\nTransporte seguro y estable<\/p>\n","protected":false},"excerpt":{"rendered":"<p style=\"text-align: left; padding-left: 40px;\">Equipamiento est\u00e1ndar<\/p>\n<p>Bomba Piusi modelo Bp3000 12V. 50 lts\/min.<br \/>\nCable de alimentaci\u00f3n de 12 volts de 06 mts con pinzas para bater\u00eda.<br \/>\nManguera de suministro antiest\u00e1tica de 04 mts.<br \/>\nPistola marca Piusi modelo A60 con v\u00e1lvula de corte autom\u00e1tica y destorcedor incorporado.<br \/>\n&#8211; 4 grilletes que permiten un izaje seguro del estanque sin combustible.<br \/>\n&#8211; Purgador de aire que evita el derrame permitiendo el transporte seguro.<br \/>\n&#8211; Indicador flotante de nivel de petr\u00f3leo en el estanque.<br \/>\n&#8211; Tapa con llave para un cierre herm\u00e9tico.<br \/>\nAccesorios incluidos<\/p>\n<p>Cuenta litros digital Marca PIUSI modelo K-24 incluido por la compra de cualquier capacidad de TruckMaster.<br \/>\nL\u00e1mpara LED. Luz interior que permite el abastecimiento en la oscuridad.<br \/>\nAccesorios de Seguridad<\/p>\n<p>01 Extintor de 10 Kgs ABC certificado para 40 BC.<br \/>\n02 Cintas de trincaje para sujetar el estanque al p\u00ecck up de la camioneta.<br \/>\nManual de operaci\u00f3n y seguridad.<br \/>\nSe\u00f1aletica conforme a Normativa Vigente SEC<\/p>\n","protected":false},"featured_media":1339,"comment_status":"open","ping_status":"closed","template":"","meta":[],"product_brand":[],"product_cat":[34,36],"product_tag":[],"class_list":{"0":"post-487","1":"product","2":"type-product","3":"status-publish","4":"has-post-thumbnail","6":"product_cat-estanques-de-combustible","7":"product_cat-estanques-de-combustible-diesel-transportable","8":"it-has-gallery","10":"first","11":"instock","12":"sale","13":"featured","14":"taxable","15":"shipping-taxable","16":"purchasable","17":"product-type-simple"},"jetpack_sharing_enabled":true,"jetpack_likes_enabled":true,"_links":{"self":[{"href":"https:\/\/petrocenter.cl\/web\/productos.php\/wp-json\/wp\/v2\/product\/487","targetHints":{"allow":["GET"]}}],"collection":[{"href":"https:\/\/petrocenter.cl\/web\/productos.php\/wp-json\/wp\/v2\/product"}],"about":[{"href":"https:\/\/petrocenter.cl\/web\/productos.php\/wp-json\/wp\/v2\/types\/product"}],"replies":[{"embeddable":true,"href":"https:\/\/petrocenter.cl\/web\/productos.php\/wp-json\/wp\/v2\/comments?post=487"}],"wp:featuredmedia":[{"embeddable":true,"href":"https:\/\/petrocenter.cl\/web\/productos.php\/wp-json\/wp\/v2\/media\/1339"}],"wp:attachment":[{"href":"https:\/\/petrocenter.cl\/web\/productos.php\/wp-json\/wp\/v2\/media?parent=487"}],"wp:term":[{"taxonomy":"product_brand","embeddable":true,"href":"https:\/\/petrocenter.cl\/web\/productos.php\/wp-json\/wp\/v2\/product_brand?post=487"},{"taxonomy":"product_cat","embeddable":true,"href":"https:\/\/petrocenter.cl\/web\/productos.php\/wp-json\/wp\/v2\/product_cat?post=487"},{"taxonomy":"product_tag","embeddable":true,"href":"https:\/\/petrocenter.cl\/web\/productos.php\/wp-json\/wp\/v2\/product_tag?post=487"}],"curies":[{"name":"wp","href":"https:\/\/api.w.org\/{rel}","templated":true}]}}