{"id":476,"date":"2020-07-10T12:06:55","date_gmt":"2020-07-10T12:06:55","guid":{"rendered":"https:\/\/petrocenter.cl\/web\/productos.php\/?post_type=product&#038;p=476"},"modified":"2023-10-18T13:30:48","modified_gmt":"2023-10-18T13:30:48","slug":"hyundai-xteer-5w-30-6-lts-dpf","status":"publish","type":"product","link":"https:\/\/petrocenter.cl\/web\/productos.php\/producto\/hyundai-xteer-5w-30-6-lts-dpf\/","title":{"rendered":"HYUNDAI XTEER DIESEL ULTRA 5W-30 ACEA C3 6 lts DPF"},"content":{"rendered":"<p><strong>Hyundai XTeer diesel Ultra\u00a0 5W30<\/strong>\u00a0es un lubricante 100% sint\u00e9tico dise\u00f1ado para optimizar la operaci\u00f3n de todos los motores a\u00a0<strong>gasolina y diesel<\/strong>, equipados con sistemas de tratamiento de emisiones tales como convertidores catal\u00edticos de tres v\u00edas y filtros de part\u00edculas diesel (DPF), garantizando el cumplimento de los m\u00e1s altos est\u00e1ndares ambientales y la extensi\u00f3n de la vida \u00fatil de los componentes del motor.<\/p>\n<blockquote><p>&nbsp;<\/p><\/blockquote>\n","protected":false},"excerpt":{"rendered":"<p><strong>Precio v\u00e1lido s\u00f3lo por compra en nuestra tienda online<\/strong><\/p>\n","protected":false},"featured_media":477,"comment_status":"open","ping_status":"closed","template":"","meta":[],"product_brand":[],"product_cat":[18],"product_tag":[],"class_list":{"0":"post-476","1":"product","2":"type-product","3":"status-publish","4":"has-post-thumbnail","6":"product_cat-aceites","8":"first","9":"outofstock","10":"taxable","11":"shipping-taxable","12":"purchasable","13":"product-type-simple"},"jetpack_sharing_enabled":true,"jetpack_likes_enabled":true,"_links":{"self":[{"href":"https:\/\/petrocenter.cl\/web\/productos.php\/wp-json\/wp\/v2\/product\/476","targetHints":{"allow":["GET"]}}],"collection":[{"href":"https:\/\/petrocenter.cl\/web\/productos.php\/wp-json\/wp\/v2\/product"}],"about":[{"href":"https:\/\/petrocenter.cl\/web\/productos.php\/wp-json\/wp\/v2\/types\/product"}],"replies":[{"embeddable":true,"href":"https:\/\/petrocenter.cl\/web\/productos.php\/wp-json\/wp\/v2\/comments?post=476"}],"wp:featuredmedia":[{"embeddable":true,"href":"https:\/\/petrocenter.cl\/web\/productos.php\/wp-json\/wp\/v2\/media\/477"}],"wp:attachment":[{"href":"https:\/\/petrocenter.cl\/web\/productos.php\/wp-json\/wp\/v2\/media?parent=476"}],"wp:term":[{"taxonomy":"product_brand","embeddable":true,"href":"https:\/\/petrocenter.cl\/web\/productos.php\/wp-json\/wp\/v2\/product_brand?post=476"},{"taxonomy":"product_cat","embeddable":true,"href":"https:\/\/petrocenter.cl\/web\/productos.php\/wp-json\/wp\/v2\/product_cat?post=476"},{"taxonomy":"product_tag","embeddable":true,"href":"https:\/\/petrocenter.cl\/web\/productos.php\/wp-json\/wp\/v2\/product_tag?post=476"}],"curies":[{"name":"wp","href":"https:\/\/api.w.org\/{rel}","templated":true}]}}