{"id":430,"date":"2020-05-25T23:10:28","date_gmt":"2020-05-25T23:10:28","guid":{"rendered":"https:\/\/petrocenter.cl\/web\/productos.php\/?post_type=product&#038;p=430"},"modified":"2023-01-19T22:20:45","modified_gmt":"2023-01-19T22:20:45","slug":"neumatico-215-70-r15-98h-catchgre-gp100-windforce","status":"publish","type":"product","link":"https:\/\/petrocenter.cl\/web\/productos.php\/producto\/neumatico-215-70-r15-98h-catchgre-gp100-windforce\/","title":{"rendered":"Neum\u00e1tico 215\/70 R15 98H CATCHGRE GP100 WINDFORCE"},"content":{"rendered":"<p>El Neum\u00e1tico 215\/70 R15 98H CATCHGRE GP100 con cuatro ranuras en las bandas anchas circunferenciales proporcionan estabilidad en la conducci\u00f3n y ofrecen un excelente rendimiento en condiciones de humedad. Ranuras mejoradas y dise\u00f1o perfil del cord\u00f3n ofrecen una mejor estabilidad en la conducci\u00f3n, resistencia y rendimiento en el manejo. Los bloques de banda continuos en ambos hombros le dan un gran apoyo para mejorar la estabilidad en las curvas y los hombros cerrados le brindan un excelente paseo tranquilo. Un segmento central s\u00f3lido continuo y tacos laterales conectados por el sistema rib-in-chain ayudan a mejorar la estabilidad de direcci\u00f3n, disminuirlos desplazamientos de bloques y reducir la p\u00e9rdida de energ\u00eda. Compuesto de caucho especial ofrece un excelente agarre tanto en carreteras secas y mojadas y ayuda a obtener un mayor kilometraje.<\/p>\n","protected":false},"excerpt":{"rendered":"<p>El Neum\u00e1tico 215\/70 R15 98H CATCHGRE GP100 con cuatro ranuras en las bandas anchas circunferenciales proporcionan estabilidad en la conducci\u00f3n&hellip;<\/p>\n","protected":false},"featured_media":431,"comment_status":"open","ping_status":"closed","template":"","meta":[],"product_brand":[],"product_cat":[45,38],"product_tag":[],"class_list":{"0":"post-430","1":"product","2":"type-product","3":"status-publish","4":"has-post-thumbnail","6":"product_cat-liquidacion","7":"product_cat-neumaticos","9":"first","10":"outofstock","11":"taxable","12":"shipping-taxable","13":"purchasable","14":"product-type-simple"},"jetpack_sharing_enabled":true,"jetpack_likes_enabled":true,"_links":{"self":[{"href":"https:\/\/petrocenter.cl\/web\/productos.php\/wp-json\/wp\/v2\/product\/430","targetHints":{"allow":["GET"]}}],"collection":[{"href":"https:\/\/petrocenter.cl\/web\/productos.php\/wp-json\/wp\/v2\/product"}],"about":[{"href":"https:\/\/petrocenter.cl\/web\/productos.php\/wp-json\/wp\/v2\/types\/product"}],"replies":[{"embeddable":true,"href":"https:\/\/petrocenter.cl\/web\/productos.php\/wp-json\/wp\/v2\/comments?post=430"}],"wp:featuredmedia":[{"embeddable":true,"href":"https:\/\/petrocenter.cl\/web\/productos.php\/wp-json\/wp\/v2\/media\/431"}],"wp:attachment":[{"href":"https:\/\/petrocenter.cl\/web\/productos.php\/wp-json\/wp\/v2\/media?parent=430"}],"wp:term":[{"taxonomy":"product_brand","embeddable":true,"href":"https:\/\/petrocenter.cl\/web\/productos.php\/wp-json\/wp\/v2\/product_brand?post=430"},{"taxonomy":"product_cat","embeddable":true,"href":"https:\/\/petrocenter.cl\/web\/productos.php\/wp-json\/wp\/v2\/product_cat?post=430"},{"taxonomy":"product_tag","embeddable":true,"href":"https:\/\/petrocenter.cl\/web\/productos.php\/wp-json\/wp\/v2\/product_tag?post=430"}],"curies":[{"name":"wp","href":"https:\/\/api.w.org\/{rel}","templated":true}]}}