{"id":427,"date":"2020-05-25T22:57:40","date_gmt":"2020-05-25T22:57:40","guid":{"rendered":"https:\/\/petrocenter.cl\/web\/productos.php\/?post_type=product&#038;p=427"},"modified":"2023-01-19T22:20:45","modified_gmt":"2023-01-19T22:20:45","slug":"neumatico-185-r14-8pr-lm-c5-linglong","status":"publish","type":"product","link":"https:\/\/petrocenter.cl\/web\/productos.php\/producto\/neumatico-185-r14-8pr-lm-c5-linglong\/","title":{"rendered":"Neum\u00e1tico 185 R14 8PR LM-C5 LINGLONG"},"content":{"rendered":"<p>Linglong Modelos LM-C Los Neum\u00e1tico 185 R14 8PR Linglong LM-C, son catalogados como neum\u00e1ticos para Light Truks. La alta tecnolog\u00eda aplicada en estos modelos, les permite ser usados en todo tipo de terrenos, dando una garant\u00eda de alta durabilidad y alta resistencia.<\/p>\n","protected":false},"excerpt":{"rendered":"<p>Linglong Modelos LM-C Los Neum\u00e1tico 185 R14 8PR Linglong LM-C, son catalogados como neum\u00e1ticos para Light Truks. La alta tecnolog\u00eda&hellip;<\/p>\n","protected":false},"featured_media":429,"comment_status":"open","ping_status":"closed","template":"","meta":[],"product_brand":[],"product_cat":[38],"product_tag":[],"class_list":{"0":"post-427","1":"product","2":"type-product","3":"status-publish","4":"has-post-thumbnail","6":"product_cat-neumaticos","8":"first","9":"outofstock","10":"taxable","11":"shipping-taxable","12":"purchasable","13":"product-type-simple"},"jetpack_sharing_enabled":true,"jetpack_likes_enabled":true,"_links":{"self":[{"href":"https:\/\/petrocenter.cl\/web\/productos.php\/wp-json\/wp\/v2\/product\/427","targetHints":{"allow":["GET"]}}],"collection":[{"href":"https:\/\/petrocenter.cl\/web\/productos.php\/wp-json\/wp\/v2\/product"}],"about":[{"href":"https:\/\/petrocenter.cl\/web\/productos.php\/wp-json\/wp\/v2\/types\/product"}],"replies":[{"embeddable":true,"href":"https:\/\/petrocenter.cl\/web\/productos.php\/wp-json\/wp\/v2\/comments?post=427"}],"wp:featuredmedia":[{"embeddable":true,"href":"https:\/\/petrocenter.cl\/web\/productos.php\/wp-json\/wp\/v2\/media\/429"}],"wp:attachment":[{"href":"https:\/\/petrocenter.cl\/web\/productos.php\/wp-json\/wp\/v2\/media?parent=427"}],"wp:term":[{"taxonomy":"product_brand","embeddable":true,"href":"https:\/\/petrocenter.cl\/web\/productos.php\/wp-json\/wp\/v2\/product_brand?post=427"},{"taxonomy":"product_cat","embeddable":true,"href":"https:\/\/petrocenter.cl\/web\/productos.php\/wp-json\/wp\/v2\/product_cat?post=427"},{"taxonomy":"product_tag","embeddable":true,"href":"https:\/\/petrocenter.cl\/web\/productos.php\/wp-json\/wp\/v2\/product_tag?post=427"}],"curies":[{"name":"wp","href":"https:\/\/api.w.org\/{rel}","templated":true}]}}