{"id":406,"date":"2020-04-26T13:50:17","date_gmt":"2020-04-26T13:50:17","guid":{"rendered":"https:\/\/petrocenter.cl\/web\/productos.php\/?post_type=product&#038;p=406"},"modified":"2025-10-24T20:07:21","modified_gmt":"2025-10-24T20:07:21","slug":"total-quartz-ineo-first-0w-30-1-lts","status":"publish","type":"product","link":"https:\/\/petrocenter.cl\/web\/productos.php\/producto\/total-quartz-ineo-first-0w-30-1-lts\/","title":{"rendered":"Total quartz ineo first 0W30 1 litro"},"content":{"rendered":"<p>Lubricante sint\u00e9tico para motor usado por el Grupo PSA (PEUGEOT, CITRO\u00cbN y DS) en su primer llenado y recomendado por el Grupo PSA en la post-venta.<br \/>\nTOTAL QUARTZ INEO FIRST 0W-30 est\u00e1 especialmente adaptado a las motorizaciones recientes BlueHDi del Grupo PSA equipadas con la tecnolog\u00eda SCR (Selective Catalytic Reduction) que tratan los NOx gracias al AdBlue\u00ae.<br \/>\nTOTAL QUARTZ INEO FIRST 0W-30 est\u00e1 especialmente adaptado a las motorizaciones con sistemas Stop &amp; Start y motorizaciones h\u00edbridas, que requieren un lubricante de nueva generaci\u00f3n ACEA C1 viscosidad 0W-30.<\/p>\n<p>Este lubricante proporciona la m\u00e1xima protecci\u00f3n posible contra el desgaste y el enmugrecimiento. Protege y alarga la vida de los sistemas de post-tratamientos, gracias a su formulaci\u00f3n &#8220;Low SAPS&#8221; (bajo contenido en cenizas sulfatadas, f\u00f3sforo y contenido en azufre).<\/p>\n","protected":false},"excerpt":{"rendered":"<div class=\"showBlock hidden bloc-mob rel tt0-9 p0-5 header-clr open\" style=\"text-align: center;\" data-do=\"mobCollapsible\">Normas y homologaciones<\/div>\n<div id=\"norms\" class=\"tab-content mt1 arialFont open\">\n<div class=\"bloc-bg-clr pr1 pl1 pt0-5 pb0-5\">\n<div class=\"normes-without\">\n<h3 class=\"bloc mb1 subtitle-clr tt0-87 bold\">Clasificaci\u00f3n internacional<\/h3>\n<ul>\n<li><strong>ACEA :\u00a0<\/strong>ACEA C1<\/li>\n<\/ul>\n<\/div>\n<div class=\"normes-manufacturers\">\n<h3 class=\"bloc mb1 subtitle-clr tt0-87 bold\">Especificaciones de constructores<\/h3>\n<ul>\n<li><strong>Approved :\u00a0<\/strong><br \/>\n<strong>PSA :<\/strong>\u00a0PSA B71 2312 ,PSA B71 2302 (China)<\/li>\n<li><strong>Meets the requirement of :\u00a0<\/strong><br \/>\n<strong>JAGUAR LAND ROVER :<\/strong>\u00a0STJLR.03.5007<\/li>\n<li><strong>Suitable for :\u00a0<\/strong><br \/>\n<strong>TOYOTA :<\/strong>\u00a0TOYOTA<\/li>\n<\/ul>\n<\/div>\n<\/div>\n<\/div>\n","protected":false},"featured_media":875,"comment_status":"open","ping_status":"closed","template":"","meta":[],"product_brand":[],"product_cat":[18],"product_tag":[],"class_list":{"0":"post-406","1":"product","2":"type-product","3":"status-publish","4":"has-post-thumbnail","6":"product_cat-aceites","7":"it-has-gallery","9":"first","10":"outofstock","11":"taxable","12":"shipping-taxable","13":"purchasable","14":"product-type-simple"},"jetpack_sharing_enabled":true,"jetpack_likes_enabled":true,"_links":{"self":[{"href":"https:\/\/petrocenter.cl\/web\/productos.php\/wp-json\/wp\/v2\/product\/406","targetHints":{"allow":["GET"]}}],"collection":[{"href":"https:\/\/petrocenter.cl\/web\/productos.php\/wp-json\/wp\/v2\/product"}],"about":[{"href":"https:\/\/petrocenter.cl\/web\/productos.php\/wp-json\/wp\/v2\/types\/product"}],"replies":[{"embeddable":true,"href":"https:\/\/petrocenter.cl\/web\/productos.php\/wp-json\/wp\/v2\/comments?post=406"}],"wp:featuredmedia":[{"embeddable":true,"href":"https:\/\/petrocenter.cl\/web\/productos.php\/wp-json\/wp\/v2\/media\/875"}],"wp:attachment":[{"href":"https:\/\/petrocenter.cl\/web\/productos.php\/wp-json\/wp\/v2\/media?parent=406"}],"wp:term":[{"taxonomy":"product_brand","embeddable":true,"href":"https:\/\/petrocenter.cl\/web\/productos.php\/wp-json\/wp\/v2\/product_brand?post=406"},{"taxonomy":"product_cat","embeddable":true,"href":"https:\/\/petrocenter.cl\/web\/productos.php\/wp-json\/wp\/v2\/product_cat?post=406"},{"taxonomy":"product_tag","embeddable":true,"href":"https:\/\/petrocenter.cl\/web\/productos.php\/wp-json\/wp\/v2\/product_tag?post=406"}],"curies":[{"name":"wp","href":"https:\/\/api.w.org\/{rel}","templated":true}]}}