{"id":315,"date":"2020-04-08T22:31:42","date_gmt":"2020-04-08T22:31:42","guid":{"rendered":"https:\/\/petrocenter.cl\/web\/productos.php\/?post_type=product&#038;p=315"},"modified":"2023-06-30T12:00:56","modified_gmt":"2023-06-30T12:00:56","slug":"motorbike-2t-synth-offroad-race-1-lt","status":"publish","type":"product","link":"https:\/\/petrocenter.cl\/web\/productos.php\/producto\/motorbike-2t-synth-offroad-race-1-lt\/","title":{"rendered":"Motorbike 2T synth offroad race 1 lt"},"content":{"rendered":"<p>Aceite de motor sint\u00e9tico de alto rendimiento. M\u00e1xima potencia y protecci\u00f3n del motor en todas las condiciones de servicio. Garantiza una lubricaci\u00f3n \u00f3ptima, una excelente limpieza del motor, magn\u00edficos valores de fricci\u00f3n y un desgaste m\u00ednimo, as\u00ed como una reducida formaci\u00f3n de humos. Todo ello tiene como resultado un mayor placer de conducci\u00f3n. Sometido a prueba en catalizadores. Sometido a prueba en circuitos.<\/p>\n","protected":false},"excerpt":{"rendered":"<p>Aceite totalmente sint\u00e9tico para motocicletas con motores de 2-T<br \/>\nEspecialmente desarrollado para motores de 2 tiempos con refrigeraci\u00f3n de aire y agua sometidos a condiciones de uso extremas en el uso todoterreno. Para conducci\u00f3n deportiva. Apto para motocicletas de enduro y motocross, as\u00ed como para quads, SxS y motonieves con lubricaci\u00f3n separada o por mezcla. Automezclante. Relaci\u00f3n de mezcla de hasta 1:100 seg\u00fan las instrucciones de uso. Verter el contenido del envase en el dep\u00f3sito de combustible y repostar combustible seg\u00fan la relaci\u00f3n de mezcla. Los componentes se mezclan de forma aut\u00f3noma. En la lubricaci\u00f3n separada, verter el contenido del envase en el dep\u00f3sito de aceite. El aceite se mezcla con el combustible a trav\u00e9s del dispositivo de dosificaci\u00f3n.<\/p>\n","protected":false},"featured_media":316,"comment_status":"open","ping_status":"closed","template":"","meta":[],"product_brand":[],"product_cat":[18],"product_tag":[],"class_list":{"0":"post-315","1":"product","2":"type-product","3":"status-publish","4":"has-post-thumbnail","6":"product_cat-aceites","8":"first","9":"outofstock","10":"taxable","11":"shipping-taxable","12":"purchasable","13":"product-type-simple"},"jetpack_sharing_enabled":true,"jetpack_likes_enabled":true,"_links":{"self":[{"href":"https:\/\/petrocenter.cl\/web\/productos.php\/wp-json\/wp\/v2\/product\/315","targetHints":{"allow":["GET"]}}],"collection":[{"href":"https:\/\/petrocenter.cl\/web\/productos.php\/wp-json\/wp\/v2\/product"}],"about":[{"href":"https:\/\/petrocenter.cl\/web\/productos.php\/wp-json\/wp\/v2\/types\/product"}],"replies":[{"embeddable":true,"href":"https:\/\/petrocenter.cl\/web\/productos.php\/wp-json\/wp\/v2\/comments?post=315"}],"wp:featuredmedia":[{"embeddable":true,"href":"https:\/\/petrocenter.cl\/web\/productos.php\/wp-json\/wp\/v2\/media\/316"}],"wp:attachment":[{"href":"https:\/\/petrocenter.cl\/web\/productos.php\/wp-json\/wp\/v2\/media?parent=315"}],"wp:term":[{"taxonomy":"product_brand","embeddable":true,"href":"https:\/\/petrocenter.cl\/web\/productos.php\/wp-json\/wp\/v2\/product_brand?post=315"},{"taxonomy":"product_cat","embeddable":true,"href":"https:\/\/petrocenter.cl\/web\/productos.php\/wp-json\/wp\/v2\/product_cat?post=315"},{"taxonomy":"product_tag","embeddable":true,"href":"https:\/\/petrocenter.cl\/web\/productos.php\/wp-json\/wp\/v2\/product_tag?post=315"}],"curies":[{"name":"wp","href":"https:\/\/api.w.org\/{rel}","templated":true}]}}