{"id":310,"date":"2020-04-07T19:50:35","date_gmt":"2020-04-07T19:50:35","guid":{"rendered":"https:\/\/petrocenter.cl\/web\/productos.php\/?post_type=product&#038;p=310"},"modified":"2025-04-01T11:43:26","modified_gmt":"2025-04-01T11:43:26","slug":"motul-syn-clean-5w30-bidon-4-lts","status":"publish","type":"product","link":"https:\/\/petrocenter.cl\/web\/productos.php\/producto\/motul-syn-clean-5w30-bidon-4-lts\/","title":{"rendered":"Motul Syn-clean 5w30 bidon 5 litros"},"content":{"rendered":"<p>Lubricante Technosynthese\u00ae de altas prestaciones y elevada protecci\u00f3n. Recomendado para CHRYSLER, GM-Opel, MERCEDES y VAG (Volkswagen, Audi Skoda y Seat). Especialmente dise\u00f1ado para los veh\u00edculos de \u00faltima generaci\u00f3n, equipados con motores gasolina y di\u00e9sel, atmosf\u00e9rico o turbo, inyecci\u00f3n directa o indirecta, que respondan a las normas anticontaminantes EURO 4, EURO 5 o EURO 6, y que exijan un aceite ACEA C3, donde se diga alta viscosidad HTHS (&gt;3.5 mPa.s) y &#8220;Mid SAPS&#8221;, con un contenido en Cenizas Sulfatadas (\u2264 0.8%), Fosforo (0.07 \u2264 x \u2264 0.09 %) y Azufre (\u2264 0.3%). Compatible con los sistemas post catal\u00edticos (CAT) y los filtros de part\u00edculas (FAP o DPF).<\/p>\n","protected":false},"excerpt":{"rendered":"<p>MB-APPROVAL 229.51 ; CHRYSLER MS 11106 ; GM DEXOS2\u00ae (REPLACES GM-LL-A-025 &amp; B-025) ; VW 502 00 \u2013 505 01<\/p>\n<p>&nbsp;<\/p>\n<p>OFERTA V\u00c1LIDA SOLO\u00a0 VENTA ONLINE<\/p>\n","protected":false},"featured_media":311,"comment_status":"open","ping_status":"closed","template":"","meta":[],"product_brand":[],"product_cat":[18],"product_tag":[],"class_list":{"0":"post-310","1":"product","2":"type-product","3":"status-publish","4":"has-post-thumbnail","6":"product_cat-aceites","7":"it-has-gallery","9":"first","10":"outofstock","11":"sale","12":"taxable","13":"shipping-taxable","14":"purchasable","15":"product-type-simple"},"jetpack_sharing_enabled":true,"jetpack_likes_enabled":true,"_links":{"self":[{"href":"https:\/\/petrocenter.cl\/web\/productos.php\/wp-json\/wp\/v2\/product\/310","targetHints":{"allow":["GET"]}}],"collection":[{"href":"https:\/\/petrocenter.cl\/web\/productos.php\/wp-json\/wp\/v2\/product"}],"about":[{"href":"https:\/\/petrocenter.cl\/web\/productos.php\/wp-json\/wp\/v2\/types\/product"}],"replies":[{"embeddable":true,"href":"https:\/\/petrocenter.cl\/web\/productos.php\/wp-json\/wp\/v2\/comments?post=310"}],"wp:featuredmedia":[{"embeddable":true,"href":"https:\/\/petrocenter.cl\/web\/productos.php\/wp-json\/wp\/v2\/media\/311"}],"wp:attachment":[{"href":"https:\/\/petrocenter.cl\/web\/productos.php\/wp-json\/wp\/v2\/media?parent=310"}],"wp:term":[{"taxonomy":"product_brand","embeddable":true,"href":"https:\/\/petrocenter.cl\/web\/productos.php\/wp-json\/wp\/v2\/product_brand?post=310"},{"taxonomy":"product_cat","embeddable":true,"href":"https:\/\/petrocenter.cl\/web\/productos.php\/wp-json\/wp\/v2\/product_cat?post=310"},{"taxonomy":"product_tag","embeddable":true,"href":"https:\/\/petrocenter.cl\/web\/productos.php\/wp-json\/wp\/v2\/product_tag?post=310"}],"curies":[{"name":"wp","href":"https:\/\/api.w.org\/{rel}","templated":true}]}}