{"id":305,"date":"2020-04-07T12:25:41","date_gmt":"2020-04-07T12:25:41","guid":{"rendered":"https:\/\/petrocenter.cl\/web\/productos.php\/?post_type=product&#038;p=305"},"modified":"2023-03-01T19:49:17","modified_gmt":"2023-03-01T19:49:17","slug":"mobil-super-3000-xe-5w30-bidon-4-lts","status":"publish","type":"product","link":"https:\/\/petrocenter.cl\/web\/productos.php\/producto\/mobil-super-3000-xe-5w30-bidon-4-lts\/","title":{"rendered":"Mobil super 3000 xe 5w30 bidon 4 lts"},"content":{"rendered":"<p>Mobil Super 3000 XE 5W30<br \/>\nMobil passenger-vehicle-lube , Argentina<\/p>\n<p>Descripci\u00f3n del producto<br \/>\nMobil Super 3000 XE 5W-30 es un aceite sint\u00e9tico de alto desempe\u00f1o para motores con muy bajo contenido de cenizas dise\u00f1ado para ayudar a prolongar la vida \u00fatil y mantener la eficiencia de los sistemas de reducci\u00f3n de emisiones de escape en autom\u00f3viles con motores tanto di\u00e9sel como de gasolina.<\/p>\n<p>Propiedades y beneficios<br \/>\n\u2022 Ayuda a mantener la eficiencia de los sistemas de reducci\u00f3n de emisiones de escape de los veh\u00edculos di\u00e9sel y de gasolina.<\/p>\n<p>\u2022 Permite la operaci\u00f3n prolongada a temperaturas elevadas sin espesamiento oxidativo del aceite o degradaci\u00f3n de este.<\/p>\n<p>\u2022 Proporciona una excelente fluidez a bajas temperaturas lo cual permite un arranque f\u00e1cil en el invierno y una r\u00e1pida circulaci\u00f3n del aceite alrededor del motor.<\/p>\n<p>\u2022 Apto para utilizarse en autom\u00f3viles de pasajeros y veh\u00edculos comerciales livianos con motores tanto de gasolina como di\u00e9sel.<\/p>\n","protected":false},"excerpt":{"rendered":"<p>Aplicaciones<br \/>\nMobil Super 3000 XE 5W-30 ha sido desarrollado para cumplir con las m\u00e1s recientes especificaciones para aceites de motor requeridas por los fabricantes de autom\u00f3viles m\u00e1s importantes y es compatible con la mayor\u00eda de los \u00faltimos filtros de part\u00edculas di\u00e9sel y con todos los convertidores catal\u00edticos de gasolina.<\/p>\n<p>Mobil Super 3000 XE 5W-30 ofrece un excelente desempe\u00f1o tanto a muy altas como a muy bajas temperaturas de operaci\u00f3n y una protecci\u00f3n a largo plazo del motor contra el desgaste y la acumulaci\u00f3n de lodos y dep\u00f3sitos.<\/p>\n<p>Mobil Super 3000 XE 5W-30 es especialmente recomendado por ExxonMobil para su uso en veh\u00edculos Mercedes-Benz (que requieren un producto con aprobaci\u00f3n MB 229.31, 229.51 o 229.52) y en los veh\u00edculos Volkswagen (que requieren un producto con la aprobaci\u00f3n VW 505 00).<\/p>\n<p>Mobil Super 3000 XE 5W-30 tambi\u00e9n es recomendado por ExxonMobil para usarse en motores con bomba pulsatoria Volkswagen TDI (intervalos de cambio de aceite: 15000 km \/ 1 a\u00f1o) que requiere una aprobaci\u00f3n VW 505 01 y en el motor turbo di\u00e9sel Ford Galaxy 1.9L que requiere una aprobaci\u00f3n VW 505 01 o Ford WSS-M2C917-A.<\/p>\n<p>Mobil S\u00faper 3000 XE 5W-30 cuenta con la aprobaci\u00f3n General Motors Service Fill dexos2\u2122, que se requiere para todos los nuevos modelos 2010 de motores di\u00e9sel y gasolina de GM\/Opel\/Vauxhall\/Chevrolet. GM\/Opel ha informado que la especificaci\u00f3n dexos2\u2122 es compatible con las especificaciones m\u00e1s antiguas de GM\/Opel (GM-LL-A-025 y GM-B-LL-025). La mayor\u00eda de los veh\u00edculos GM\/Opel\/Vauxhall\/Chevrolet con motores di\u00e9sel y de gasolina pueden utilizar los lubricantes dexos2\u2122.<\/p>\n","protected":false},"featured_media":187,"comment_status":"open","ping_status":"closed","template":"","meta":[],"product_brand":[],"product_cat":[18],"product_tag":[],"class_list":{"0":"post-305","1":"product","2":"type-product","3":"status-publish","4":"has-post-thumbnail","6":"product_cat-aceites","8":"first","9":"instock","10":"sale","11":"taxable","12":"shipping-taxable","13":"purchasable","14":"product-type-simple"},"jetpack_sharing_enabled":true,"jetpack_likes_enabled":true,"_links":{"self":[{"href":"https:\/\/petrocenter.cl\/web\/productos.php\/wp-json\/wp\/v2\/product\/305","targetHints":{"allow":["GET"]}}],"collection":[{"href":"https:\/\/petrocenter.cl\/web\/productos.php\/wp-json\/wp\/v2\/product"}],"about":[{"href":"https:\/\/petrocenter.cl\/web\/productos.php\/wp-json\/wp\/v2\/types\/product"}],"replies":[{"embeddable":true,"href":"https:\/\/petrocenter.cl\/web\/productos.php\/wp-json\/wp\/v2\/comments?post=305"}],"wp:featuredmedia":[{"embeddable":true,"href":"https:\/\/petrocenter.cl\/web\/productos.php\/wp-json\/wp\/v2\/media\/187"}],"wp:attachment":[{"href":"https:\/\/petrocenter.cl\/web\/productos.php\/wp-json\/wp\/v2\/media?parent=305"}],"wp:term":[{"taxonomy":"product_brand","embeddable":true,"href":"https:\/\/petrocenter.cl\/web\/productos.php\/wp-json\/wp\/v2\/product_brand?post=305"},{"taxonomy":"product_cat","embeddable":true,"href":"https:\/\/petrocenter.cl\/web\/productos.php\/wp-json\/wp\/v2\/product_cat?post=305"},{"taxonomy":"product_tag","embeddable":true,"href":"https:\/\/petrocenter.cl\/web\/productos.php\/wp-json\/wp\/v2\/product_tag?post=305"}],"curies":[{"name":"wp","href":"https:\/\/api.w.org\/{rel}","templated":true}]}}