{"id":271,"date":"2020-04-04T10:58:55","date_gmt":"2020-04-04T10:58:55","guid":{"rendered":"https:\/\/petrocenter.cl\/web\/productos.php\/?post_type=product&#038;p=271"},"modified":"2023-03-20T15:02:32","modified_gmt":"2023-03-20T15:02:32","slug":"total-atf-fluide-xld-fe-1-litro","status":"publish","type":"product","link":"https:\/\/petrocenter.cl\/web\/productos.php\/producto\/total-atf-fluide-xld-fe-1-litro\/","title":{"rendered":"Total ATF fluidematic xld fe 1 litro"},"content":{"rendered":"<p>Nueva generaci\u00f3n de fluidos para transmisiones autom\u00e1ticas basados en una tecnolog\u00eda semisint\u00e9tica avanzada que permite intervalos de sustituci\u00f3n maximizados y muy altas prestaciones necesarias para los requerimientos demandados en las cajas autom\u00e1ticas modernas de veh\u00edculos pesados.<br \/>\nEst\u00e1 particularmente recomendado para su uso en transmisiones autom\u00e1ticas de veh\u00edculos pesados desarrollados por Voith, Allison y ZF, con intervalos m\u00e1ximos de sustituci\u00f3n.<br \/>\nPuede aplicarse en las transmisiones autom\u00e1ticas variables asi\u00e1ticas que demanden fuerte estabilidad frente a las vibraciones y sacudidas.<\/p>\n","protected":false},"excerpt":{"rendered":"<p>Especificaciones<br \/>\nOEMs<\/p>\n<p>ZF TE-ML 04D\/14B\/16L\/17C<br \/>\nVOITH H55.6336.xx<br \/>\nMAN 339 Typ V2\/Z2<br \/>\nMercedes-Benz MB-Approval 236.6<br \/>\nAllison C4 (n\u00b0 32802009<\/p>\n<p>Satisface las exigencias de las especificaciones siguientes :<\/p>\n<p>MAN 339 Typ Z3<br \/>\nGM Dexron IIIH<br \/>\nZF TE-ML 02F\/14C<br \/>\nMercedes-Benz MB 236.91<br \/>\nAllison TES-389\/TES-295<br \/>\nVW TL 52162<br \/>\nFord Mercon\/Mercon V<br \/>\nJASO 1A<br \/>\nToyota T-IV<br \/>\nHyundai, Kia, Mitsubishi SP-III<br \/>\nHonda Z-1\uf0fc Mazda M-III \/ M-V<br \/>\nAisin Warner JWS 3309<\/p>\n<p>Adecuado para<br \/>\nZF TE-ML 11B<br \/>\nNissan: AT-Matic D, J, K<\/p>\n<p>&nbsp;<\/p>\n","protected":false},"featured_media":1025,"comment_status":"open","ping_status":"closed","template":"","meta":[],"product_brand":[],"product_cat":[18],"product_tag":[],"class_list":{"0":"post-271","1":"product","2":"type-product","3":"status-publish","4":"has-post-thumbnail","6":"product_cat-aceites","7":"it-has-gallery","9":"first","10":"instock","11":"taxable","12":"shipping-taxable","13":"purchasable","14":"product-type-simple"},"jetpack_sharing_enabled":true,"jetpack_likes_enabled":true,"_links":{"self":[{"href":"https:\/\/petrocenter.cl\/web\/productos.php\/wp-json\/wp\/v2\/product\/271","targetHints":{"allow":["GET"]}}],"collection":[{"href":"https:\/\/petrocenter.cl\/web\/productos.php\/wp-json\/wp\/v2\/product"}],"about":[{"href":"https:\/\/petrocenter.cl\/web\/productos.php\/wp-json\/wp\/v2\/types\/product"}],"replies":[{"embeddable":true,"href":"https:\/\/petrocenter.cl\/web\/productos.php\/wp-json\/wp\/v2\/comments?post=271"}],"wp:featuredmedia":[{"embeddable":true,"href":"https:\/\/petrocenter.cl\/web\/productos.php\/wp-json\/wp\/v2\/media\/1025"}],"wp:attachment":[{"href":"https:\/\/petrocenter.cl\/web\/productos.php\/wp-json\/wp\/v2\/media?parent=271"}],"wp:term":[{"taxonomy":"product_brand","embeddable":true,"href":"https:\/\/petrocenter.cl\/web\/productos.php\/wp-json\/wp\/v2\/product_brand?post=271"},{"taxonomy":"product_cat","embeddable":true,"href":"https:\/\/petrocenter.cl\/web\/productos.php\/wp-json\/wp\/v2\/product_cat?post=271"},{"taxonomy":"product_tag","embeddable":true,"href":"https:\/\/petrocenter.cl\/web\/productos.php\/wp-json\/wp\/v2\/product_tag?post=271"}],"curies":[{"name":"wp","href":"https:\/\/api.w.org\/{rel}","templated":true}]}}