{"id":200,"date":"2020-02-28T21:32:17","date_gmt":"2020-02-28T21:32:17","guid":{"rendered":"https:\/\/petrocenter.cl\/web\/productos.php\/?post_type=product&#038;p=200"},"modified":"2022-02-27T02:06:11","modified_gmt":"2022-02-27T02:06:11","slug":"liqui-moly-synthoil-race-tech-gt1-10w-60","status":"publish","type":"product","link":"https:\/\/petrocenter.cl\/web\/productos.php\/producto\/liqui-moly-synthoil-race-tech-gt1-10w-60\/","title":{"rendered":"LIQUI MOLY SYNTHOIL RACE TECH GT1 10W60 1 lt"},"content":{"rendered":"<p>Para conductores deportivos y condiciones de servicio extremas. Aceite de motor antifricci\u00f3n sint\u00e9tico para condiciones de servicio extremas. Seguridad de lubricaci\u00f3n m\u00e1xima, presi\u00f3n de aceite \u00f3ptima y protecci\u00f3n antidesgaste superior gracias a la viscosidad cl\u00e1sica del deporte motor. La potencia m\u00e1xima del motor y la elevada reserva de potencia permiten llegar al destino con m\u00e1s rapidez y seguridad.<\/p>\n","protected":false},"excerpt":{"rendered":"<p>Especialmente desarrollado para el deporte motor. Para motores de gasolina y di\u00e9sel con un uso deportivo durante todo el a\u00f1o. Sometido a prueba en turbocompresores y catalizadores.<\/p>\n","protected":false},"featured_media":197,"comment_status":"open","ping_status":"closed","template":"","meta":[],"product_brand":[],"product_cat":[18],"product_tag":[],"class_list":{"0":"post-200","1":"product","2":"type-product","3":"status-publish","4":"has-post-thumbnail","6":"product_cat-aceites","8":"first","9":"instock","10":"taxable","11":"shipping-taxable","12":"purchasable","13":"product-type-simple"},"jetpack_sharing_enabled":true,"jetpack_likes_enabled":true,"_links":{"self":[{"href":"https:\/\/petrocenter.cl\/web\/productos.php\/wp-json\/wp\/v2\/product\/200","targetHints":{"allow":["GET"]}}],"collection":[{"href":"https:\/\/petrocenter.cl\/web\/productos.php\/wp-json\/wp\/v2\/product"}],"about":[{"href":"https:\/\/petrocenter.cl\/web\/productos.php\/wp-json\/wp\/v2\/types\/product"}],"replies":[{"embeddable":true,"href":"https:\/\/petrocenter.cl\/web\/productos.php\/wp-json\/wp\/v2\/comments?post=200"}],"wp:featuredmedia":[{"embeddable":true,"href":"https:\/\/petrocenter.cl\/web\/productos.php\/wp-json\/wp\/v2\/media\/197"}],"wp:attachment":[{"href":"https:\/\/petrocenter.cl\/web\/productos.php\/wp-json\/wp\/v2\/media?parent=200"}],"wp:term":[{"taxonomy":"product_brand","embeddable":true,"href":"https:\/\/petrocenter.cl\/web\/productos.php\/wp-json\/wp\/v2\/product_brand?post=200"},{"taxonomy":"product_cat","embeddable":true,"href":"https:\/\/petrocenter.cl\/web\/productos.php\/wp-json\/wp\/v2\/product_cat?post=200"},{"taxonomy":"product_tag","embeddable":true,"href":"https:\/\/petrocenter.cl\/web\/productos.php\/wp-json\/wp\/v2\/product_tag?post=200"}],"curies":[{"name":"wp","href":"https:\/\/api.w.org\/{rel}","templated":true}]}}