{"id":168,"date":"2020-02-25T15:52:55","date_gmt":"2020-02-25T15:52:55","guid":{"rendered":"https:\/\/petrocenter.cl\/web\/productos.php\/?post_type=product&#038;p=168"},"modified":"2024-09-05T06:09:20","modified_gmt":"2024-09-05T06:09:20","slug":"liqui-moly-toc-tec-4200-5w30-5-lts","status":"publish","type":"product","link":"https:\/\/petrocenter.cl\/web\/productos.php\/producto\/liqui-moly-toc-tec-4200-5w30-5-lts\/","title":{"rendered":"ACEITE MOTOR LIQUI MOLY TOP TEC 4200 5w30 5 litros"},"content":{"rendered":"<p>Aceite antifricci\u00f3n de alta tecnolog\u00eda sobre la base de la tecnolog\u00eda sint\u00e9tica de la generaci\u00f3n Longlife 3 proporciona una limpieza del motor excelente gracias a la elevada reserva de potencia. De aplicaci\u00f3n universal para las tecnolog\u00edas de motores m\u00e1s modernas de Audi, BMW, Mercedes-Benz y el grupo VW. Cumple ampliamente los requisitos m\u00e1s exigentes de fabricantes de veh\u00edculos renombrados. Reduce la formaci\u00f3n de dep\u00f3sitos perjudiciales en motores de gasolina y di\u00e9sel de inyecci\u00f3n directa (FSI, TDI, Common Rail, etc.). Reduce el consumo de aceite. Asegura la capacidad de funcionamiento del filtro de part\u00edculas di\u00e9sel (DPF) y prolonga al m\u00e1ximo su vida \u00fatil. Con f\u00f3rmula antidesgaste mejorada. Especial para veh\u00edculos con intervalos de cambio de aceite extremadamente prolongados (WIV, etc.).<\/p>\n","protected":false},"excerpt":{"rendered":"<p>Aceite para todo el a\u00f1o para motores de gasolina y di\u00e9sel, incluyendo FSI, Common Rail y la tecnolog\u00eda de bomba-inyector. Particularmente indicado para veh\u00edculos que funcionan con gas (GNC\/GLP) y veh\u00edculos con filtro de part\u00edculas di\u00e9sel (DPF), tambi\u00e9n en caso de equipamiento posterior. Sometido a prueba en turbocompresores y catalizadores.<\/p>\n","protected":false},"featured_media":162,"comment_status":"open","ping_status":"closed","template":"","meta":[],"product_brand":[],"product_cat":[18],"product_tag":[],"class_list":{"0":"post-168","1":"product","2":"type-product","3":"status-publish","4":"has-post-thumbnail","6":"product_cat-aceites","8":"first","9":"instock","10":"sale","11":"taxable","12":"shipping-taxable","13":"purchasable","14":"product-type-simple"},"jetpack_sharing_enabled":true,"jetpack_likes_enabled":true,"_links":{"self":[{"href":"https:\/\/petrocenter.cl\/web\/productos.php\/wp-json\/wp\/v2\/product\/168","targetHints":{"allow":["GET"]}}],"collection":[{"href":"https:\/\/petrocenter.cl\/web\/productos.php\/wp-json\/wp\/v2\/product"}],"about":[{"href":"https:\/\/petrocenter.cl\/web\/productos.php\/wp-json\/wp\/v2\/types\/product"}],"replies":[{"embeddable":true,"href":"https:\/\/petrocenter.cl\/web\/productos.php\/wp-json\/wp\/v2\/comments?post=168"}],"wp:featuredmedia":[{"embeddable":true,"href":"https:\/\/petrocenter.cl\/web\/productos.php\/wp-json\/wp\/v2\/media\/162"}],"wp:attachment":[{"href":"https:\/\/petrocenter.cl\/web\/productos.php\/wp-json\/wp\/v2\/media?parent=168"}],"wp:term":[{"taxonomy":"product_brand","embeddable":true,"href":"https:\/\/petrocenter.cl\/web\/productos.php\/wp-json\/wp\/v2\/product_brand?post=168"},{"taxonomy":"product_cat","embeddable":true,"href":"https:\/\/petrocenter.cl\/web\/productos.php\/wp-json\/wp\/v2\/product_cat?post=168"},{"taxonomy":"product_tag","embeddable":true,"href":"https:\/\/petrocenter.cl\/web\/productos.php\/wp-json\/wp\/v2\/product_tag?post=168"}],"curies":[{"name":"wp","href":"https:\/\/api.w.org\/{rel}","templated":true}]}}