{"id":1632,"date":"2026-05-16T17:23:08","date_gmt":"2026-05-16T17:23:08","guid":{"rendered":"https:\/\/petrocenter.cl\/web\/productos.php\/?post_type=product&#038;p=1632"},"modified":"2026-05-16T17:44:22","modified_gmt":"2026-05-16T17:44:22","slug":"estanque-movil-para-gasolina-400l-gt400hr-con-bomba-12v-certificacion-sec","status":"publish","type":"product","link":"https:\/\/petrocenter.cl\/web\/productos.php\/producto\/estanque-movil-para-gasolina-400l-gt400hr-con-bomba-12v-certificacion-sec\/","title":{"rendered":"Estanque M\u00f3vil para Gasolina 400L \u2013 GT400HR con Bomba 12V | Certificaci\u00f3n SEC"},"content":{"rendered":"<p class=\"\" data-start=\"637\" data-end=\"964\">El <strong data-start=\"640\" data-end=\"694\">Estanque M\u00f3vil para Gasolina GT400HR de 400 litros<\/strong> es la soluci\u00f3n ideal para el almacenamiento y transporte eficiente de combustibles. Dise\u00f1ado con altos est\u00e1ndares de seguridad y rendimiento, cuenta con certificaci\u00f3n <strong data-start=\"862\" data-end=\"869\">SEC<\/strong>, <strong data-start=\"871\" data-end=\"877\">CE<\/strong> y <strong data-start=\"880\" data-end=\"887\">ECM<\/strong>, lo que garantiza su cumplimiento con normativas chilenas e internacionales.<\/p>\n<p class=\"\" data-start=\"966\" data-end=\"1372\">Este modelo incorpora una <strong data-start=\"992\" data-end=\"1027\">bomba de transferencia DC (12V)<\/strong>, con un caudal de <strong data-start=\"1046\" data-end=\"1070\">57 litros por minuto<\/strong>, y una <strong data-start=\"1078\" data-end=\"1110\">boquilla de corte autom\u00e1tico<\/strong>, permitiendo una carga r\u00e1pida y segura. Incluye <strong data-start=\"1159\" data-end=\"1198\">10 metros de manguera para gasolina<\/strong>, <strong data-start=\"1200\" data-end=\"1221\">medidor de caudal<\/strong>, y <strong data-start=\"1225\" data-end=\"1262\">6 metros de cable de alimentaci\u00f3n<\/strong> con abrazaderas para conexi\u00f3n directa a bater\u00eda. La tapa cuenta con cerradura con llave para mayor seguridad.<\/p>\n<p class=\"\" data-start=\"1374\" data-end=\"1538\">Compatible con gr\u00faas horquilla y f\u00e1cil de transportar gracias a su dise\u00f1o compacto, es perfecto para operaciones en terreno, faenas, industrias o servicios m\u00f3viles.<\/p>\n<h3 class=\"\" data-start=\"1540\" data-end=\"1573\">\ud83d\udd27 Especificaciones t\u00e9cnicas:<\/h3>\n<ul data-start=\"1574\" data-end=\"2014\">\n<li class=\"\" data-start=\"1574\" data-end=\"1603\">\n<p class=\"\" data-start=\"1576\" data-end=\"1603\"><strong data-start=\"1576\" data-end=\"1590\">Capacidad:<\/strong> 400 litros<\/p>\n<\/li>\n<li class=\"\" data-start=\"1604\" data-end=\"1627\">\n<p class=\"\" data-start=\"1606\" data-end=\"1627\"><strong data-start=\"1606\" data-end=\"1617\">Modelo:<\/strong> GT400HR<\/p>\n<\/li>\n<li class=\"\" data-start=\"1628\" data-end=\"1667\">\n<p class=\"\" data-start=\"1630\" data-end=\"1667\"><strong data-start=\"1630\" data-end=\"1650\">Certificaciones:<\/strong> SEC | CE | ECM<\/p>\n<\/li>\n<li class=\"\" data-start=\"1668\" data-end=\"1700\">\n<p class=\"\" data-start=\"1670\" data-end=\"1700\"><strong data-start=\"1670\" data-end=\"1680\">Bomba:<\/strong> GSP60012 (12V DC)<\/p>\n<\/li>\n<li class=\"\" data-start=\"1701\" data-end=\"1725\">\n<p class=\"\" data-start=\"1703\" data-end=\"1725\"><strong data-start=\"1703\" data-end=\"1714\">Caudal:<\/strong> 57 l\/min<\/p>\n<\/li>\n<li class=\"\" data-start=\"1726\" data-end=\"1753\">\n<p class=\"\" data-start=\"1728\" data-end=\"1753\"><strong data-start=\"1728\" data-end=\"1741\">Manguera:<\/strong> 10 metros<\/p>\n<\/li>\n<li class=\"\" data-start=\"1754\" data-end=\"1788\">\n<p class=\"\" data-start=\"1756\" data-end=\"1788\"><strong data-start=\"1756\" data-end=\"1769\">Boquilla:<\/strong> Corte autom\u00e1tico<\/p>\n<\/li>\n<li class=\"\" data-start=\"1789\" data-end=\"1824\">\n<p class=\"\" data-start=\"1791\" data-end=\"1824\"><strong data-start=\"1791\" data-end=\"1813\">Medidor de caudal:<\/strong> Incluido<\/p>\n<\/li>\n<li class=\"\" data-start=\"1825\" data-end=\"1877\">\n<p class=\"\" data-start=\"1827\" data-end=\"1877\"><strong data-start=\"1827\" data-end=\"1850\">Cable alimentaci\u00f3n:<\/strong> 6 metros con abrazaderas<\/p>\n<\/li>\n<li class=\"\" data-start=\"1878\" data-end=\"1911\">\n<p class=\"\" data-start=\"1880\" data-end=\"1911\"><strong data-start=\"1880\" data-end=\"1894\">Seguridad:<\/strong> Tapa con llave<\/p>\n<\/li>\n<li class=\"\" data-start=\"1912\" data-end=\"1949\">\n<p class=\"\" data-start=\"1914\" data-end=\"1949\"><strong data-start=\"1914\" data-end=\"1930\">Dimensiones:<\/strong> 115 \u00d7 80 \u00d7 69 cm<\/p>\n<\/li>\n<li class=\"\" data-start=\"1950\" data-end=\"1969\">\n<p class=\"\" data-start=\"1952\" data-end=\"1969\"><strong data-start=\"1952\" data-end=\"1961\">Peso:<\/strong> 68 kg<\/p>\n<\/li>\n<li class=\"\" data-start=\"1970\" data-end=\"1994\">\n<p class=\"\" data-start=\"1972\" data-end=\"1994\"><strong data-start=\"1972\" data-end=\"1982\">Color:<\/strong> Tapa Roja<\/p>\n<\/li>\n<li class=\"\" data-start=\"1995\" data-end=\"2014\">\n<p class=\"\" data-start=\"1997\" data-end=\"2014\"><strong data-start=\"1997\" data-end=\"2008\">Origen:<\/strong> China<\/p>\n<\/li>\n<\/ul>\n<p class=\"\" data-start=\"2016\" data-end=\"2110\">Ideal para quienes buscan <strong data-start=\"2042\" data-end=\"2079\">seguridad, movilidad y eficiencia<\/strong> en la gesti\u00f3n de combustibles.<\/p>\n","protected":false},"excerpt":{"rendered":"<p>Estanque m\u00f3vil de 400 litros para gasolina, modelo GT400HR. Incluye bomba 12V de 57 l\/min, boquilla de corte autom\u00e1tico, manguera de 10 metros, medidor de caudal y tapa con llave. Certificaci\u00f3n SEC, CE y ECM. Ideal para transporte seguro de combustible.<\/p>\n","protected":false},"featured_media":1637,"comment_status":"open","ping_status":"closed","template":"","meta":[],"product_brand":[],"product_cat":[34],"product_tag":[],"class_list":{"0":"post-1632","1":"product","2":"type-product","3":"status-publish","4":"has-post-thumbnail","6":"product_cat-estanques-de-combustible","7":"it-has-gallery","9":"first","10":"instock","11":"sale","12":"taxable","13":"shipping-taxable","14":"purchasable","15":"product-type-simple"},"jetpack_sharing_enabled":true,"jetpack_likes_enabled":true,"_links":{"self":[{"href":"https:\/\/petrocenter.cl\/web\/productos.php\/wp-json\/wp\/v2\/product\/1632","targetHints":{"allow":["GET"]}}],"collection":[{"href":"https:\/\/petrocenter.cl\/web\/productos.php\/wp-json\/wp\/v2\/product"}],"about":[{"href":"https:\/\/petrocenter.cl\/web\/productos.php\/wp-json\/wp\/v2\/types\/product"}],"replies":[{"embeddable":true,"href":"https:\/\/petrocenter.cl\/web\/productos.php\/wp-json\/wp\/v2\/comments?post=1632"}],"wp:featuredmedia":[{"embeddable":true,"href":"https:\/\/petrocenter.cl\/web\/productos.php\/wp-json\/wp\/v2\/media\/1637"}],"wp:attachment":[{"href":"https:\/\/petrocenter.cl\/web\/productos.php\/wp-json\/wp\/v2\/media?parent=1632"}],"wp:term":[{"taxonomy":"product_brand","embeddable":true,"href":"https:\/\/petrocenter.cl\/web\/productos.php\/wp-json\/wp\/v2\/product_brand?post=1632"},{"taxonomy":"product_cat","embeddable":true,"href":"https:\/\/petrocenter.cl\/web\/productos.php\/wp-json\/wp\/v2\/product_cat?post=1632"},{"taxonomy":"product_tag","embeddable":true,"href":"https:\/\/petrocenter.cl\/web\/productos.php\/wp-json\/wp\/v2\/product_tag?post=1632"}],"curies":[{"name":"wp","href":"https:\/\/api.w.org\/{rel}","templated":true}]}}