{"id":1596,"date":"2026-02-10T16:10:25","date_gmt":"2026-02-10T16:10:25","guid":{"rendered":"https:\/\/petrocenter.cl\/web\/productos.php\/?post_type=product&#038;p=1596"},"modified":"2026-02-10T16:10:25","modified_gmt":"2026-02-10T16:10:25","slug":"reprogramacion-electronica-de-motor-ecu","status":"publish","type":"product","link":"https:\/\/petrocenter.cl\/web\/productos.php\/producto\/reprogramacion-electronica-de-motor-ecu\/","title":{"rendered":"Reprogramaci\u00f3n Electr\u00f3nica de Motor (ECU)"},"content":{"rendered":"<p>En Petrocenter realizamos reprogramaciones electr\u00f3nicas personalizadas sobre la centralita del motor (ECU), ajustando par\u00e1metros clave como presi\u00f3n de turbo, inyecci\u00f3n y entrega de torque.<br data-start=\"879\" data-end=\"882\" \/>El objetivo es mejorar la experiencia de conducci\u00f3n, lograr una respuesta m\u00e1s r\u00e1pida y aprovechar mejor el potencial del motor, siempre dentro de m\u00e1rgenes seguros para su mec\u00e1nica y transmisi\u00f3n.<br data-start=\"1076\" data-end=\"1079\" \/>El proceso incluye respaldo del archivo original, diagn\u00f3stico previo y validaci\u00f3n posterior.<\/p>\n","protected":false},"excerpt":{"rendered":"<p>Optimizaci\u00f3n electr\u00f3nica del motor para mejorar rendimiento, respuesta y eficiencia, manteniendo par\u00e1metros seguros y confiables.<\/p>\n","protected":false},"featured_media":1597,"comment_status":"open","ping_status":"closed","template":"","meta":[],"product_brand":[],"product_cat":[46],"product_tag":[],"class_list":{"0":"post-1596","1":"product","2":"type-product","3":"status-publish","4":"has-post-thumbnail","6":"product_cat-mantenciones","7":"it-has-gallery","9":"first","10":"instock","11":"sale","12":"taxable","13":"shipping-taxable","14":"purchasable","15":"product-type-simple"},"jetpack_sharing_enabled":true,"jetpack_likes_enabled":true,"_links":{"self":[{"href":"https:\/\/petrocenter.cl\/web\/productos.php\/wp-json\/wp\/v2\/product\/1596","targetHints":{"allow":["GET"]}}],"collection":[{"href":"https:\/\/petrocenter.cl\/web\/productos.php\/wp-json\/wp\/v2\/product"}],"about":[{"href":"https:\/\/petrocenter.cl\/web\/productos.php\/wp-json\/wp\/v2\/types\/product"}],"replies":[{"embeddable":true,"href":"https:\/\/petrocenter.cl\/web\/productos.php\/wp-json\/wp\/v2\/comments?post=1596"}],"wp:featuredmedia":[{"embeddable":true,"href":"https:\/\/petrocenter.cl\/web\/productos.php\/wp-json\/wp\/v2\/media\/1597"}],"wp:attachment":[{"href":"https:\/\/petrocenter.cl\/web\/productos.php\/wp-json\/wp\/v2\/media?parent=1596"}],"wp:term":[{"taxonomy":"product_brand","embeddable":true,"href":"https:\/\/petrocenter.cl\/web\/productos.php\/wp-json\/wp\/v2\/product_brand?post=1596"},{"taxonomy":"product_cat","embeddable":true,"href":"https:\/\/petrocenter.cl\/web\/productos.php\/wp-json\/wp\/v2\/product_cat?post=1596"},{"taxonomy":"product_tag","embeddable":true,"href":"https:\/\/petrocenter.cl\/web\/productos.php\/wp-json\/wp\/v2\/product_tag?post=1596"}],"curies":[{"name":"wp","href":"https:\/\/api.w.org\/{rel}","templated":true}]}}