{"id":1415,"date":"2024-12-21T16:11:04","date_gmt":"2024-12-21T16:11:04","guid":{"rendered":"https:\/\/petrocenter.cl\/web\/productos.php\/?post_type=product&#038;p=1415"},"modified":"2026-02-07T10:35:12","modified_gmt":"2026-02-07T10:35:12","slug":"estanque-aceites-residuales-quioil-500-litros","status":"publish","type":"product","link":"https:\/\/petrocenter.cl\/web\/productos.php\/producto\/estanque-aceites-residuales-quioil-500-litros\/","title":{"rendered":"ESTANQUE ACEITES RESIDUALES QUIOIL 500 LITROS"},"content":{"rendered":"<p>El modo m\u00e1s seguro para almacenar aceites residuales.<br \/>\nEstanques ecol\u00f3gico doble pared para almacenamiento de aceites residuales.<\/p>\n","protected":false},"excerpt":{"rendered":"<p>Contenedor para la recogida y el almacenamiento de los aceites usados, construido respetando las normas legales, fabricado con Polietileno de alta densidad, rotomoldeado para garantizar una gran estanquidad mec\u00e1nica y qu\u00edmica para una elevada resistencia fotom\u00e9trica a los rayos UV y a los agentes atmosf\u00e9ricos.<\/p>\n<p>Por estos motivos, es id\u00f3neo para ser instalado tambi\u00e9n al aire libre, y puede colocarse en cualquier terreno y superficies planas.<\/p>\n<p>Compuesto de 2 estanques una interna para contener el producto, otras externa con la funci\u00f3n de contenedor de derrame o contenci\u00f3n de seguridad de posibles p\u00e9rdidas del tanque interno.<\/p>\n<p>En la parte superior hay una gran escotilla con tapa practicable en cuyo interior hay un plano perforado con funci\u00f3n de escurre filtros.<\/p>\n","protected":false},"featured_media":1417,"comment_status":"open","ping_status":"closed","template":"","meta":[],"product_brand":[],"product_cat":[97],"product_tag":[],"class_list":{"0":"post-1415","1":"product","2":"type-product","3":"status-publish","4":"has-post-thumbnail","6":"product_cat-estanques-ecologicos","7":"it-has-gallery","9":"first","10":"outofstock","11":"sale","12":"taxable","13":"shipping-taxable","14":"purchasable","15":"product-type-simple"},"jetpack_sharing_enabled":true,"jetpack_likes_enabled":true,"_links":{"self":[{"href":"https:\/\/petrocenter.cl\/web\/productos.php\/wp-json\/wp\/v2\/product\/1415","targetHints":{"allow":["GET"]}}],"collection":[{"href":"https:\/\/petrocenter.cl\/web\/productos.php\/wp-json\/wp\/v2\/product"}],"about":[{"href":"https:\/\/petrocenter.cl\/web\/productos.php\/wp-json\/wp\/v2\/types\/product"}],"replies":[{"embeddable":true,"href":"https:\/\/petrocenter.cl\/web\/productos.php\/wp-json\/wp\/v2\/comments?post=1415"}],"wp:featuredmedia":[{"embeddable":true,"href":"https:\/\/petrocenter.cl\/web\/productos.php\/wp-json\/wp\/v2\/media\/1417"}],"wp:attachment":[{"href":"https:\/\/petrocenter.cl\/web\/productos.php\/wp-json\/wp\/v2\/media?parent=1415"}],"wp:term":[{"taxonomy":"product_brand","embeddable":true,"href":"https:\/\/petrocenter.cl\/web\/productos.php\/wp-json\/wp\/v2\/product_brand?post=1415"},{"taxonomy":"product_cat","embeddable":true,"href":"https:\/\/petrocenter.cl\/web\/productos.php\/wp-json\/wp\/v2\/product_cat?post=1415"},{"taxonomy":"product_tag","embeddable":true,"href":"https:\/\/petrocenter.cl\/web\/productos.php\/wp-json\/wp\/v2\/product_tag?post=1415"}],"curies":[{"name":"wp","href":"https:\/\/api.w.org\/{rel}","templated":true}]}}