{"id":1381,"date":"2024-11-13T19:26:47","date_gmt":"2024-11-13T19:26:47","guid":{"rendered":"https:\/\/petrocenter.cl\/web\/productos.php\/?post_type=product&#038;p=1381"},"modified":"2025-11-10T12:15:57","modified_gmt":"2025-11-10T12:15:57","slug":"estanque-transportable-diesel-dd400hr-400-litros-certificado-sec","status":"publish","type":"product","link":"https:\/\/petrocenter.cl\/web\/productos.php\/producto\/estanque-transportable-diesel-dd400hr-400-litros-certificado-sec\/","title":{"rendered":"Estanque transportable Diesel DD400HR 400 litros certificado SEC"},"content":{"rendered":"<h1 data-start=\"141\" data-end=\"222\"><strong data-start=\"143\" data-end=\"220\">\u00a0Estanque Transportable Diesel DD400HR \u2013 400 Litros (Certificaci\u00f3n SEC)<\/strong><\/h1>\n<p data-start=\"224\" data-end=\"586\">El <strong data-start=\"227\" data-end=\"238\">DD400HR<\/strong> es un estanque port\u00e1til dise\u00f1ado para el almacenamiento y suministro seguro de <strong data-start=\"318\" data-end=\"339\">petr\u00f3leo (di\u00e9sel)<\/strong>. Gracias a su <strong data-start=\"354\" data-end=\"375\">certificaci\u00f3n SEC<\/strong>, este modelo garantiza el cumplimiento de las normativas de seguridad vigentes en Chile, ofreciendo una soluci\u00f3n confiable para el <strong data-start=\"507\" data-end=\"585\">abastecimiento de maquinaria, camiones, veh\u00edculos agr\u00edcolas e industriales<\/strong>.<\/p>\n<hr data-start=\"588\" data-end=\"591\" \/>\n<h2 data-start=\"593\" data-end=\"632\"><strong data-start=\"596\" data-end=\"630\">\ud83d\udccc Caracter\u00edsticas Principales<\/strong><\/h2>\n<p data-start=\"633\" data-end=\"1094\">\u2705 <strong data-start=\"635\" data-end=\"649\">Capacidad:<\/strong> <strong data-start=\"650\" data-end=\"664\">400 litros<\/strong><br data-start=\"664\" data-end=\"667\" \/>\u2705 <strong data-start=\"669\" data-end=\"685\">Dimensiones:<\/strong> <strong data-start=\"686\" data-end=\"735\">115 cm (ancho) x 85 cm (largo) x 82 cm (alto)<\/strong><br data-start=\"735\" data-end=\"738\" \/>\u2705 <strong data-start=\"740\" data-end=\"749\">Peso:<\/strong> <strong data-start=\"750\" data-end=\"767\">68 kg (vac\u00edo)<\/strong><br data-start=\"767\" data-end=\"770\" \/>\u2705 <strong data-start=\"772\" data-end=\"796\">Material resistente:<\/strong> Polietileno de alta densidad (HDPE), resistente a impactos, rayos UV y productos qu\u00edmicos.<br data-start=\"887\" data-end=\"890\" \/>\u2705 <strong data-start=\"892\" data-end=\"915\">Tapa con cerradura:<\/strong> Asegura la protecci\u00f3n del combustible contra accesos no autorizados.<br data-start=\"984\" data-end=\"987\" \/>\u2705 <strong data-start=\"989\" data-end=\"1011\">Certificaci\u00f3n SEC:<\/strong> Cumple con las normativas de seguridad para transporte de combustibles en Chile.<\/p>\n<hr data-start=\"1096\" data-end=\"1099\" \/>\n<h2 data-start=\"1101\" data-end=\"1138\"><strong data-start=\"1104\" data-end=\"1136\">\u26fd Equipamiento y Componentes<\/strong><\/h2>\n<p data-start=\"1139\" data-end=\"1204\">\ud83d\udd39 <strong data-start=\"1142\" data-end=\"1202\">Bomba de transferencia de combustible DC \u2013 DP60012 (12V)<\/strong><\/p>\n<ul data-start=\"1208\" data-end=\"1327\">\n<li data-start=\"1208\" data-end=\"1245\"><strong data-start=\"1210\" data-end=\"1221\">Caudal:<\/strong> 56 litros por minuto.<\/li>\n<li data-start=\"1249\" data-end=\"1327\">Conexi\u00f3n directa a bater\u00eda mediante <strong data-start=\"1287\" data-end=\"1308\">cable de 6 metros<\/strong> con abrazaderas.<\/li>\n<\/ul>\n<p data-start=\"1329\" data-end=\"1380\">\ud83d\udd39 <strong data-start=\"1332\" data-end=\"1378\">Carrete de manguera retr\u00e1ctil de 10 metros<\/strong><\/p>\n<ul data-start=\"1384\" data-end=\"1473\">\n<li data-start=\"1384\" data-end=\"1473\">Facilita el abastecimiento en cualquier ubicaci\u00f3n sin necesidad de mover el estanque.<\/li>\n<\/ul>\n<p data-start=\"1475\" data-end=\"1512\">\ud83d\udd39 <strong data-start=\"1478\" data-end=\"1510\">Boquilla de corte autom\u00e1tico<\/strong><\/p>\n<ul data-start=\"1516\" data-end=\"1591\">\n<li data-start=\"1516\" data-end=\"1591\">Previene derrames y sobrellenado, aumentando la seguridad y eficiencia.<\/li>\n<\/ul>\n<p data-start=\"1593\" data-end=\"1629\">\ud83d\udd39 <strong data-start=\"1596\" data-end=\"1627\">Medidor de caudal integrado<\/strong><\/p>\n<ul data-start=\"1633\" data-end=\"1691\">\n<li data-start=\"1633\" data-end=\"1691\">Permite un control preciso del consumo de combustible.<\/li>\n<\/ul>\n<p data-start=\"1693\" data-end=\"1723\">\ud83d\udd39 <strong data-start=\"1696\" data-end=\"1721\">Filtro de combustible<\/strong><\/p>\n<ul data-start=\"1727\" data-end=\"1792\">\n<li data-start=\"1727\" data-end=\"1792\">Filtro de tamiz en bomba<\/li>\n<\/ul>\n<hr data-start=\"1794\" data-end=\"1797\" \/>\n<h2 data-start=\"1799\" data-end=\"1830\"><strong data-start=\"1802\" data-end=\"1828\">\ud83d\ude9c Aplicaciones y Usos<\/strong><\/h2>\n<p data-start=\"1831\" data-end=\"2128\">\u2714 <strong data-start=\"1833\" data-end=\"1905\">Abastecimiento de maquinaria pesada, camiones y veh\u00edculos agr\u00edcolas.<\/strong><br data-start=\"1905\" data-end=\"1908\" \/>\u2714 <strong data-start=\"1910\" data-end=\"1966\">Uso en faenas de construcci\u00f3n, miner\u00eda y transporte.<\/strong><br data-start=\"1966\" data-end=\"1969\" \/>\u2714 <strong data-start=\"1971\" data-end=\"2046\">Ideal para empresas que requieren autonom\u00eda en el suministro de di\u00e9sel.<\/strong><br data-start=\"2046\" data-end=\"2049\" \/>\u2714 <strong data-start=\"2051\" data-end=\"2126\">Opci\u00f3n perfecta para zonas sin acceso directo a estaciones de servicio.<\/strong><\/p>\n<hr data-start=\"2130\" data-end=\"2133\" \/>\n<h2 data-start=\"2135\" data-end=\"2176\"><strong data-start=\"2138\" data-end=\"2174\">\ud83d\udd0d Ventajas del Estanque DD400HR<\/strong><\/h2>\n<p data-start=\"2177\" data-end=\"2585\">\u2714 <strong data-start=\"2179\" data-end=\"2196\">Portabilidad:<\/strong> Dise\u00f1o compacto y optimizado para el transporte en camionetas y veh\u00edculos de trabajo.<br data-start=\"2282\" data-end=\"2285\" \/>\u2714 <strong data-start=\"2287\" data-end=\"2301\">Seguridad:<\/strong> Certificaci\u00f3n SEC y tapa con cerradura para protecci\u00f3n contra accesos no autorizados.<br data-start=\"2387\" data-end=\"2390\" \/>\u2714 <strong data-start=\"2392\" data-end=\"2412\">Alta eficiencia:<\/strong> Sistema de bombeo r\u00e1pido con carrete retr\u00e1ctil y boquilla autom\u00e1tica.<br data-start=\"2482\" data-end=\"2485\" \/>\u2714 <strong data-start=\"2487\" data-end=\"2503\">Durabilidad:<\/strong> Construcci\u00f3n en polietileno de alta resistencia, ideal para entornos exigentes.<\/p>\n<hr data-start=\"2587\" data-end=\"2590\" \/>\n<h2 data-start=\"2592\" data-end=\"2614\"><\/h2>\n<p data-start=\"2615\" data-end=\"3021\">El <strong data-start=\"2618\" data-end=\"2659\">Estanque Transportable Diesel DD400HR<\/strong> es una soluci\u00f3n confiable y eficiente para el transporte y suministro de <strong data-start=\"2733\" data-end=\"2743\">di\u00e9sel<\/strong>, especialmente en terrenos dif\u00edciles y operaciones industriales. Su dise\u00f1o certificado, combinado con un sistema de bombeo r\u00e1pido y seguro, lo convierte en una opci\u00f3n ideal para empresas que requieren <strong data-start=\"2945\" data-end=\"3018\">movilidad, autonom\u00eda y eficiencia en el abastecimiento de combustible<\/strong>.<\/p>\n","protected":false},"excerpt":{"rendered":"<p>Tanque de 400 litros para petr\u00f3leo (Diesel)<br \/>\nCERTIFICACION SEC<br \/>\nModelo: DD400HR Tapa Negra<br \/>\nBomba de transferencia de combustible DC, mod. DP60012 (12 V), caudal 56 l\/min 10 m de carrete de manguera para combustible Diesel<br \/>\nBoquilla de corte autom\u00e1tico<br \/>\nMedidor de caudal<br \/>\nCable de alimentaci\u00f3n de 6 metros para la bomba con abrazaderas para la conexi\u00f3n a la bater\u00eda<br \/>\nTapa con cerradura con llave<br \/>\nDimensiones: 115*85*82cm<br \/>\nPeso: 68kgs<\/p>\n","protected":false},"featured_media":1391,"comment_status":"open","ping_status":"closed","template":"","meta":[],"product_brand":[],"product_cat":[36],"product_tag":[],"class_list":{"0":"post-1381","1":"product","2":"type-product","3":"status-publish","4":"has-post-thumbnail","6":"product_cat-estanques-de-combustible-diesel-transportable","7":"it-has-gallery","9":"first","10":"instock","11":"sale","12":"taxable","13":"shipping-taxable","14":"purchasable","15":"product-type-simple"},"jetpack_sharing_enabled":true,"jetpack_likes_enabled":true,"_links":{"self":[{"href":"https:\/\/petrocenter.cl\/web\/productos.php\/wp-json\/wp\/v2\/product\/1381","targetHints":{"allow":["GET"]}}],"collection":[{"href":"https:\/\/petrocenter.cl\/web\/productos.php\/wp-json\/wp\/v2\/product"}],"about":[{"href":"https:\/\/petrocenter.cl\/web\/productos.php\/wp-json\/wp\/v2\/types\/product"}],"replies":[{"embeddable":true,"href":"https:\/\/petrocenter.cl\/web\/productos.php\/wp-json\/wp\/v2\/comments?post=1381"}],"wp:featuredmedia":[{"embeddable":true,"href":"https:\/\/petrocenter.cl\/web\/productos.php\/wp-json\/wp\/v2\/media\/1391"}],"wp:attachment":[{"href":"https:\/\/petrocenter.cl\/web\/productos.php\/wp-json\/wp\/v2\/media?parent=1381"}],"wp:term":[{"taxonomy":"product_brand","embeddable":true,"href":"https:\/\/petrocenter.cl\/web\/productos.php\/wp-json\/wp\/v2\/product_brand?post=1381"},{"taxonomy":"product_cat","embeddable":true,"href":"https:\/\/petrocenter.cl\/web\/productos.php\/wp-json\/wp\/v2\/product_cat?post=1381"},{"taxonomy":"product_tag","embeddable":true,"href":"https:\/\/petrocenter.cl\/web\/productos.php\/wp-json\/wp\/v2\/product_tag?post=1381"}],"curies":[{"name":"wp","href":"https:\/\/api.w.org\/{rel}","templated":true}]}}