{"id":1358,"date":"2024-08-24T01:13:49","date_gmt":"2024-08-24T01:13:49","guid":{"rendered":"https:\/\/petrocenter.cl\/web\/productos.php\/?post_type=product&#038;p=1358"},"modified":"2025-02-24T16:08:20","modified_gmt":"2025-02-24T16:08:20","slug":"tambor-de-aceite-hidraulico-iso-68-adaf-208-litros","status":"publish","type":"product","link":"https:\/\/petrocenter.cl\/web\/productos.php\/producto\/tambor-de-aceite-hidraulico-iso-68-adaf-208-litros\/","title":{"rendered":"TAMBOR DE ACEITE HIDRAULICO ISO 68 ADAF 208 LITROS"},"content":{"rendered":"<blockquote><p>DESPACHO SIN COSTO DENTRO DE LA RM, V Y VI REGION (A CONVENIR)<\/p><\/blockquote>\n<p>ISO 68<\/p>\n<p>DESCRIPCION: El aceite hidr\u00e1ulico ADAF ISO 68 esta formulado con buses lubricantes parafinicas y aditivos de alta calidad. Se comercializa tanto el aceite con su color natural como el mismo aceite coloreado con rojo.<\/p>\n<p>PROPIEDADES Y CARACTERISTICAS<\/p>\n<p>Excelentes propiedades antioxidantes, antiherrumbrantes, antiespumantes y demulsificantes.<\/p>\n<p>Alta estabilidad t\u00e9rmica.<\/p>\n<p>Cumple especificaciones industriales Sperry Vickers que incluyen las evaluaciones con la bomba 35VQ25 de alta velocidad y alta presi\u00f3n.<\/p>\n<p>APLICACIONES: Se recomienda para sistemas hidr\u00e1ulicos de equipos agr\u00edcolas, construcci\u00f3n y veh\u00edculos de transporte.<\/p>\n<p>&nbsp;<\/p>\n<p>CARACTERISTICAS TECNICAS<\/p>\n<p>COLOR<\/p>\n<p>TRANSPARENTE<\/p>\n<p>GRADO ISO<\/p>\n<p>68<\/p>\n<p>Gravedad Especifica a 15\u00b0C<\/p>\n<p>0.880<\/p>\n<p>Viscosidad a 40\u00b0C, cSt<\/p>\n<p>68<\/p>\n<p>Viscosidad a 100\u00b0C, cSt<\/p>\n<p>8.9<\/p>\n<p>Indice de Viscosidad<\/p>\n<p>95<\/p>\n<p>Punto de Inflamaci\u00f3n, \u00b0C<\/p>\n<p>250<\/p>\n","protected":false},"excerpt":{"rendered":"<p>El aceite hidraulico ISO 68 es un aceite lubricante de calidad excepcional, formulado con bases minerales y refinado con solventes de aditivos cuidadosamente seleccionados y de alto rendimiento<\/p>\n","protected":false},"featured_media":1294,"comment_status":"open","ping_status":"closed","template":"","meta":[],"product_brand":[],"product_cat":[18],"product_tag":[82,95,94,89,92,93,91,90,68],"class_list":{"0":"post-1358","1":"product","2":"type-product","3":"status-publish","4":"has-post-thumbnail","6":"product_cat-aceites","7":"product_tag-nuto-h68","8":"product_tag-80w","9":"product_tag-85w140","10":"product_tag-cadenilla","11":"product_tag-economico","12":"product_tag-gl5","13":"product_tag-motosierra","14":"product_tag-stihl","15":"product_tag-valvoline","16":"it-has-gallery","18":"first","19":"instock","20":"sale","21":"taxable","22":"shipping-taxable","23":"purchasable","24":"product-type-simple"},"jetpack_sharing_enabled":true,"jetpack_likes_enabled":true,"_links":{"self":[{"href":"https:\/\/petrocenter.cl\/web\/productos.php\/wp-json\/wp\/v2\/product\/1358","targetHints":{"allow":["GET"]}}],"collection":[{"href":"https:\/\/petrocenter.cl\/web\/productos.php\/wp-json\/wp\/v2\/product"}],"about":[{"href":"https:\/\/petrocenter.cl\/web\/productos.php\/wp-json\/wp\/v2\/types\/product"}],"replies":[{"embeddable":true,"href":"https:\/\/petrocenter.cl\/web\/productos.php\/wp-json\/wp\/v2\/comments?post=1358"}],"wp:featuredmedia":[{"embeddable":true,"href":"https:\/\/petrocenter.cl\/web\/productos.php\/wp-json\/wp\/v2\/media\/1294"}],"wp:attachment":[{"href":"https:\/\/petrocenter.cl\/web\/productos.php\/wp-json\/wp\/v2\/media?parent=1358"}],"wp:term":[{"taxonomy":"product_brand","embeddable":true,"href":"https:\/\/petrocenter.cl\/web\/productos.php\/wp-json\/wp\/v2\/product_brand?post=1358"},{"taxonomy":"product_cat","embeddable":true,"href":"https:\/\/petrocenter.cl\/web\/productos.php\/wp-json\/wp\/v2\/product_cat?post=1358"},{"taxonomy":"product_tag","embeddable":true,"href":"https:\/\/petrocenter.cl\/web\/productos.php\/wp-json\/wp\/v2\/product_tag?post=1358"}],"curies":[{"name":"wp","href":"https:\/\/api.w.org\/{rel}","templated":true}]}}