{"id":1348,"date":"2024-07-30T23:31:37","date_gmt":"2024-07-30T23:31:37","guid":{"rendered":"https:\/\/petrocenter.cl\/web\/productos.php\/?post_type=product&#038;p=1348"},"modified":"2026-02-02T02:02:47","modified_gmt":"2026-02-02T02:02:47","slug":"tambor-de-aceite-pemco-idrive-350-5w30-full-sintetico-acea-c3-208-litros","status":"publish","type":"product","link":"https:\/\/petrocenter.cl\/web\/productos.php\/producto\/tambor-de-aceite-pemco-idrive-350-5w30-full-sintetico-acea-c3-208-litros\/","title":{"rendered":"TAMBOR DE ACEITE PEMCO IDRIVE 350 5W30 FULL SINTETICO ACEA C3 208 LITROS"},"content":{"rendered":"<p><em><strong>ESPECIFICACIONES<\/strong><\/em><br \/>\n<em>SAE 5W-30<\/em><br \/>\n<em>N\u00famero de serie de la API<\/em><br \/>\n<em>ACEA C3<\/em><br \/>\n<em>MB 229.51<\/em><br \/>\n<em>VOLKSWAGEN 504.00<\/em><br \/>\n<em>VOLKSWAGEN 507.00<\/em><br \/>\n<em>VOLKSWAGEN TL 52 195<\/em><br \/>\n<em>BMW LL-04<\/em><br \/>\n<em>PORSCHE C30<\/em><\/p>\n","protected":false},"excerpt":{"rendered":"<div class=\"productDescription\">\n<p><strong>Aceite 5W30 Pemco Idrive 350 Fully Synthetic Acea C3\u00a0<\/strong><\/p>\n<p>&nbsp;<\/p>\n<p>Innovador aceite de motor premium bisint\u00e9tico multigrado universal (<em><strong>PAO + \u00e9steres<\/strong><\/em>) para motores modernos de gasolina y di\u00e9sel (incluidos los de inyecci\u00f3n directa) con y sin turbocompresor, incluidos los equipados con boquillas de bomba (Pumpe-Duse). Dise\u00f1ado en base a los requisitos de<em><strong>\u00a0VW<\/strong><\/em>\u00a0y<em><strong>\u00a0DAIMLER<\/strong><\/em>.<\/p>\n<p><em><strong>Propiedades del producto:<\/strong><\/em><br \/>\n<strong>\u2013<\/strong>\u00a0Debido a los componentes de \u00e9ster que contiene, tiene excelentes propiedades antiadherentes, antidesgaste y antifricci\u00f3n, lo que garantiza un funcionamiento prolongado y sin problemas del sistema bomba-boquilla;<br \/>\n<strong>\u2013<\/strong>\u00a0Debido a sus excelentes propiedades de lavado y dispersi\u00f3n y la m\u00e1s alta estabilidad t\u00e9rmica oxidativa, lucha eficazmente contra todo tipo de dep\u00f3sitos y mantiene limpias las piezas del motor durante todo el intervalo entre reemplazos;<br \/>\n<strong>\u2013<\/strong>\u00a0Ahorro de combustible gracias a sus \u00f3ptimas propiedades antifricci\u00f3n;<br \/>\n<strong>\u2013<\/strong>\u00a0Los componentes de \u00e9ster en combinaci\u00f3n con una base bisint\u00e9tica garantizan un f\u00e1cil arranque del motor a baja temperatura debido a indicadores excepcionales de arranque y bombeabilidad, lo que reduce significativamente el desgaste del motor al arrancar.<br \/>\n<strong>\u2013<\/strong>\u00a0Tiene una viscosidad \u00f3ptima en un amplio rango de temperatura, lo que garantiza un funcionamiento estable en todos los modos de funcionamiento, incluso durante sobrecargas;<br \/>\n<strong>\u2013<\/strong>\u00a0Debido a la alta estabilidad termo-oxidativa, resiste eficazmente el envejecimiento;<br \/>\n<strong>\u2013<\/strong>\u00a0Compatible con todos los sistemas de postratamiento de gases de escape,\u00a0<em><strong>DPF<\/strong><\/em>,\u00a0<em><strong>TWC<\/strong><\/em>,\u00a0<em><strong>EGR<\/strong><\/em>\u00a0y\u00a0<em><strong>SCR<\/strong><\/em>\u00a0mediante el uso de la tecnolog\u00eda Mid\u00a0<em><strong>SAPS<\/strong><\/em>;<br \/>\n<strong>\u2013<\/strong>\u00a0Se utiliza en motores con intervalos de cambio de aceite prolongados (<em><strong>Long Life hasta 30.000 km<\/strong><\/em>) y convencionales;<br \/>\n<strong>\u2013<\/strong>\u00a0Apto para motores que utilizan gas natural licuado (<em><strong>GNL<\/strong><\/em>) y gas de petr\u00f3leo (<em><strong>GLP<\/strong><\/em>).<\/p>\n<p>Dise\u00f1ado para motores de gasolina y di\u00e9sel del est\u00e1ndar\u00a0<em><strong>EURO IV<\/strong><\/em>\u00a0y\u00a0<em><strong>EURO V<\/strong><\/em>\u00a0de una amplia flota de autom\u00f3viles (<em><strong>autom\u00f3viles, SUV ligeros, minibuses y camiones ligeros<\/strong><\/em>) de fabricantes europeos y de otros fabricantes).<br \/>\n\u00a1El aceite no es adecuado para su uso en camiones pesados y veh\u00edculos similares!<\/p>\n<\/div>\n<div id=\"caracteristicas\"><\/div>\n","protected":false},"featured_media":1349,"comment_status":"open","ping_status":"closed","template":"","meta":[],"product_brand":[],"product_cat":[18],"product_tag":[88,87,51,86,85],"class_list":{"0":"post-1348","1":"product","2":"type-product","3":"status-publish","4":"has-post-thumbnail","6":"product_cat-aceites","7":"product_tag-5w-30","8":"product_tag-5w30","9":"product_tag-liqui-moly","10":"product_tag-mobil-1-esp","11":"product_tag-mobil-super-3000","12":"it-has-gallery","14":"first","15":"instock","16":"sale","17":"taxable","18":"shipping-taxable","19":"purchasable","20":"product-type-simple"},"jetpack_sharing_enabled":true,"jetpack_likes_enabled":true,"_links":{"self":[{"href":"https:\/\/petrocenter.cl\/web\/productos.php\/wp-json\/wp\/v2\/product\/1348","targetHints":{"allow":["GET"]}}],"collection":[{"href":"https:\/\/petrocenter.cl\/web\/productos.php\/wp-json\/wp\/v2\/product"}],"about":[{"href":"https:\/\/petrocenter.cl\/web\/productos.php\/wp-json\/wp\/v2\/types\/product"}],"replies":[{"embeddable":true,"href":"https:\/\/petrocenter.cl\/web\/productos.php\/wp-json\/wp\/v2\/comments?post=1348"}],"wp:featuredmedia":[{"embeddable":true,"href":"https:\/\/petrocenter.cl\/web\/productos.php\/wp-json\/wp\/v2\/media\/1349"}],"wp:attachment":[{"href":"https:\/\/petrocenter.cl\/web\/productos.php\/wp-json\/wp\/v2\/media?parent=1348"}],"wp:term":[{"taxonomy":"product_brand","embeddable":true,"href":"https:\/\/petrocenter.cl\/web\/productos.php\/wp-json\/wp\/v2\/product_brand?post=1348"},{"taxonomy":"product_cat","embeddable":true,"href":"https:\/\/petrocenter.cl\/web\/productos.php\/wp-json\/wp\/v2\/product_cat?post=1348"},{"taxonomy":"product_tag","embeddable":true,"href":"https:\/\/petrocenter.cl\/web\/productos.php\/wp-json\/wp\/v2\/product_tag?post=1348"}],"curies":[{"name":"wp","href":"https:\/\/api.w.org\/{rel}","templated":true}]}}