{"id":1320,"date":"2024-06-18T15:17:33","date_gmt":"2024-06-18T15:17:33","guid":{"rendered":"https:\/\/petrocenter.cl\/web\/productos.php\/?post_type=product&#038;p=1320"},"modified":"2025-03-11T15:43:00","modified_gmt":"2025-03-11T15:43:00","slug":"tambor-de-aceite-2t-adaf-208-litros","status":"publish","type":"product","link":"https:\/\/petrocenter.cl\/web\/productos.php\/producto\/tambor-de-aceite-2t-adaf-208-litros\/","title":{"rendered":"TAMBOR DE ACEITE 2T ADAF 208 LITROS"},"content":{"rendered":"<p>DESPACHO SIN COSTO DENTRO DE LA RM, V Y VI REGION (A CONVENIR)<\/p>\n","protected":false},"excerpt":{"rendered":"<h3 data-start=\"92\" data-end=\"154\"><strong data-start=\"96\" data-end=\"152\">Aceite 2T Rojo \u2013 Potencia y Protecci\u00f3n para tu Motor<\/strong><\/h3>\n<p data-start=\"156\" data-end=\"429\">El <strong data-start=\"159\" data-end=\"177\">Aceite 2T Rojo<\/strong> es un lubricante de <strong data-start=\"198\" data-end=\"214\">alta calidad<\/strong> dise\u00f1ado para motores de <strong data-start=\"240\" data-end=\"255\">dos tiempos<\/strong>. Su f\u00f3rmula especial minimiza la formaci\u00f3n de dep\u00f3sitos en la c\u00e1mara de combusti\u00f3n y las buj\u00edas, asegurando un <strong data-start=\"367\" data-end=\"426\">rendimiento \u00f3ptimo y prolongando la vida \u00fatil del motor<\/strong>.<\/p>\n<p data-start=\"431\" data-end=\"815\"><strong data-start=\"431\" data-end=\"452\">Beneficios clave:<\/strong><br data-start=\"452\" data-end=\"455\" \/>\u2705 <strong data-start=\"457\" data-end=\"479\">M\u00e1xima protecci\u00f3n:<\/strong> Reduce el desgaste y evita la formaci\u00f3n de herrumbre.<br data-start=\"533\" data-end=\"536\" \/>\u2705 <strong data-start=\"538\" data-end=\"559\">Mayor eficiencia:<\/strong> Previene la pre-ignici\u00f3n y optimiza el consumo de combustible.<br data-start=\"622\" data-end=\"625\" \/>\u2705 <strong data-start=\"627\" data-end=\"644\">Versatilidad:<\/strong> Ideal para <strong data-start=\"656\" data-end=\"699\" data-is-only-node=\"\">motos, motosierras, cortadoras de pasto<\/strong> y otros motores bencineros de alta potencia.<br data-start=\"744\" data-end=\"747\" \/>\u2705 <strong data-start=\"749\" data-end=\"787\">Cumple con normas internacionales:<\/strong> Certificaci\u00f3n <strong data-start=\"802\" data-end=\"812\">API TC<\/strong>.<\/p>\n<p>&nbsp;<\/p>\n<p>&nbsp;<\/p>\n<p>El aceite de motor de 2 tiempos es un lubricante especial dise\u00f1ado para este tipo de motores, que combina la funci\u00f3n de lubricaci\u00f3n y enriquecimiento de combustible. Normalmente, este aceite se mezcla directamente con la gasolina y se quema en el motor, proporcionando lubricaci\u00f3n y protecci\u00f3n contra el desgaste<\/p>\n<p>&nbsp;<\/p>\n","protected":false},"featured_media":1294,"comment_status":"open","ping_status":"closed","template":"","meta":[],"product_brand":[],"product_cat":[18],"product_tag":[89,92,91,90],"class_list":{"0":"post-1320","1":"product","2":"type-product","3":"status-publish","4":"has-post-thumbnail","6":"product_cat-aceites","7":"product_tag-cadenilla","8":"product_tag-economico","9":"product_tag-motosierra","10":"product_tag-stihl","11":"it-has-gallery","13":"first","14":"instock","15":"sale","16":"taxable","17":"shipping-taxable","18":"purchasable","19":"product-type-simple"},"jetpack_sharing_enabled":true,"jetpack_likes_enabled":true,"_links":{"self":[{"href":"https:\/\/petrocenter.cl\/web\/productos.php\/wp-json\/wp\/v2\/product\/1320","targetHints":{"allow":["GET"]}}],"collection":[{"href":"https:\/\/petrocenter.cl\/web\/productos.php\/wp-json\/wp\/v2\/product"}],"about":[{"href":"https:\/\/petrocenter.cl\/web\/productos.php\/wp-json\/wp\/v2\/types\/product"}],"replies":[{"embeddable":true,"href":"https:\/\/petrocenter.cl\/web\/productos.php\/wp-json\/wp\/v2\/comments?post=1320"}],"wp:featuredmedia":[{"embeddable":true,"href":"https:\/\/petrocenter.cl\/web\/productos.php\/wp-json\/wp\/v2\/media\/1294"}],"wp:attachment":[{"href":"https:\/\/petrocenter.cl\/web\/productos.php\/wp-json\/wp\/v2\/media?parent=1320"}],"wp:term":[{"taxonomy":"product_brand","embeddable":true,"href":"https:\/\/petrocenter.cl\/web\/productos.php\/wp-json\/wp\/v2\/product_brand?post=1320"},{"taxonomy":"product_cat","embeddable":true,"href":"https:\/\/petrocenter.cl\/web\/productos.php\/wp-json\/wp\/v2\/product_cat?post=1320"},{"taxonomy":"product_tag","embeddable":true,"href":"https:\/\/petrocenter.cl\/web\/productos.php\/wp-json\/wp\/v2\/product_tag?post=1320"}],"curies":[{"name":"wp","href":"https:\/\/api.w.org\/{rel}","templated":true}]}}