{"id":1310,"date":"2024-04-17T15:34:12","date_gmt":"2024-04-17T15:34:12","guid":{"rendered":"https:\/\/petrocenter.cl\/web\/productos.php\/?post_type=product&#038;p=1310"},"modified":"2024-08-07T23:05:22","modified_gmt":"2024-08-07T23:05:22","slug":"tambor-de-aceite-mannol-energy-premium-5w30-208-litros","status":"publish","type":"product","link":"https:\/\/petrocenter.cl\/web\/productos.php\/producto\/tambor-de-aceite-mannol-energy-premium-5w30-208-litros\/","title":{"rendered":"TAMBOR DE ACEITE MANNOL ENERGY PREMIUM 5W30 208 LITROS"},"content":{"rendered":"<p><strong>Corresponde a los requerimientos \/ especificaciones \/ productos:<\/strong><br \/>\nSAE 5W-30<br \/>\nAPI SN\/CH-4<br \/>\nACEA C2<br \/>\nACEA C3<br \/>\nVOLKSWAGEN 505 01<br \/>\nBMW LL-04<br \/>\nMB 229.51<br \/>\nMB 229.52<br \/>\nMB 229.31<br \/>\nMB 226.5<br \/>\nGM dexos2<\/p>\n<p>Approval<br \/>\nRecommendation<br \/>\nRENAULT RN0700<br \/>\nRENAULT RN0710<\/p>\n<p>&nbsp;<\/p>\n<p>Aceite de motor sint\u00e9tico que est\u00e1 dise\u00f1ado para ser utilizado en veh\u00edculos de gasolina y motores diesel, que est\u00e1n equipados con turbocompresores o no, equipados con filtros de part\u00edculas o no (DPF, FAP), y que tienen otros sistemas de limpieza de gases de escape. El conjunto de aditivos contempor\u00e1nea garantiza la m\u00e1xima protecci\u00f3n contra el desgaste y la extraordinaria limpieza de las piezas separadas del motor en condiciones de funcionamiento dif\u00edciles. La base completamente sint\u00e9tico garantiza una extraordinaria estabilidad de todas las caracter\u00edsticas del aceite del motor, incluso si los intervalos de servicio se incrementan (hasta 40.000 km). Puede utilizarse en los veh\u00edculos equipados con el gas l\u00edquido y unidades de gas natural (GLP \/ GNC).<\/p>\n<p>&nbsp;<\/p>\n<p>Aceite de motor sint\u00e9tico que est\u00e1 dise\u00f1ado para ser utilizado en veh\u00edculos de gasolina y motores diesel, que est\u00e1n equipados con turbocompresores o no, equipados con filtros de part\u00edculas o no (DPF, FAP), y que tienen otros sistemas de limpieza de gases de escape. El conjunto de aditivos contempor\u00e1nea garantiza la m\u00e1xima protecci\u00f3n contra el desgaste y la extraordinaria limpieza de las piezas separadas del motor en condiciones de funcionamiento dif\u00edciles. La base completamente sint\u00e9tico garantiza una extraordinaria estabilidad de todas las caracter\u00edsticas del aceite del motor, incluso si los intervalos de servicio se incrementan (hasta 40.000 km). Puede utilizarse en los veh\u00edculos equipados con el gas l\u00edquido y unidades de gas natural (GLP \/ GNC).<\/p>\n","protected":false},"excerpt":{"rendered":"<div class=\"productDescription\">Aceite de motor sint\u00e9tico que est\u00e1 dise\u00f1ado para ser utilizado en veh\u00edculos de gasolina y motores diesel, que est\u00e1n equipados con turbocompresores o no, equipados con filtros de part\u00edculas o no (DPF, FAP), y que tienen otros sistemas de limpieza de gases de escape.<\/div>\n<div id=\"caracteristicas\"><\/div>\n","protected":false},"featured_media":1311,"comment_status":"open","ping_status":"closed","template":"","meta":[],"product_brand":[],"product_cat":[18],"product_tag":[88,87,51,86,85],"class_list":{"0":"post-1310","1":"product","2":"type-product","3":"status-publish","4":"has-post-thumbnail","6":"product_cat-aceites","7":"product_tag-5w-30","8":"product_tag-5w30","9":"product_tag-liqui-moly","10":"product_tag-mobil-1-esp","11":"product_tag-mobil-super-3000","12":"it-has-gallery","14":"first","15":"instock","16":"sale","17":"taxable","18":"shipping-taxable","19":"purchasable","20":"product-type-simple"},"jetpack_sharing_enabled":true,"jetpack_likes_enabled":true,"_links":{"self":[{"href":"https:\/\/petrocenter.cl\/web\/productos.php\/wp-json\/wp\/v2\/product\/1310","targetHints":{"allow":["GET"]}}],"collection":[{"href":"https:\/\/petrocenter.cl\/web\/productos.php\/wp-json\/wp\/v2\/product"}],"about":[{"href":"https:\/\/petrocenter.cl\/web\/productos.php\/wp-json\/wp\/v2\/types\/product"}],"replies":[{"embeddable":true,"href":"https:\/\/petrocenter.cl\/web\/productos.php\/wp-json\/wp\/v2\/comments?post=1310"}],"wp:featuredmedia":[{"embeddable":true,"href":"https:\/\/petrocenter.cl\/web\/productos.php\/wp-json\/wp\/v2\/media\/1311"}],"wp:attachment":[{"href":"https:\/\/petrocenter.cl\/web\/productos.php\/wp-json\/wp\/v2\/media?parent=1310"}],"wp:term":[{"taxonomy":"product_brand","embeddable":true,"href":"https:\/\/petrocenter.cl\/web\/productos.php\/wp-json\/wp\/v2\/product_brand?post=1310"},{"taxonomy":"product_cat","embeddable":true,"href":"https:\/\/petrocenter.cl\/web\/productos.php\/wp-json\/wp\/v2\/product_cat?post=1310"},{"taxonomy":"product_tag","embeddable":true,"href":"https:\/\/petrocenter.cl\/web\/productos.php\/wp-json\/wp\/v2\/product_tag?post=1310"}],"curies":[{"name":"wp","href":"https:\/\/api.w.org\/{rel}","templated":true}]}}