{"id":1302,"date":"2024-04-09T21:57:23","date_gmt":"2024-04-09T21:57:23","guid":{"rendered":"https:\/\/petrocenter.cl\/web\/productos.php\/?post_type=product&#038;p=1302"},"modified":"2025-10-15T20:39:40","modified_gmt":"2025-10-15T20:39:40","slug":"tambor-de-aceite-liqui-moly-leichtlauf-performance-10w40-205-litros","status":"publish","type":"product","link":"https:\/\/petrocenter.cl\/web\/productos.php\/producto\/tambor-de-aceite-liqui-moly-leichtlauf-performance-10w40-205-litros\/","title":{"rendered":"TAMBOR DE ACEITE LIQUI MOLY LEICHTLAUF PERFORMANCE 10W40 205 LITROS"},"content":{"rendered":"<table class=\"group Caracteristicas\" cellspacing=\"0\">\n<tbody>\n<tr class=\"even\">\n<th class=\"name-field Uso\">Uso<\/th>\n<td class=\"value-field Uso\">Motor<\/td>\n<\/tr>\n<tr>\n<th class=\"name-field Grado\">Grado<\/th>\n<td class=\"value-field Grado\">10W40<\/td>\n<\/tr>\n<tr class=\"even\">\n<th class=\"name-field Familia\">Familia<\/th>\n<td class=\"value-field Familia\">Veh\u00edculos Comerciales<\/td>\n<\/tr>\n<tr>\n<th class=\"name-field Producto-Para\">Producto Para<\/th>\n<td class=\"value-field Producto-Para\">Autom\u00f3vil &#8211; Veh\u00edculo Comercial<\/td>\n<\/tr>\n<tr class=\"even\">\n<th class=\"name-field Aplicacion\">Aplicaci\u00f3n<\/th>\n<td class=\"value-field Aplicacion\">Aceite de motor antifricci\u00f3n semisint\u00e9tico de alto rendimiento con la tecnolog\u00eda de aditivos m\u00e1s moderna. Apto para el uso todo el a\u00f1o en motores de gasolina y di\u00e9sel de turismos con y sin sobrealimentaci\u00f3n por turbocompresor y refrigerador del aire de admisi\u00f3n, por lo que cumple los requisitos de los dise\u00f1os de motor m\u00e1s modernos<\/td>\n<\/tr>\n<\/tbody>\n<\/table>\n<p>Especificaciones \/ Homologaciones<br \/>\nACEA A3 \u2022 ACEA B3 \u2022 API SL<\/p>\n","protected":false},"excerpt":{"rendered":"<div><em><strong>DESPACHO SIN COSTO<\/strong><\/em><\/div>\n<div><\/div>\n<div class=\"productDescription\">Aceite de motor antifricci\u00f3n para motores de gasolina y di\u00e9sel con y sin turbocompresor (ATL) y refrigeraci\u00f3n del aire de sobrealimentaci\u00f3n (LLK). Ofrece una excelente protecci\u00f3n antidesgaste, reduce el consumo de aceite y de combustible y garantiza una r\u00e1pida lubricaci\u00f3n integral del motor. Para motores de gasolina y di\u00e9sel con y sin enfriamiento del aire de admisi\u00f3n. Indicado para intervalos de cambio de aceite prolongados y cargas del motor elevadas. Aplicaci\u00f3n: Se deben observar las especificaciones y prescripciones de los fabricantes de grupos y veh\u00edculos. Eficacia \u00f3ptima solo en el uso sin mezclar.<\/div>\n<div><\/div>\n<div><\/div>\n<div><\/div>\n<div><\/div>\n<div>TAGS # MOBIL SUPER 2000 # TOTAL QUARTZ 7000 # 10W40 # 10W-40<\/div>\n<div><\/div>\n<div><\/div>\n<div id=\"caracteristicas\"><\/div>\n","protected":false},"featured_media":1285,"comment_status":"open","ping_status":"closed","template":"","meta":[],"product_brand":[],"product_cat":[18],"product_tag":[88,87,51,86,85],"class_list":{"0":"post-1302","1":"product","2":"type-product","3":"status-publish","4":"has-post-thumbnail","6":"product_cat-aceites","7":"product_tag-5w-30","8":"product_tag-5w30","9":"product_tag-liqui-moly","10":"product_tag-mobil-1-esp","11":"product_tag-mobil-super-3000","12":"it-has-gallery","14":"first","15":"instock","16":"sale","17":"taxable","18":"shipping-taxable","19":"purchasable","20":"product-type-simple"},"jetpack_sharing_enabled":true,"jetpack_likes_enabled":true,"_links":{"self":[{"href":"https:\/\/petrocenter.cl\/web\/productos.php\/wp-json\/wp\/v2\/product\/1302","targetHints":{"allow":["GET"]}}],"collection":[{"href":"https:\/\/petrocenter.cl\/web\/productos.php\/wp-json\/wp\/v2\/product"}],"about":[{"href":"https:\/\/petrocenter.cl\/web\/productos.php\/wp-json\/wp\/v2\/types\/product"}],"replies":[{"embeddable":true,"href":"https:\/\/petrocenter.cl\/web\/productos.php\/wp-json\/wp\/v2\/comments?post=1302"}],"wp:featuredmedia":[{"embeddable":true,"href":"https:\/\/petrocenter.cl\/web\/productos.php\/wp-json\/wp\/v2\/media\/1285"}],"wp:attachment":[{"href":"https:\/\/petrocenter.cl\/web\/productos.php\/wp-json\/wp\/v2\/media?parent=1302"}],"wp:term":[{"taxonomy":"product_brand","embeddable":true,"href":"https:\/\/petrocenter.cl\/web\/productos.php\/wp-json\/wp\/v2\/product_brand?post=1302"},{"taxonomy":"product_cat","embeddable":true,"href":"https:\/\/petrocenter.cl\/web\/productos.php\/wp-json\/wp\/v2\/product_cat?post=1302"},{"taxonomy":"product_tag","embeddable":true,"href":"https:\/\/petrocenter.cl\/web\/productos.php\/wp-json\/wp\/v2\/product_tag?post=1302"}],"curies":[{"name":"wp","href":"https:\/\/api.w.org\/{rel}","templated":true}]}}