{"id":1287,"date":"2024-03-29T15:25:13","date_gmt":"2024-03-29T15:25:13","guid":{"rendered":"https:\/\/petrocenter.cl\/web\/productos.php\/?post_type=product&#038;p=1287"},"modified":"2024-10-03T14:19:17","modified_gmt":"2024-10-03T14:19:17","slug":"tambor-de-aceite-liqui-moly-top-tec-4200-new-generation-5w30-205-litros","status":"publish","type":"product","link":"https:\/\/petrocenter.cl\/web\/productos.php\/producto\/tambor-de-aceite-liqui-moly-top-tec-4200-new-generation-5w30-205-litros\/","title":{"rendered":"TAMBOR DE ACEITE LIQUI MOLY TOP TEC 4200 NEW GENERATION 5W30 205 LITROS"},"content":{"rendered":"<div>\n<p><strong class=\"d-block mb-2\">Aprobaci\u00f3n<\/strong><\/p>\n<p class=\"mb-4\">ACEA C3, API SP, BMW Longlife-04, MB-Approval 229.31, MB-Approval 229.51, MB-Approval 229.52, Opel OV 040 1547 &#8211; G30 \/ Opel OV 040 1547 &#8211; D30, Porsche C30, VW 504 00, VW 507 00<\/p>\n<\/div>\n<div>\n<p><strong class=\"d-block mb-2\">Liqui Moly recomienda este producto para veh\u00edculos con las siguientes especificaciones<\/strong>ACEA C2, BMW Longlife-01 (up to 2018)*, BMW Longlife-01 FE (up to 2018)*, Fiat 9.55535-S1, Fiat 9.55535-S3, GWM, HAVAL, VW 500 00, VW 501 01, VW 502 00, VW 503 00, VW 503 01, VW 505 00, VW 505 01, VW 506 00, VW 506 01 (With the exception of R5 and V10 TDI engines before 6\/2006), Wuling<\/p>\n<\/div>\n","protected":false},"excerpt":{"rendered":"<div><em><strong>DESPACHO SIN COSTO<\/strong><\/em><\/div>\n<div class=\"d-inline-block fs-9 product attribute description\"><span class=\"value\">Aceite de motor antifricci\u00f3n hidrocraqueado (HC) de alta tecnolog\u00eda. Ofrece una extraordinaria protecci\u00f3n antidesgaste, reduce el consumo de aceite y de combustible y garantiza una r\u00e1pida lubricaci\u00f3n integral del motor. As\u00ed, en funci\u00f3n de las prescripciones del fabricante se pueden alcanzar intervalos de cambio de aceite de hasta 30.000 o 50.000 km o 2 a\u00f1os para conductores ocasionales.<\/span><\/div>\n<p>&nbsp;<\/p>\n<div class=\"d-inline-block fs-9 product attribute mt-2\"><span class=\"value\">Para motores de gasolina y di\u00e9sel que aplican las normas de gases de escape Euro 4, Euro 5 y Euro 6 (incluyendo FSI, tecnolog\u00eda Common Rail y de bomba-inyector). Particularmente indicado para veh\u00edculos que funcionan con gas (GNC\/GLP) y veh\u00edculos con filtro de part\u00edculas di\u00e9sel (DPF), tambi\u00e9n en caso de equipamiento posterior. Excepci\u00f3n: motores TDI R5 y V10 anteriores al a\u00f1o de construcci\u00f3n 06.2006. Probado en turbocompresores y catalizadores.<\/span><\/div>\n<p>&nbsp;<\/p>\n","protected":false},"featured_media":1285,"comment_status":"open","ping_status":"closed","template":"","meta":[],"product_brand":[],"product_cat":[18],"product_tag":[88,87,51,86,85],"class_list":{"0":"post-1287","1":"product","2":"type-product","3":"status-publish","4":"has-post-thumbnail","6":"product_cat-aceites","7":"product_tag-5w-30","8":"product_tag-5w30","9":"product_tag-liqui-moly","10":"product_tag-mobil-1-esp","11":"product_tag-mobil-super-3000","12":"it-has-gallery","14":"first","15":"outofstock","16":"taxable","17":"shipping-taxable","18":"purchasable","19":"product-type-simple"},"jetpack_sharing_enabled":true,"jetpack_likes_enabled":true,"_links":{"self":[{"href":"https:\/\/petrocenter.cl\/web\/productos.php\/wp-json\/wp\/v2\/product\/1287","targetHints":{"allow":["GET"]}}],"collection":[{"href":"https:\/\/petrocenter.cl\/web\/productos.php\/wp-json\/wp\/v2\/product"}],"about":[{"href":"https:\/\/petrocenter.cl\/web\/productos.php\/wp-json\/wp\/v2\/types\/product"}],"replies":[{"embeddable":true,"href":"https:\/\/petrocenter.cl\/web\/productos.php\/wp-json\/wp\/v2\/comments?post=1287"}],"wp:featuredmedia":[{"embeddable":true,"href":"https:\/\/petrocenter.cl\/web\/productos.php\/wp-json\/wp\/v2\/media\/1285"}],"wp:attachment":[{"href":"https:\/\/petrocenter.cl\/web\/productos.php\/wp-json\/wp\/v2\/media?parent=1287"}],"wp:term":[{"taxonomy":"product_brand","embeddable":true,"href":"https:\/\/petrocenter.cl\/web\/productos.php\/wp-json\/wp\/v2\/product_brand?post=1287"},{"taxonomy":"product_cat","embeddable":true,"href":"https:\/\/petrocenter.cl\/web\/productos.php\/wp-json\/wp\/v2\/product_cat?post=1287"},{"taxonomy":"product_tag","embeddable":true,"href":"https:\/\/petrocenter.cl\/web\/productos.php\/wp-json\/wp\/v2\/product_tag?post=1287"}],"curies":[{"name":"wp","href":"https:\/\/api.w.org\/{rel}","templated":true}]}}