{"id":1246,"date":"2023-10-30T18:48:08","date_gmt":"2023-10-30T18:48:08","guid":{"rendered":"https:\/\/petrocenter.cl\/web\/productos.php\/?post_type=product&#038;p=1246"},"modified":"2024-08-15T17:13:02","modified_gmt":"2024-08-15T17:13:02","slug":"tambor-aceite-de-motor-mobil-super-3000-xe-5w30-208-litros","status":"publish","type":"product","link":"https:\/\/petrocenter.cl\/web\/productos.php\/producto\/tambor-aceite-de-motor-mobil-super-3000-xe-5w30-208-litros\/","title":{"rendered":"Tambor aceite de motor Mobil Super 3000 XE 5w30 208 litros"},"content":{"rendered":"<p>PROPIEDADES Y BENEFICIOS<br \/>\n\u2022 Ayuda a mantener la eficiencia de los sistemas de reducci\u00f3n de emisiones de escape de los veh\u00edculos di\u00e9sel y de gasolina.<br \/>\n\u2022 Permite la operaci\u00f3n prolongada a temperaturas elevadas sin espesamiento oxidativo del aceite y degradaci\u00f3n del mismo.<br \/>\n\u2022 Proporciona una excelente fluidez a bajas temperaturas lo cual permite un arranque f\u00e1cil en el invierno y una r\u00e1pida circulaci\u00f3n del aceite alrededor del motor.<br \/>\n\u2022 Apto para utilizarse en autom\u00f3viles de pasajeros y veh\u00edculos comerciales livianos con motores tanto de gasolina como diesel.<br \/>\nAPLICACIONES<br \/>\nMobil Super 3000 XE 5W-30 ha sido desarrollado para cumplir con las m\u00e1s recientes especificaciones para aceites de motor requeridas por los fabricantes de autom\u00f3viles m\u00e1s importantes y es compatible con filtros<br \/>\nde part\u00edculas di\u00e9sel y con todos los convertidores catal\u00edticos de gasolina.<br \/>\nMobil Super 3000 XE 5W-30 ofrece un excelente desempe\u00f1o tanto a muy altas como a muy bajas temperaturas de operaci\u00f3n y una protecci\u00f3n a largo plazo del motor contra el desgaste y la acumulaci\u00f3n de<br \/>\nlodos y dep\u00f3sitos.<br \/>\nMobil Super 3000 XE 5W-30 es especialmente recomendado por ExxonMobil para su uso en veh\u00edculos Mercedes-Benz (que requieren un producto con aprobaci\u00f3n MB 229.31, 229.51 o 229.52), en los veh\u00edculos<br \/>\nBMW (que requieren Longlife Oil 04) y en los veh\u00edculos Volkswagen (que requieren un producto con la aprobaci\u00f3n VW 502 00\/505 00).<br \/>\nMobil Super 3000 XE 5W-30 tambi\u00e9n es recomendado por ExxonMobil para usarse en motores con bomba pulsatoria Volkswagen TDI (intervalos de cambio de aceite: 15000 km \/ 1 a\u00f1o) que requiere una aprobaci\u00f3n<br \/>\nVW 505 01 y en el motor turbo di\u00e9sel Ford Galaxy 1.9L que requiere una aprobaci\u00f3n VW 505 01 o Ford WSS-M2C917-A.<br \/>\nMobil S\u00faper 3000 XE 5W-30 cuenta con la aprobaci\u00f3n General Motors Service Fill dexos2\u2122, que se requiere para todos los nuevos modelos 2010 de motores di\u00e9sel y gasolina de GM\/Opel\/Vauxhall\/Chevrolet. GM\/Opel ha informado que la especificaci\u00f3n dexos2\u2122 es compatible con las especificaciones m\u00e1s antiguas de GM\/Opel (GM-LL-A-025 y GM-B-LL-025). La mayor\u00eda de los veh\u00edculos GM\/Opel\/Vauxhall\/Chevrolet con motores di\u00e9sel y de gasolina pueden utilizar los lubricantes dexos2\u2122.<br \/>\nESPECIFICACIONES Y APROBACIONES<br \/>\nMobil Super 3000 XE 5W-30 cumple o excede los requisitos de:<br \/>\nACEA C2-16 \/C3-16<br \/>\nAPI SN \/ SM \/ SL<br \/>\n23\/06\/2020<br \/>\nP\u00e1gina 1\/2<br \/>\nMobil Super 3000 XE 5W-30 posee las siguientes aprobaciones de fabricantes:<br \/>\nGeneral Motors dexos2\u2122-SF (n\u00famero de licencia GB1A0914015)<br \/>\nOpel GM-LL-A-025<br \/>\nMB-Approval 229.31<br \/>\nMB-Approval 229.51<br \/>\nMB-Approval 229.52<br \/>\nVolkswagen (gasolina \/ di\u00e9sel) 505 00 \/ 505 01<br \/>\nMobil Super 3000 XE 5W-30 est\u00e1 recomendado por ExxonMobil para utilizarse en aplicaciones que requieren:<br \/>\nAPI CF<br \/>\nFord WSS-M2C917-A<br \/>\nOpel GM-LL-A-025<br \/>\nOpel GM-LL-B-025<br \/>\nCHINA GB 11121 &#8211; 2006 SL<br \/>\nPROPIEDADES TIPICAS<br \/>\nGrado SAE Mobil Super 3000 XE 5W-30<br \/>\nViscosidad, ASTM D 445<br \/>\ncSt @ 40\u00ba C 68<br \/>\ncSt @ 100\u00ba C 11.9<br \/>\nCenizas sulfatadas, % peso, ASTM D 874 0.8<br \/>\nF\u00f3sforo 0.08<br \/>\nPunto de inflamaci\u00f3n, \u00b0C, ASTM D 92 230<br \/>\nDensidad @15\u00ba C kg\/l, ASTM D 4052 0.85<br \/>\nPunto m\u00ednimo de fluidez, \u00b0C, ASTM D 97 -36<\/p>\n","protected":false},"excerpt":{"rendered":"<p>Mobil Super 3000\u2122 XE 5W-30 es un aceite sint\u00e9tico de alto desempe\u00f1o para motores con bajo contenido de cenizas. Dise\u00f1ado para ayudar a prolongar la vida \u00fatil y mantener la eficiencia de los sistemas de reducci\u00f3n de emisiones para motores tanto di\u00e9sel como de gasolina.<\/p>\n","protected":false},"featured_media":1038,"comment_status":"open","ping_status":"closed","template":"","meta":[],"product_brand":[],"product_cat":[18],"product_tag":[],"class_list":{"0":"post-1246","1":"product","2":"type-product","3":"status-publish","4":"has-post-thumbnail","6":"product_cat-aceites","8":"first","9":"instock","10":"sale","11":"featured","12":"taxable","13":"shipping-taxable","14":"purchasable","15":"product-type-simple"},"jetpack_sharing_enabled":true,"jetpack_likes_enabled":true,"_links":{"self":[{"href":"https:\/\/petrocenter.cl\/web\/productos.php\/wp-json\/wp\/v2\/product\/1246","targetHints":{"allow":["GET"]}}],"collection":[{"href":"https:\/\/petrocenter.cl\/web\/productos.php\/wp-json\/wp\/v2\/product"}],"about":[{"href":"https:\/\/petrocenter.cl\/web\/productos.php\/wp-json\/wp\/v2\/types\/product"}],"replies":[{"embeddable":true,"href":"https:\/\/petrocenter.cl\/web\/productos.php\/wp-json\/wp\/v2\/comments?post=1246"}],"wp:featuredmedia":[{"embeddable":true,"href":"https:\/\/petrocenter.cl\/web\/productos.php\/wp-json\/wp\/v2\/media\/1038"}],"wp:attachment":[{"href":"https:\/\/petrocenter.cl\/web\/productos.php\/wp-json\/wp\/v2\/media?parent=1246"}],"wp:term":[{"taxonomy":"product_brand","embeddable":true,"href":"https:\/\/petrocenter.cl\/web\/productos.php\/wp-json\/wp\/v2\/product_brand?post=1246"},{"taxonomy":"product_cat","embeddable":true,"href":"https:\/\/petrocenter.cl\/web\/productos.php\/wp-json\/wp\/v2\/product_cat?post=1246"},{"taxonomy":"product_tag","embeddable":true,"href":"https:\/\/petrocenter.cl\/web\/productos.php\/wp-json\/wp\/v2\/product_tag?post=1246"}],"curies":[{"name":"wp","href":"https:\/\/api.w.org\/{rel}","templated":true}]}}