{"id":1224,"date":"2023-10-19T00:38:58","date_gmt":"2023-10-19T00:38:58","guid":{"rendered":"https:\/\/petrocenter.cl\/web\/productos.php\/?post_type=product&#038;p=1224"},"modified":"2025-04-01T01:32:56","modified_gmt":"2025-04-01T01:32:56","slug":"tambor-aceite-mobil-almo-529-208-litros","status":"publish","type":"product","link":"https:\/\/petrocenter.cl\/web\/productos.php\/producto\/tambor-aceite-mobil-almo-529-208-litros\/","title":{"rendered":"Tambor aceite Mobil Almo 529 208 litros"},"content":{"rendered":"<h2>Propiedades y Beneficios<\/h2>\n<p>Los aceites de la serie Mobil Almo 500 proporcionan un \u00f3ptimo balance de desempe\u00f1o que asegura la larga vida \u00fatil de los equipos y m\u00ednimos gastos de mantenimiento. Sus excelentes caracter\u00edsticas de protecci\u00f3n contra el desgaste y su capacidad para proporcionar una adecuada lubricaci\u00f3n en la presencia del agua no s\u00f3lo reducen el desgaste, sino adem\u00e1s protegen contra la herrumbre y la corrosi\u00f3n. La buena estabilidad qu\u00edmica de los mismos previene la formaci\u00f3n de dep\u00f3sitos y sedimentos lo cual reduce la necesidad de mantenimiento frecuente.<\/p>\n<div class=\"table-responsive\">\n<table class=\"table table-striped\">\n<tbody>\n<tr>\n<td>Propiedades<\/td>\n<td>Ventajas y beneficios potenciales<\/td>\n<\/tr>\n<tr>\n<td>Efectiva estabilidad qu\u00edmica<\/td>\n<td>Reduce la formaci\u00f3n de sedimentos y dep\u00f3sitos<\/td>\n<\/tr>\n<tr>\n<td><\/td>\n<td>Mejora la operaci\u00f3n de las v\u00e1lvulas<\/td>\n<\/tr>\n<tr>\n<td>Propiedades emulsionantes deseables<\/td>\n<td>Lubricaci\u00f3n efectiva en la presencia de agua<\/td>\n<\/tr>\n<tr>\n<td>Alto \u00edndice de viscosidad<\/td>\n<td>Proporciona buena lubricaci\u00f3n tanto a temperaturas altas como bajas<\/td>\n<\/tr>\n<tr>\n<td>Excelente capacidad de soporte de cargas y de protecci\u00f3n contra el desgaste<\/td>\n<td>Reduce el desgaste de los componentes<\/td>\n<\/tr>\n<tr>\n<td><\/td>\n<td>Prolonga la vida \u00fatil de los equipos<\/td>\n<\/tr>\n<tr>\n<td><\/td>\n<td>Reduce los costos de mantenimiento<\/td>\n<\/tr>\n<tr>\n<td>Muy buenas caracter\u00edsticas adhesivas<\/td>\n<td>Protege a las superficies met\u00e1licas contra la corrosi\u00f3n<\/td>\n<\/tr>\n<tr>\n<td><\/td>\n<td>Proporciona buenas pel\u00edculas lubricantes bajo todas las condiciones<\/td>\n<\/tr>\n<tr>\n<td>Herrumbre y Corrosi\u00f3n<\/td>\n<td>Mayor vida \u00fatil de las herramientas<\/td>\n<\/tr>\n<tr>\n<td><\/td>\n<td>Incrementa el desempe\u00f1o de las mismas<\/td>\n<\/tr>\n<\/tbody>\n<\/table>\n<\/div>\n<p>&nbsp;<\/p>\n<h2>Aplicaciones<\/h2>\n<p>Los aceites de la serie Mobil Almo 500 son recomendados para usarse en todo tipo de taladradoras neum\u00e1ticas de roca tanto en miner\u00eda superficial como subterr\u00e1nea as\u00ed como en aplicaciones de la industria de la construcci\u00f3n y otras aplicaciones industriales. Son aptos para usarse en herramientas de tipo rotativo y de percusi\u00f3n. Los grados de viscosidad permiten una selecci\u00f3n para uso durante todo el a\u00f1o en lugares donde las variaciones de temperaturas ambientales estacionales son extremas.<\/p>\n<ul>\n<li>Taladros de roca operadas neum\u00e1ticamente en operaciones de miner\u00eda de superficie y subterr\u00e1neas<\/li>\n<li>Taladradoras y martillos neum\u00e1ticos en construcciones de carretera y edificaciones<\/li>\n<li>Taladradoras de roca en operaciones de canteras<\/li>\n<li>Herramientas neum\u00e1ticas de percusi\u00f3n y rotatorias en aplicaciones industriales<\/li>\n<\/ul>\n<h2>Caracter\u00edsticas t\u00edpicas<\/h2>\n<div class=\"table-responsive\">\n<table class=\"table table-striped\">\n<tbody>\n<tr>\n<td><\/td>\n<td>Mobil Almo 524<\/td>\n<td>Mobil Almo 525<\/td>\n<td>Mobil Almo 527<\/td>\n<td>Mobil Almo 529<\/td>\n<td>Mobil Almo 530<\/td>\n<td>Mobil Almo 532<\/td>\n<\/tr>\n<tr>\n<td>Grado de viscosidad ISO<\/td>\n<td>32<\/td>\n<td>46<\/td>\n<td><\/td>\n<td><\/td>\n<td>220<\/td>\n<td>320<\/td>\n<\/tr>\n<tr>\n<td>Viscosidad, ASTM D 445<\/td>\n<td><\/td>\n<td><\/td>\n<td><\/td>\n<td><\/td>\n<td><\/td>\n<td><\/td>\n<\/tr>\n<tr>\n<td>cSt @ 40\u00baC<\/td>\n<td>32<\/td>\n<td>46<\/td>\n<td>100<\/td>\n<td>172<\/td>\n<td>220<\/td>\n<td>320<\/td>\n<\/tr>\n<tr>\n<td>cSt @ 100\u00baC<\/td>\n<td>5.5<\/td>\n<td>7.3<\/td>\n<td>11.5<\/td>\n<td>16.5<\/td>\n<td>19.7<\/td>\n<td>24.9<\/td>\n<\/tr>\n<tr>\n<td>\u00cdndice de viscosidad, ASTM D 2270<\/td>\n<td>108<\/td>\n<td>105<\/td>\n<td>102<\/td>\n<td>102<\/td>\n<td>100<\/td>\n<td>99<\/td>\n<\/tr>\n<tr>\n<td>Punto de fluidez, \u00b0C, ASTM D 97<\/td>\n<td>-51<\/td>\n<td>-30<\/td>\n<td>-27<\/td>\n<td>-24<\/td>\n<td>-24<\/td>\n<td>-21<\/td>\n<\/tr>\n<tr>\n<td>Punto de inflamaci\u00f3n, \u00b0C, ASTM D 92, min<\/td>\n<td>170<\/td>\n<td>188<\/td>\n<td>220<\/td>\n<td>220<\/td>\n<td>220<\/td>\n<td>232<\/td>\n<\/tr>\n<tr>\n<td>Densidad a 15,6\u00baC, ASTM D 4052, kg\/L<\/td>\n<td>0.880<\/td>\n<td>0.883<\/td>\n<td>0.899<\/td>\n<td>0.893<\/td>\n<td>0.898<\/td>\n<td>0.902<\/td>\n<\/tr>\n<\/tbody>\n<\/table>\n<\/div>\n","protected":false},"excerpt":{"rendered":"<p>Los lubricantes de la serie Mobil Almo 500 son productos de alto desempe\u00f1o y de primera calidad dise\u00f1ados para usarse principalmente en la lubricaci\u00f3n de taladradoras neum\u00e1ticas de roca usadas en operaciones de miner\u00eda superficial y subterr\u00e1nea. Los aceites de la serie Mobil Almo est\u00e1n formulados a partir de materiales base y aditivos de alta calidad que proporcionan excelente estabilidad qu\u00edmica y buena protecci\u00f3n contra el desgaste y la corrosi\u00f3n. Ofrecen un balance \u00f3ptimo de adhesividad, siendo sin embargo lo suficientemente emulsionantes para recoger la humedad portada en la corriente de aire, reduciendo as\u00ed los efectos negativos del desgaste y corrosi\u00f3n a causa del agua. No forman dep\u00f3sitos gomosos que pudieran causar que las v\u00e1lvulas act\u00faen con lentitud. Incluso en la presencia de agua, los aceites de la serie Mobil Almo 500 poseen buenas propiedades de humectaci\u00f3n preferente de los metales que mantienen pel\u00edculas del aceite continuas. Estas propiedades en combinaci\u00f3n con las caracter\u00edsticas de extrema presion alta ayudan a proporcionar una excelente lubricaci\u00f3n que prolonga la vida \u00fatil de los equipos.<br \/>\nLos aceites de la serie Mobil Almo 500 poseen altos \u00edndices de viscosidad y bajos puntos de fluidez para asegurar la buena lubricaci\u00f3n a las temperaturas bajas resultantes por la expansi\u00f3n del aire y una protecci\u00f3n contra los paros por congelamiento a la vez que proporcionan pel\u00edculas adecuadas en las partes del taladro que puedan operar a altas temperaturas. Los niveles de generaci\u00f3n de nieblas de aceite son extremadamente bajos.<\/p>\n","protected":false},"featured_media":1038,"comment_status":"open","ping_status":"closed","template":"","meta":[],"product_brand":[],"product_cat":[18],"product_tag":[],"class_list":{"0":"post-1224","1":"product","2":"type-product","3":"status-publish","4":"has-post-thumbnail","6":"product_cat-aceites","8":"first","9":"instock","10":"sale","11":"taxable","12":"shipping-taxable","13":"purchasable","14":"product-type-simple"},"jetpack_sharing_enabled":true,"jetpack_likes_enabled":true,"_links":{"self":[{"href":"https:\/\/petrocenter.cl\/web\/productos.php\/wp-json\/wp\/v2\/product\/1224","targetHints":{"allow":["GET"]}}],"collection":[{"href":"https:\/\/petrocenter.cl\/web\/productos.php\/wp-json\/wp\/v2\/product"}],"about":[{"href":"https:\/\/petrocenter.cl\/web\/productos.php\/wp-json\/wp\/v2\/types\/product"}],"replies":[{"embeddable":true,"href":"https:\/\/petrocenter.cl\/web\/productos.php\/wp-json\/wp\/v2\/comments?post=1224"}],"wp:featuredmedia":[{"embeddable":true,"href":"https:\/\/petrocenter.cl\/web\/productos.php\/wp-json\/wp\/v2\/media\/1038"}],"wp:attachment":[{"href":"https:\/\/petrocenter.cl\/web\/productos.php\/wp-json\/wp\/v2\/media?parent=1224"}],"wp:term":[{"taxonomy":"product_brand","embeddable":true,"href":"https:\/\/petrocenter.cl\/web\/productos.php\/wp-json\/wp\/v2\/product_brand?post=1224"},{"taxonomy":"product_cat","embeddable":true,"href":"https:\/\/petrocenter.cl\/web\/productos.php\/wp-json\/wp\/v2\/product_cat?post=1224"},{"taxonomy":"product_tag","embeddable":true,"href":"https:\/\/petrocenter.cl\/web\/productos.php\/wp-json\/wp\/v2\/product_tag?post=1224"}],"curies":[{"name":"wp","href":"https:\/\/api.w.org\/{rel}","templated":true}]}}