{"id":1216,"date":"2023-10-18T01:06:54","date_gmt":"2023-10-18T01:06:54","guid":{"rendered":"https:\/\/petrocenter.cl\/web\/productos.php\/?post_type=product&#038;p=1216"},"modified":"2025-03-15T00:12:46","modified_gmt":"2025-03-15T00:12:46","slug":"tambor-aceite-de-motor-mobil-delvac-1300-super-15w40-ck-4-208-litros","status":"publish","type":"product","link":"https:\/\/petrocenter.cl\/web\/productos.php\/producto\/tambor-aceite-de-motor-mobil-delvac-1300-super-15w40-ck-4-208-litros\/","title":{"rendered":"Tambor aceite de motor Mobil Delvac Modern Full Protection 15w40 CK-4 208 litros"},"content":{"rendered":"<blockquote>\n<p style=\"text-align: left;\">Propiedades y beneficios<\/p>\n<\/blockquote>\n<p>Mobil Delvac 1300 Super 15W-40 est\u00e1 formulado con una tecnolog\u00eda de aceite base optimizada, que contiene aceites base hidroprocesados severamente y un sistema de aditivos a la medida para proporcionar un desempe\u00f1o prolongado de hasta un 50% m\u00e1s all\u00e1 de los intervalos de cambio de aceite recomendados por los fabricantes de equipos 1. Esta formulaci\u00f3n de dominio privado proporciona una excelente protecci\u00f3n contra el desgaste, estabilidad sobresaliente contra la oxidaci\u00f3n, y una excepcional retenci\u00f3n del TBN. Mobil Delvac 1300 Super tambi\u00e9n proporciona una extraordinaria resistencia al consumo de aceite, la oxidaci\u00f3n, el desgaste corrosivo y abrasivo, y los dep\u00f3sitos a altas temperaturas.<\/p>\n<p>&nbsp;<\/p>\n<p>&nbsp;<\/p>\n<p>&nbsp;<\/p>\n<p>Propiedades<\/p>\n<p>&nbsp;<\/p>\n<p>Ventajas y beneficios potenciales<\/p>\n<p>&nbsp;<\/p>\n<p>Cumple con las especificaciones m\u00e1s exigentes de los principales fabricantes de equipos originales y con la m\u00e1s reciente categor\u00eda API de servicio de gasolina<\/p>\n<p>&nbsp;<\/p>\n<p>Un solo aceite de motor para operaciones de flotas mixtas<\/p>\n<p>&nbsp;<\/p>\n<p>Excelente estabilidad a la oxidaci\u00f3n<\/p>\n<p>&nbsp;<\/p>\n<p>Intervalos prolongados entre cambios de aceite. Menor acumulaci\u00f3n de lodos a bajas temperaturas y de dep\u00f3sitos a altas temperaturas<\/p>\n<p>&nbsp;<\/p>\n<p>Excelente control del holl\u00edn y la viscosidad<\/p>\n<p>&nbsp;<\/p>\n<p>Mayor eficiencia del motor, larga vida \u00fatil del motor y larga vida \u00fatil del aceite<\/p>\n<p>&nbsp;<\/p>\n<p>Excelente control del consumo de aceite<\/p>\n<p>&nbsp;<\/p>\n<p>Menores costos de aceite debido a una menor reposici\u00f3n durante la operaci\u00f3n<\/p>\n<p>&nbsp;<\/p>\n<p>Sobresaliente reserva de TBN<\/p>\n<p>&nbsp;<\/p>\n<p>Protecci\u00f3n contra la corrosi\u00f3n e intervalos prolongados entre cambios de aceite tanto para motores nuevos como viejos<\/p>\n<p>&nbsp;<\/p>\n<p>Fluidez y facilidad de bombeo a bajas temperaturas<\/p>\n<p>&nbsp;<\/p>\n<p>Formulado para un arranque suave en climas fr\u00edos<\/p>\n<p>&nbsp;<\/p>\n<p>Resistencia al desgaste corrosivo y abrasivo<\/p>\n<p>&nbsp;<\/p>\n<p>Larga vida de las superficies de desgaste cr\u00edticas<\/p>\n<p>&nbsp;<\/p>\n<p>Compatibilidad con los componentes<\/p>\n<p>&nbsp;<\/p>\n<p>Larga vida \u00fatil de las empaquetaduras y sellos<\/p>\n<p>&nbsp;<\/p>\n<p>Formulaci\u00f3n de bajo contenido de cenizas que cumple con los requisitos de API CK-4 y CJ-4<\/p>\n<p>&nbsp;<\/p>\n<p>Larga vida de los equipos de postratamiento de gases de escape (DPF, DOC y SCR)<\/p>\n","protected":false},"excerpt":{"rendered":"<ol>\n<li>Mobil Delvac 1300 Super 15W-40 es un lubricante para motores diesel formulado con aceites b\u00e1sicos de alta calidad y un sistema de aditivos balanceado que proporciona una sobresaliente protecci\u00f3n antidesgaste y que reduce significativamente la formaci\u00f3n de carb\u00f3n y dep\u00f3sitos en ranuras de anillos, pistones y otras partes cr\u00edticas del motor.<\/li>\n<\/ol>\n","protected":false},"featured_media":1038,"comment_status":"open","ping_status":"closed","template":"","meta":[],"product_brand":[],"product_cat":[18],"product_tag":[],"class_list":{"0":"post-1216","1":"product","2":"type-product","3":"status-publish","4":"has-post-thumbnail","6":"product_cat-aceites","7":"it-has-gallery","9":"first","10":"instock","11":"sale","12":"taxable","13":"shipping-taxable","14":"purchasable","15":"product-type-simple"},"jetpack_sharing_enabled":true,"jetpack_likes_enabled":true,"_links":{"self":[{"href":"https:\/\/petrocenter.cl\/web\/productos.php\/wp-json\/wp\/v2\/product\/1216","targetHints":{"allow":["GET"]}}],"collection":[{"href":"https:\/\/petrocenter.cl\/web\/productos.php\/wp-json\/wp\/v2\/product"}],"about":[{"href":"https:\/\/petrocenter.cl\/web\/productos.php\/wp-json\/wp\/v2\/types\/product"}],"replies":[{"embeddable":true,"href":"https:\/\/petrocenter.cl\/web\/productos.php\/wp-json\/wp\/v2\/comments?post=1216"}],"wp:featuredmedia":[{"embeddable":true,"href":"https:\/\/petrocenter.cl\/web\/productos.php\/wp-json\/wp\/v2\/media\/1038"}],"wp:attachment":[{"href":"https:\/\/petrocenter.cl\/web\/productos.php\/wp-json\/wp\/v2\/media?parent=1216"}],"wp:term":[{"taxonomy":"product_brand","embeddable":true,"href":"https:\/\/petrocenter.cl\/web\/productos.php\/wp-json\/wp\/v2\/product_brand?post=1216"},{"taxonomy":"product_cat","embeddable":true,"href":"https:\/\/petrocenter.cl\/web\/productos.php\/wp-json\/wp\/v2\/product_cat?post=1216"},{"taxonomy":"product_tag","embeddable":true,"href":"https:\/\/petrocenter.cl\/web\/productos.php\/wp-json\/wp\/v2\/product_tag?post=1216"}],"curies":[{"name":"wp","href":"https:\/\/api.w.org\/{rel}","templated":true}]}}