{"id":1213,"date":"2023-10-18T00:38:31","date_gmt":"2023-10-18T00:38:31","guid":{"rendered":"https:\/\/petrocenter.cl\/web\/productos.php\/?post_type=product&#038;p=1213"},"modified":"2024-05-22T22:43:25","modified_gmt":"2024-05-22T22:43:25","slug":"tambor-grasa-mobilgear-ogl-007-180-kilos","status":"publish","type":"product","link":"https:\/\/petrocenter.cl\/web\/productos.php\/producto\/tambor-grasa-mobilgear-ogl-007-180-kilos\/","title":{"rendered":"Tambor grasa Mobilgear OGL 007 180 kilos"},"content":{"rendered":"<h2 style=\"text-align: left;\">Propiedades y beneficios<\/h2>\n<p>Mobilgear OGL 007, 009, 2800 y 461 son miembros importantes de la marca de productos Mobilgear que gozan de una reputaci\u00f3n mundial en cuanto a desempe\u00f1o e innovaci\u00f3n. Desarrolladas por cient\u00edficos de investigaci\u00f3n de ExxonMobil y respaldadas por un personal de apoyo t\u00e9cnico mundial, las grasas Mobilgear OGL 007, 009, 2800 y 461 han proporcionado excelente protecci\u00f3n y rendimiento en grandes engranajes abiertos en una amplia variedad de aplicaciones industriales. Las grasas Mobilgear OGL 007, 009, 2800 y 461 fueron desarrolladas para satisfacer los requisitos de los fabricantes de equipos originales (OEM) y las necesidades de los clientes que prefieren utilizar una grasa blanda o semifluida para engranajes abiertos de velocidad lenta a media con cargas elevadas. Una necesidad cr\u00edtica de los productos de este tipo es separar los dientes de engranajes muy cargados y evitar el desgaste y los da\u00f1os a la superficie. Mobilgear OGL 007, 009, 2800 y 461 est\u00e1n formuladas con una calidad espec\u00edfica de grafito finamente disperso que nuestros investigadores han demostrado contribuye significativamente al espesor de la pel\u00edcula elastohidrodin\u00e1mica (EHL) en las condiciones de alta carga\/baja velocidad t\u00edpicas de los engranajes abiertos grandes<\/p>\n","protected":false},"excerpt":{"rendered":"<p>&nbsp;<\/p>\n<p>Grasa Descripci\u00f3n del producto Mobilgear OGL 007, 009, 2800 y 461 son lubricantes de avanzada tecnolog\u00eda y alto desempe\u00f1o que incorporan tanto aditivos para soportar presiones extremas como grafito finamente dispersado para soportar las cargas. Son fundamentalmente utilizados para la lubricaci\u00f3n de engranajes abiertos, de velocidad baja a media y altamente cargados. Adem\u00e1s de proporcionar una excelente capacidad de carga, est\u00e1n formulados para tener una excelente adherencia y resistencia al desprendimiento (&#8220;fling-off&#8221;) en condiciones extremas.<br \/>\nLos lubricantes Mobilgear OGL 007, 009, 2800 y 461 se bombean f\u00e1cilmente desde los bidones a las boquillas de aplicaci\u00f3n mediante pulverizaci\u00f3n utilizando bombas de transferencia convencionales. La consistencia blanda junto con las propiedades a bajas temperaturas de los lubricantes Mobilgear OGL 007, 009, 2800 y 461 hacen que sean aptos para aplicaciones de pulverizaci\u00f3n que operan en una amplia variedad de condiciones. Las grasas Mobilgear OGL 007, 009, 2800 y 461 est\u00e1n formuladas con una calidad cuidadosamente especificada de grafito finamente disperso que contribuye significativamente a la prevenci\u00f3n del desgaste en las condiciones de lubricaci\u00f3n marginal que se encuentran en las operaciones de alta carga\/baja velocidad t\u00edpicas de engranajes abiertos grandes. Adem\u00e1s, Mobilgear OGL 2800 ofrece una mayor protecci\u00f3n de las superficies en aplicaciones de engranajes abiertos gracias a un contenido del 12% de aditivos s\u00f3lidos para presiones extremas (EP).<\/p>\n","protected":false},"featured_media":1142,"comment_status":"open","ping_status":"closed","template":"","meta":[],"product_brand":[],"product_cat":[18,83],"product_tag":[],"class_list":{"0":"post-1213","1":"product","2":"type-product","3":"status-publish","4":"has-post-thumbnail","6":"product_cat-aceites","7":"product_cat-lubricantes-y-grasas-para-aerogeneradores","9":"first","10":"instock","11":"sale","12":"taxable","13":"shipping-taxable","14":"purchasable","15":"product-type-simple"},"jetpack_sharing_enabled":true,"jetpack_likes_enabled":true,"_links":{"self":[{"href":"https:\/\/petrocenter.cl\/web\/productos.php\/wp-json\/wp\/v2\/product\/1213","targetHints":{"allow":["GET"]}}],"collection":[{"href":"https:\/\/petrocenter.cl\/web\/productos.php\/wp-json\/wp\/v2\/product"}],"about":[{"href":"https:\/\/petrocenter.cl\/web\/productos.php\/wp-json\/wp\/v2\/types\/product"}],"replies":[{"embeddable":true,"href":"https:\/\/petrocenter.cl\/web\/productos.php\/wp-json\/wp\/v2\/comments?post=1213"}],"wp:featuredmedia":[{"embeddable":true,"href":"https:\/\/petrocenter.cl\/web\/productos.php\/wp-json\/wp\/v2\/media\/1142"}],"wp:attachment":[{"href":"https:\/\/petrocenter.cl\/web\/productos.php\/wp-json\/wp\/v2\/media?parent=1213"}],"wp:term":[{"taxonomy":"product_brand","embeddable":true,"href":"https:\/\/petrocenter.cl\/web\/productos.php\/wp-json\/wp\/v2\/product_brand?post=1213"},{"taxonomy":"product_cat","embeddable":true,"href":"https:\/\/petrocenter.cl\/web\/productos.php\/wp-json\/wp\/v2\/product_cat?post=1213"},{"taxonomy":"product_tag","embeddable":true,"href":"https:\/\/petrocenter.cl\/web\/productos.php\/wp-json\/wp\/v2\/product_tag?post=1213"}],"curies":[{"name":"wp","href":"https:\/\/api.w.org\/{rel}","templated":true}]}}