{"id":1196,"date":"2023-10-12T23:54:36","date_gmt":"2023-10-12T23:54:36","guid":{"rendered":"https:\/\/petrocenter.cl\/web\/productos.php\/?post_type=product&#038;p=1196"},"modified":"2025-10-21T18:55:46","modified_gmt":"2025-10-21T18:55:46","slug":"estanque-transportable-diesel-carrytank-400-litros-diesel-50-litros-adblue","status":"publish","type":"product","link":"https:\/\/petrocenter.cl\/web\/productos.php\/producto\/estanque-transportable-diesel-carrytank-400-litros-diesel-50-litros-adblue\/","title":{"rendered":"Estanque transportable diesel Carrytank 400 litros diesel + 50 litros Adblue"},"content":{"rendered":"<p style=\"padding-left: 40px;\">Caracter\u00edsticas T\u00e9cnicas<\/p>\n<p>El tanque port\u00e1til para petr\u00f3leo con unidad surtidora, es un equipo completo que permite el almacenamiento y suministro de petr\u00f3leo diesel en el punto que se le requiera.<br \/>\nCARRYTANK de Emiliana Serbatoi es ideal para surtir equipos pesados, tales como retroexcavadoras, equipos mineros, grupos electr\u00f3genos, tractores, trilladoras, etc., en el lugar mismo de su faena.<br \/>\nUn ahorro sustancial en el traslado de equipos hasta una estaci\u00f3n de servicio.<br \/>\nDentro del tanque hay una barrera separadora o rompe olas, evitando el movimiento del combustible durante el transporte. F\u00e1cil abastecimiento desde las estaciones de servicio.<br \/>\nSu forma ergonom\u00e9trica permite su cara estabilizada.<br \/>\nTransporte seguro y estable<\/p>\n<p>Tanque para gas\u00f3leo transportable de polietileno lineal con rotomoldeado,\u00a0<strong>con tapa bloqueable con candado reforzada\u00a0<\/strong>con tap\u00f3n de carga de aluminio, v\u00e1lvula de seguridad, grupo de trasvase, bocas para la elevaci\u00f3n a plena carga con horquillas, asas para la elevaci\u00f3n sin carga y alojamientos para la colocaci\u00f3n de correas de fijaci\u00f3n en la base de apoyo. Todos las aplicaciones son de aluminio o material compatible con el combustible Di\u00e9sel.<\/p>\n<div><strong>Caracter\u00edsticas generales<\/strong>:<\/div>\n<ul>\n<li>Capacidad nominal: 440 litros.<\/li>\n<li>Dimensiones: 1200 x 800 x H 785 mm.<\/li>\n<li>Peso sin carga: 40 Kg<\/li>\n<li>Peso sin carga con grupo de bomba 12 V: 52 Kg<\/li>\n<li>Espesor: 6,5 mm.<\/li>\n<li>Indicador de nivel.<\/li>\n<li>Tap\u00f3n de carga de aluminio de 2\u201d con v\u00e1lvula de seguridad incorporada<\/li>\n<\/ul>\n","protected":false},"excerpt":{"rendered":"<p style=\"padding-left: 120px; text-align: left;\">Equipamiento est\u00e1ndar<\/p>\n<p>Bomba marca Piusi modelo BP3000 12V. 50 lts\/min Diesel<br \/>\nCuenta litros digital modelo K24 ,Kit de 04 mts de manguera antiest\u00e1tica,<br \/>\nPistola corte autom\u00e1tico con destorcedor incorporado. Capacidad nominal secci\u00f3n gasoil 400 litros, adblue 50 lts<\/p>\n<p>Dimensiones: 1200 x 800 x H 830 mm<br \/>\nPeso en vac\u00edo: 45 kg Peso en vac\u00edo con los dos grupos de suministro 12V: 57 kg Espesor: 6,5 mm Indicador de nivel (s\u00f3lo secci\u00f3n gasoil)<br \/>\nTap\u00f3n de llenado 2 &#8220;con v\u00e1lvula de seguridad para ambas secciones<br \/>\nFiltro en succi\u00f3n (s\u00f3lo secci\u00f3n gasoil)<\/p>\n<p>&nbsp;<\/p>\n<p>*Cu\u00f1as ya no van de serie con el equipo<\/p>\n[embed]https:\/\/youtu.be\/XL8Dlnn-K6Y[\/embed]\n","protected":false},"featured_media":1186,"comment_status":"open","ping_status":"closed","template":"","meta":[],"product_brand":[],"product_cat":[34,36],"product_tag":[],"class_list":{"0":"post-1196","1":"product","2":"type-product","3":"status-publish","4":"has-post-thumbnail","6":"product_cat-estanques-de-combustible","7":"product_cat-estanques-de-combustible-diesel-transportable","8":"it-has-gallery","10":"first","11":"instock","12":"sale","13":"taxable","14":"shipping-taxable","15":"purchasable","16":"product-type-simple"},"jetpack_sharing_enabled":true,"jetpack_likes_enabled":true,"_links":{"self":[{"href":"https:\/\/petrocenter.cl\/web\/productos.php\/wp-json\/wp\/v2\/product\/1196","targetHints":{"allow":["GET"]}}],"collection":[{"href":"https:\/\/petrocenter.cl\/web\/productos.php\/wp-json\/wp\/v2\/product"}],"about":[{"href":"https:\/\/petrocenter.cl\/web\/productos.php\/wp-json\/wp\/v2\/types\/product"}],"replies":[{"embeddable":true,"href":"https:\/\/petrocenter.cl\/web\/productos.php\/wp-json\/wp\/v2\/comments?post=1196"}],"wp:featuredmedia":[{"embeddable":true,"href":"https:\/\/petrocenter.cl\/web\/productos.php\/wp-json\/wp\/v2\/media\/1186"}],"wp:attachment":[{"href":"https:\/\/petrocenter.cl\/web\/productos.php\/wp-json\/wp\/v2\/media?parent=1196"}],"wp:term":[{"taxonomy":"product_brand","embeddable":true,"href":"https:\/\/petrocenter.cl\/web\/productos.php\/wp-json\/wp\/v2\/product_brand?post=1196"},{"taxonomy":"product_cat","embeddable":true,"href":"https:\/\/petrocenter.cl\/web\/productos.php\/wp-json\/wp\/v2\/product_cat?post=1196"},{"taxonomy":"product_tag","embeddable":true,"href":"https:\/\/petrocenter.cl\/web\/productos.php\/wp-json\/wp\/v2\/product_tag?post=1196"}],"curies":[{"name":"wp","href":"https:\/\/api.w.org\/{rel}","templated":true}]}}