{"id":1178,"date":"2023-09-13T16:58:02","date_gmt":"2023-09-13T16:58:02","guid":{"rendered":"https:\/\/petrocenter.cl\/web\/productos.php\/?post_type=product&#038;p=1178"},"modified":"2025-05-07T01:11:47","modified_gmt":"2025-05-07T01:11:47","slug":"aceite-hidraulico-rexoil-hydro-68-balde-19-litros","status":"publish","type":"product","link":"https:\/\/petrocenter.cl\/web\/productos.php\/producto\/aceite-hidraulico-rexoil-hydro-68-balde-19-litros\/","title":{"rendered":"Aceite Hidr\u00e1ulico Rexoil Hydro 68 balde 19 litros"},"content":{"rendered":"<p>DIN 51524 Part 2<br \/>\nDenison HF-0, HF-1, HF-2<br \/>\nCincinnati Machine P-68, P-69, P-70<br \/>\nU.S. Steel 127, U.S. Steel 136<br \/>\nBosch Rexroth<br \/>\nEaton Vickers M-2950-S<br \/>\nEaton Vickers I-286-S<br \/>\nAFNOR NFE 48-690, NFE 48-691<br \/>\nJCMAS HK<br \/>\nGM LS-2<br \/>\nSAE MS1004<\/p>\n","protected":false},"excerpt":{"rendered":"<p>REXOIL HYDRO son aceites hidr\u00e1ulicos de alta calidad formulados con aceites base de calidad y aditivos inhibidores de oxidaci\u00f3n, corrosi\u00f3n y herrumbre. Se recomienda su uso en muchos sistemas hidr\u00e1ulicos industriales y m\u00f3viles.<\/p>\n","protected":false},"featured_media":1179,"comment_status":"open","ping_status":"closed","template":"","meta":[],"product_brand":[],"product_cat":[18],"product_tag":[82],"class_list":{"0":"post-1178","1":"product","2":"type-product","3":"status-publish","4":"has-post-thumbnail","6":"product_cat-aceites","7":"product_tag-nuto-h68","8":"it-has-gallery","10":"first","11":"instock","12":"taxable","13":"shipping-taxable","14":"purchasable","15":"product-type-simple"},"jetpack_sharing_enabled":true,"jetpack_likes_enabled":true,"_links":{"self":[{"href":"https:\/\/petrocenter.cl\/web\/productos.php\/wp-json\/wp\/v2\/product\/1178","targetHints":{"allow":["GET"]}}],"collection":[{"href":"https:\/\/petrocenter.cl\/web\/productos.php\/wp-json\/wp\/v2\/product"}],"about":[{"href":"https:\/\/petrocenter.cl\/web\/productos.php\/wp-json\/wp\/v2\/types\/product"}],"replies":[{"embeddable":true,"href":"https:\/\/petrocenter.cl\/web\/productos.php\/wp-json\/wp\/v2\/comments?post=1178"}],"wp:featuredmedia":[{"embeddable":true,"href":"https:\/\/petrocenter.cl\/web\/productos.php\/wp-json\/wp\/v2\/media\/1179"}],"wp:attachment":[{"href":"https:\/\/petrocenter.cl\/web\/productos.php\/wp-json\/wp\/v2\/media?parent=1178"}],"wp:term":[{"taxonomy":"product_brand","embeddable":true,"href":"https:\/\/petrocenter.cl\/web\/productos.php\/wp-json\/wp\/v2\/product_brand?post=1178"},{"taxonomy":"product_cat","embeddable":true,"href":"https:\/\/petrocenter.cl\/web\/productos.php\/wp-json\/wp\/v2\/product_cat?post=1178"},{"taxonomy":"product_tag","embeddable":true,"href":"https:\/\/petrocenter.cl\/web\/productos.php\/wp-json\/wp\/v2\/product_tag?post=1178"}],"curies":[{"name":"wp","href":"https:\/\/api.w.org\/{rel}","templated":true}]}}