{"id":1138,"date":"2023-08-05T17:31:50","date_gmt":"2023-08-05T17:31:50","guid":{"rendered":"https:\/\/petrocenter.cl\/web\/productos.php\/?post_type=product&#038;p=1138"},"modified":"2023-08-05T17:37:52","modified_gmt":"2023-08-05T17:37:52","slug":"tambor-aceite-mobil-atf-220-208-litros","status":"publish","type":"product","link":"https:\/\/petrocenter.cl\/web\/productos.php\/producto\/tambor-aceite-mobil-atf-220-208-litros\/","title":{"rendered":"Tambor aceite Mobil ATF 220 208 litros"},"content":{"rendered":"<h2>Especificaciones y aprobaciones<\/h2>\n<div class=\"table-responsive\">\n<table class=\"table table-striped\">\n<tbody>\n<tr>\n<td><strong>Este producto cuenta con las siguientes aprobaciones:<\/strong><\/td>\n<\/tr>\n<tr>\n<td>MAN 339 Typ V1<\/td>\n<\/tr>\n<tr>\n<td>MAN 339 Typ Z1<\/td>\n<\/tr>\n<tr>\n<td>Aprobaci\u00f3n 236.7 de MB<\/td>\n<\/tr>\n<tr>\n<td>VOITH TURBO H55.6335.xx<\/td>\n<\/tr>\n<tr>\n<td>ZF TE-ML 04D<\/td>\n<\/tr>\n<tr>\n<td>ZF TE-ML 11A<\/td>\n<\/tr>\n<tr>\n<td>ZF TE-ML 14A<\/td>\n<\/tr>\n<\/tbody>\n<\/table>\n<\/div>\n<p>&nbsp;<\/p>\n<div class=\"table-responsive\">\n<table class=\"table table-striped\">\n<tbody>\n<tr>\n<td><strong>Este producto est\u00e1 recomendado para utilizarse en aplicaciones que requieren:<\/strong><\/td>\n<\/tr>\n<tr>\n<td>Allison C-4<\/td>\n<\/tr>\n<tr>\n<td>CATERPILLAR TO-2<\/td>\n<\/tr>\n<tr>\n<td>Ford ESR-M2C163-A2<\/td>\n<\/tr>\n<tr>\n<td>GM DEXRON II<\/td>\n<\/tr>\n<tr>\n<td>GM Tipo A Sufijo A<\/td>\n<\/tr>\n<tr>\n<td>Renk Doromat<\/td>\n<\/tr>\n<tr>\n<td>VOLVO 97340<\/td>\n<\/tr>\n<\/tbody>\n<\/table>\n<\/div>\n<p>&nbsp;<\/p>\n<h2>Propiedades y especificaciones<\/h2>\n<div class=\"table-responsive\">\n<table class=\"table table-striped\">\n<tbody>\n<tr>\n<td><strong>Propiedad<\/strong><\/td>\n<td><\/td>\n<\/tr>\n<tr>\n<td>Viscosidad Brookfield @ -40 C, mPa.s, ASTM D2983<\/td>\n<td>33000<\/td>\n<\/tr>\n<tr>\n<td>Color, visual<\/td>\n<td>Rojo<\/td>\n<\/tr>\n<tr>\n<td>Densidad @ 15\u00ba C g\/ml, ASTM D4052<\/td>\n<td>0,870<\/td>\n<\/tr>\n<tr>\n<td>Punto de inflamaci\u00f3n, copa abierta Cleveland, \u00b0C, ASTM D92<\/td>\n<td>200<\/td>\n<\/tr>\n<tr>\n<td>Viscosidad cinem\u00e1tica @ 100 C, mm2\/s, ASTM D445<\/td>\n<td>7,0<\/td>\n<\/tr>\n<tr>\n<td>Viscosidad cinem\u00e1tica @ 40 C, mm2\/s, ASTM D445<\/td>\n<td>37,0<\/td>\n<\/tr>\n<tr>\n<td>Punto de fluidez, \u00b0C, ASTM D97<\/td>\n<td>-44<\/td>\n<\/tr>\n<tr>\n<td>\u00cdndice de viscosidad, ASTM D2270<\/td>\n<td>153<\/td>\n<\/tr>\n<\/tbody>\n<\/table>\n<\/div>\n","protected":false},"excerpt":{"rendered":"<p>Mobil ATF 220 es un fluido de alto rendimiento para transmisiones autom\u00e1ticas de veh\u00edculos m\u00e1s antiguos para los que se especifica Dexron IID. Tambi\u00e9n se utiliza como fluido hidr\u00e1ulico en ciertas aplicaciones \u00fanicas.<\/p>\n<p>&nbsp;<\/p>\n<h2>Propiedades y beneficios<\/h2>\n<p>Mobil ATF 220 est\u00e1 formulado a partir de aceites base convencionales de alta calidad combinados con un sistema especial de aditivos que incluye mejoradores del \u00edndice de viscosidad, antioxidantes y antiespumantes que proporcionan caracter\u00edsticas de fricci\u00f3n\/desgaste suaves y controladas. El producto les proporciona a los consumidores una excelente experiencia de conducci\u00f3n, incluso en una amplia gama de condiciones de conducci\u00f3n en una amplia variedad de autom\u00f3viles anteriores a 1994. Sus principales propiedades y beneficios incluyen<\/p>\n<p>&nbsp;<\/p>\n<div class=\"table-responsive\">\n<table class=\"table table-striped\">\n<tbody>\n<tr>\n<td><strong>Propiedades<\/strong><\/td>\n<td><strong>Ventajas y beneficios potenciales<\/strong><\/td>\n<\/tr>\n<tr>\n<td>Buena estabilidad t\u00e9rmica y a la oxidaci\u00f3n<\/td>\n<td>Resiste la formaci\u00f3n de laca, lodo y dep\u00f3sitos para as\u00ed mantener limpias las transmisiones y lograr un funcionamiento eficiente durante toda la vida \u00fatil de la carga de aceite.<\/td>\n<\/tr>\n<tr>\n<td>Buenas propiedades antidesgaste<\/td>\n<td>Cumple con los requisitos de desgaste para prolongar la vida \u00fatil de la transmisi\u00f3n<\/td>\n<\/tr>\n<tr>\n<td>Excelente fluidez a bajas temperaturas<\/td>\n<td>Ayudar a mejorar la puesta en marcha y a una lubricaci\u00f3n r\u00e1pida y limpia a bajas temperaturas ambientales.<\/td>\n<\/tr>\n<tr>\n<td>Propiedades efectivas de control de espuma<\/td>\n<td>Sensaci\u00f3n de cambios de marcha suaves y duraderos y reducci\u00f3n en la p\u00e9rdida de fluidos en condiciones operativas de servicio severas<\/td>\n<\/tr>\n<tr>\n<td>Compatible con todos los materiales de sellado com\u00fanmente utilizados en las transmisiones de Tipo IID<\/td>\n<td>Mantiene un control efectivo de las fugas<\/td>\n<\/tr>\n<\/tbody>\n<\/table>\n<\/div>\n<p>&nbsp;<\/p>\n<h2>Aplicaciones<\/h2>\n<p>Mobil ATF 220 se recomienda para algunas transmisiones autom\u00e1ticas y manuales en veh\u00edculos de pasajeros y camiones ligeros para los que se especifica un nivel de desempe\u00f1o de Dexron IID, as\u00ed como para los sistemas de direcci\u00f3n asistida relacionados. Tambi\u00e9n es apto para su uso en algunos sistemas hidr\u00e1ulicos especiales en equipos agr\u00edcolas y otras instalaciones con requisitos de fluidos similares. Se recomienda que el usuario consulte los requisitos del fabricante. Otras aplicaciones incluyen:<\/p>\n<p>\u2022\u00a0 Transmisiones de direcci\u00f3n asistida para equipos fuera de carretera y otros sistemas hidr\u00e1ulicos que requieren un fluido Dexron IID o Allison C-4.<\/p>\n<p>\u2022\u00a0 Sistemas y componentes hidr\u00e1ulicos industriales.<\/p>\n","protected":false},"featured_media":1038,"comment_status":"open","ping_status":"closed","template":"","meta":[],"product_brand":[],"product_cat":[18],"product_tag":[],"class_list":{"0":"post-1138","1":"product","2":"type-product","3":"status-publish","4":"has-post-thumbnail","6":"product_cat-aceites","8":"first","9":"instock","10":"sale","11":"taxable","12":"shipping-taxable","13":"purchasable","14":"product-type-simple"},"jetpack_sharing_enabled":true,"jetpack_likes_enabled":true,"_links":{"self":[{"href":"https:\/\/petrocenter.cl\/web\/productos.php\/wp-json\/wp\/v2\/product\/1138","targetHints":{"allow":["GET"]}}],"collection":[{"href":"https:\/\/petrocenter.cl\/web\/productos.php\/wp-json\/wp\/v2\/product"}],"about":[{"href":"https:\/\/petrocenter.cl\/web\/productos.php\/wp-json\/wp\/v2\/types\/product"}],"replies":[{"embeddable":true,"href":"https:\/\/petrocenter.cl\/web\/productos.php\/wp-json\/wp\/v2\/comments?post=1138"}],"wp:featuredmedia":[{"embeddable":true,"href":"https:\/\/petrocenter.cl\/web\/productos.php\/wp-json\/wp\/v2\/media\/1038"}],"wp:attachment":[{"href":"https:\/\/petrocenter.cl\/web\/productos.php\/wp-json\/wp\/v2\/media?parent=1138"}],"wp:term":[{"taxonomy":"product_brand","embeddable":true,"href":"https:\/\/petrocenter.cl\/web\/productos.php\/wp-json\/wp\/v2\/product_brand?post=1138"},{"taxonomy":"product_cat","embeddable":true,"href":"https:\/\/petrocenter.cl\/web\/productos.php\/wp-json\/wp\/v2\/product_cat?post=1138"},{"taxonomy":"product_tag","embeddable":true,"href":"https:\/\/petrocenter.cl\/web\/productos.php\/wp-json\/wp\/v2\/product_tag?post=1138"}],"curies":[{"name":"wp","href":"https:\/\/api.w.org\/{rel}","templated":true}]}}