{"id":1136,"date":"2023-08-05T17:16:11","date_gmt":"2023-08-05T17:16:11","guid":{"rendered":"https:\/\/petrocenter.cl\/web\/productos.php\/?post_type=product&#038;p=1136"},"modified":"2026-05-04T16:46:34","modified_gmt":"2026-05-04T16:46:34","slug":"tambor-aceite-mobilube-hd-plus-80w-90-208-litros","status":"publish","type":"product","link":"https:\/\/petrocenter.cl\/web\/productos.php\/producto\/tambor-aceite-mobilube-hd-plus-80w-90-208-litros\/","title":{"rendered":"Tambor aceite Mobilube HD Plus 80W-90 208 litros"},"content":{"rendered":"<h2>Propiedades y Beneficios<\/h2>\n<p>Las exigencias de los equipos pesados de hoy d\u00eda establecen mayores demandas de desempe\u00f1o sobre los lubricantes de los trenes de tracci\u00f3n. Mayores velocidades, mayores pares motor, y mayores cargas requieren formulaciones mejoradas para maximizar la vida \u00fatil de los equipos y optimizar los costos de operaci\u00f3n. Los intervalos de servicio m\u00e1s prolongado significan exigencias extra en los lubricantes para engranajes. Mobilube HD Plus est\u00e1 dise\u00f1ado para cumplir con estos retos. Los beneficios clave incluyen:<\/p>\n<div class=\"table-responsive\">\n<table class=\"table table-striped\">\n<tbody>\n<tr>\n<td>Propiedades<\/td>\n<td>Ventajas y beneficios potenciales<\/td>\n<\/tr>\n<tr>\n<td>Estabilidad t\u00e9rmica excelente y resistencia a la oxidaci\u00f3n a altas temperaturas<\/td>\n<td>Extensi\u00f3n de la vida \u00fatil de los engranajes y cojinetes debido a formaci\u00f3n m\u00ednima de dep\u00f3sitos y mayor vida \u00fatil de los sellos<\/td>\n<\/tr>\n<tr>\n<td>Buena protecci\u00f3n contra el desgaste en condiciones de baja velocidad\/alto par y contra el rayado a altas velocidades<\/td>\n<td>Incrementa la capacidad de carga y costos de operaci\u00f3n reducidos<\/td>\n<\/tr>\n<tr>\n<td>Excelente protecci\u00f3n contra la herrumbre, el manchado y la corrosi\u00f3n<\/td>\n<td>Menor desgaste y mayor vida \u00fatil de los componentes<\/td>\n<\/tr>\n<tr>\n<td>Efectiva lubricaci\u00f3n a bajas temperaturas<\/td>\n<td>Reducci\u00f3n del desgaste y facilidad de arranque del motor<\/td>\n<\/tr>\n<tr>\n<td>Amplia capacidad para usos m\u00faltiples<\/td>\n<td>N\u00famero reducido de lubricantes de engranaje para simplificar los inventarios y minimizar errores en aplicaciones<\/td>\n<\/tr>\n<tr>\n<td>Buena resistencia a la formaci\u00f3n de espuma<\/td>\n<td>Mantiene la resistencia de la pel\u00edcula para brindar una lubricaci\u00f3n efectiva<\/td>\n<\/tr>\n<tr>\n<td>Compatible con sellos y empaques automotrices t\u00edpicos<\/td>\n<td>Un m\u00ednimo de fugas y contaminaci\u00f3n reducida<\/td>\n<\/tr>\n<\/tbody>\n<\/table>\n<\/div>\n<h2><\/h2>\n<h2>Aplicaciones<\/h2>\n<p>Recomendado por ExxonMobil para el uso en:<\/p>\n<ul>\n<li>Transmisiones manuales, ejes y transmisiones directas a las ruedas en equipo de servicio pesado que requieren un nivel de desempe\u00f1o API GL-5 y MT-1<\/li>\n<li>Camiones, autobuses, furgonetas y autos de servicio en carretera tanto pesado como liviano<\/li>\n<li>Aplicaciones industriales de equipo pesado fuera de carretera, entre ellas: construcci\u00f3n, miner\u00eda, explotaci\u00f3n de canteras y agricultura<\/li>\n<li>Otras aplicaciones industriales y automotrices de equipo de servicio pesado que involucran engranajes hipoidales y de otros tipos que operan bajo condiciones donde imperan altas velocidades\/cargas por impacto, altas velocidades\/bajo par motor y\/o bajas velocidades\/alto par motor<\/li>\n<li>Llenado inicial, rellenado hasta el nivel, y recambio en engranajes cerrados de aplicaci\u00f3n comercial en transmisiones manuales y semiautom\u00e1ticas para los cuales se recomiendan lubricantes de engranajes, entre ellos los ejes de direcci\u00f3n y las transmisiones finales<\/li>\n<li>No se recomienda para aplicaciones que requieren un nivel de desempe\u00f1o API GL-4<\/li>\n<li>No est\u00e1n dise\u00f1ados para transmisiones para las cuales se recomiendan aceites de motor o fluidos para transmisiones autom\u00e1ticas<\/li>\n<\/ul>\n<p>&nbsp;<\/p>\n<h2>Especificaciones y Aprobaciones<\/h2>\n<div class=\"table-responsive\">\n<table class=\"table table-striped\">\n<tbody>\n<tr>\n<td>Mobilube HD Plus Gear Oil\u00a0atiende o excede los requerimeintos de:<\/td>\n<td>80W-90<\/td>\n<td>85W-140<\/td>\n<\/tr>\n<tr>\n<td>API GL-5<\/td>\n<td>X<\/td>\n<td>X<\/td>\n<\/tr>\n<tr>\n<td>API MT-1<\/td>\n<td>X<\/td>\n<td>X<\/td>\n<\/tr>\n<tr>\n<td>SCANIA STO-1:0<\/td>\n<td>X<\/td>\n<td>X<\/td>\n<\/tr>\n<\/tbody>\n<\/table>\n<\/div>\n<p>&nbsp;<\/p>\n<div class=\"table-responsive\">\n<table class=\"table table-striped\">\n<tbody>\n<tr>\n<td>Mobilube HD Plus Gear Oil tiene las siguientes especificaciones militares:<\/td>\n<td>80W-90<\/td>\n<td>85W-140<\/td>\n<\/tr>\n<tr>\n<td>MIL-PRF-2105E<\/td>\n<td>X<\/td>\n<td>X<\/td>\n<\/tr>\n<\/tbody>\n<\/table>\n<\/div>\n<p>&nbsp;<\/p>\n<h2>Caracter\u00edsticas t\u00edpicas<\/h2>\n<div class=\"table-responsive\">\n<table class=\"table table-striped\">\n<tbody>\n<tr>\n<td>Mobilube HD Plus<\/td>\n<td><\/td>\n<td><\/td>\n<\/tr>\n<tr>\n<td>Grado SAE<\/td>\n<td>80W-90<\/td>\n<td>85W-140<\/td>\n<\/tr>\n<tr>\n<td>Viscosidad, ASTM D 445<\/td>\n<td><\/td>\n<td><\/td>\n<\/tr>\n<tr>\n<td>cSt @ 40 \u00baC<\/td>\n<td>139<\/td>\n<td>333<\/td>\n<\/tr>\n<tr>\n<td>cSt @ 100\u00baC<\/td>\n<td>14,5<\/td>\n<td>25,4<\/td>\n<\/tr>\n<tr>\n<td>\u00cdndice de viscosidad, ASTM D 2270<\/td>\n<td>103<\/td>\n<td>99<\/td>\n<\/tr>\n<tr>\n<td>Punto de fluidez, \u00b0C, ASTM D 97<\/td>\n<td>-27<\/td>\n<td>-18<\/td>\n<\/tr>\n<tr>\n<td>Punto de inflamaci\u00f3n, \u00b0C, ASTM D 92<\/td>\n<td>210<\/td>\n<td>230<\/td>\n<\/tr>\n<tr>\n<td>Densidad @ 15 \u00b0C, kg\/l, ASTM D4052 4052<\/td>\n<td>0,895<\/td>\n<td>0,903<\/td>\n<\/tr>\n<\/tbody>\n<\/table>\n<\/div>\n","protected":false},"excerpt":{"rendered":"<p>Los lubricantes Mobilube HD Plus 80W-90 y 85W-140 son lubricantes de extra alto desempe\u00f1o para engranajes comerciales formulados a partir de selectas bases lubricantes y un avanzado paquete de aditivos. Estos lubricantes est\u00e1n dise\u00f1ados para desempe\u00f1arse en transmisiones acopladas directamente a las ruedas y ejes de equipo pesado en aplicaciones comerciales donde se anticipan presiones extremas y cargas de impacto. Proporcionan excelente estabilidad qu\u00edmica y t\u00e9rmica aun en temperaturas elevadas del aceite, un buen desempe\u00f1o a bajas temperaturas, adem\u00e1s de demostrar buena protecci\u00f3n contra la herrumbre resultante de la contaminaci\u00f3n con agua en condiciones h\u00famedas. Son recomendados por ExxonMobil para aplicaciones en las que se requieren un servicio API GL-5 y MT-1. Mobilube HD Plus 80W-90 y 85W-140 comparten tecnolog\u00eda de formulaci\u00f3n con los Esso Gear Oil GX 80W-90 y 85W-140.<\/p>\n","protected":false},"featured_media":1038,"comment_status":"open","ping_status":"closed","template":"","meta":[],"product_brand":[],"product_cat":[18],"product_tag":[],"class_list":{"0":"post-1136","1":"product","2":"type-product","3":"status-publish","4":"has-post-thumbnail","6":"product_cat-aceites","8":"first","9":"onbackorder","10":"sale","11":"taxable","12":"shipping-taxable","13":"purchasable","14":"product-type-simple"},"jetpack_sharing_enabled":true,"jetpack_likes_enabled":true,"_links":{"self":[{"href":"https:\/\/petrocenter.cl\/web\/productos.php\/wp-json\/wp\/v2\/product\/1136","targetHints":{"allow":["GET"]}}],"collection":[{"href":"https:\/\/petrocenter.cl\/web\/productos.php\/wp-json\/wp\/v2\/product"}],"about":[{"href":"https:\/\/petrocenter.cl\/web\/productos.php\/wp-json\/wp\/v2\/types\/product"}],"replies":[{"embeddable":true,"href":"https:\/\/petrocenter.cl\/web\/productos.php\/wp-json\/wp\/v2\/comments?post=1136"}],"wp:featuredmedia":[{"embeddable":true,"href":"https:\/\/petrocenter.cl\/web\/productos.php\/wp-json\/wp\/v2\/media\/1038"}],"wp:attachment":[{"href":"https:\/\/petrocenter.cl\/web\/productos.php\/wp-json\/wp\/v2\/media?parent=1136"}],"wp:term":[{"taxonomy":"product_brand","embeddable":true,"href":"https:\/\/petrocenter.cl\/web\/productos.php\/wp-json\/wp\/v2\/product_brand?post=1136"},{"taxonomy":"product_cat","embeddable":true,"href":"https:\/\/petrocenter.cl\/web\/productos.php\/wp-json\/wp\/v2\/product_cat?post=1136"},{"taxonomy":"product_tag","embeddable":true,"href":"https:\/\/petrocenter.cl\/web\/productos.php\/wp-json\/wp\/v2\/product_tag?post=1136"}],"curies":[{"name":"wp","href":"https:\/\/api.w.org\/{rel}","templated":true}]}}