{"id":1040,"date":"2023-04-05T22:43:59","date_gmt":"2023-04-05T22:43:59","guid":{"rendered":"https:\/\/petrocenter.cl\/web\/productos.php\/?post_type=product&#038;p=1040"},"modified":"2024-04-04T21:33:44","modified_gmt":"2024-04-04T21:33:44","slug":"tambor-aceite-hidraulico-mobil-nuto-h-68-208-litros","status":"publish","type":"product","link":"https:\/\/petrocenter.cl\/web\/productos.php\/producto\/tambor-aceite-hidraulico-mobil-nuto-h-68-208-litros\/","title":{"rendered":"Tambor aceite hidr\u00e1ulico Mobil Nuto H 68 208 litros"},"content":{"rendered":"<h2>Especificaciones y aprobaciones<\/h2>\n<h4>Este producto tiene las siguientes aprobaciones:<\/h4>\n<ul>\n<li>DENISON HF-0<\/li>\n<\/ul>\n<h4>Este producto cumple o excede los requisitos de:<\/h4>\n<ul>\n<li>DIN 51524-2: 2006-09<\/li>\n<li>ISO L-HM (ISO 11158: 1997)<\/li>\n<\/ul>\n<h2>Propiedades y especificaciones<\/h2>\n<ul>\n<li>Grado:<b>\u00a0ISO 68<\/b><\/li>\n<li>Corrosi\u00f3n de la tira de cobre, 3 h, 100 C, clasificaci\u00f3n, ASTM D130:\u00a0<b>1A<\/b><\/li>\n<li>Densidad a 15 C, kg \/ l, ASTM D1298:\u00a0<b>0,882<\/b><\/li>\n<li>Emulsi\u00f3n, tiempo hasta 3 ml de emulsi\u00f3n, 54 C, min, ASTM D1401:\u00a0<b>20<\/b><\/li>\n<li>Punto de inflamaci\u00f3n, copa abierta Cleveland, \u00b0 C, ASTM D92:\u00a0<b>234<\/b><\/li>\n<li>Viscosidad cinem\u00e1tica a 100 C, mm2 \/ s, ASTM D445:\u00a0<b>8.3<\/b><\/li>\n<li>Viscosidad cinem\u00e1tica a 40 C, mm2 \/ s, ASTM D445:\u00a0<b>63.3<\/b><\/li>\n<li>Punto de fluidez, \u00b0 C, ASTM D97:\u00a0<b>-18<\/b><\/li>\n<li>\u00cdndice de viscosidad, ASTM D2270:\u00a0<b>98<\/b><\/li>\n<\/ul>\n","protected":false},"excerpt":{"rendered":"<p>Los\u00a0<strong>Aceite Mobil Nuto H 68 <\/strong>\u00a0son aceites hidr\u00e1ulicos antidesgaste de buena calidad destinados a aplicaciones de servicio m\u00f3viles e industriales, sujetos a condiciones de funcionamiento moderadas y que requieren lubricantes antidesgaste.<\/p>\n<p>Su eficaz resistencia a la oxidaci\u00f3n y estabilidad qu\u00edmica garantizan una buena vida \u00fatil del aceite en aplicaciones de moderadas a severas.<\/p>\n<h2>Caracter\u00edsticas y Beneficios Aceite Mobil Nuto H 68<\/h2>\n<ul>\n<li>Un buen rendimiento antidesgaste ayuda a reducir el desgaste de la bomba y prolonga su vida \u00fatil<\/li>\n<li>La protecci\u00f3n contra la corrosi\u00f3n ayuda a reducir los efectos de la humedad en los componentes del sistema<\/li>\n<li>Filtrabilidad para evitar el bloqueo del filtro incluso en presencia de agua<\/li>\n<\/ul>\n<h2>Aplicaciones Mobil Nuto H 68<\/h2>\n<ul>\n<li>Sistemas que utilizan bombas de pistones de engranajes, paletas, radiales y axiales y aquellos que contienen engranajes y cojinetes donde se requieren caracter\u00edsticas antidesgaste suaves<\/li>\n<li>Donde la contaminaci\u00f3n o la fuga del aceite hidr\u00e1ulico sea inevitable<\/li>\n<li>Donde sean inevitables peque\u00f1as cantidades de agua<\/li>\n<\/ul>\n","protected":false},"featured_media":1038,"comment_status":"open","ping_status":"closed","template":"","meta":[],"product_brand":[],"product_cat":[18],"product_tag":[],"class_list":{"0":"post-1040","1":"product","2":"type-product","3":"status-publish","4":"has-post-thumbnail","6":"product_cat-aceites","8":"first","9":"instock","10":"sale","11":"taxable","12":"shipping-taxable","13":"purchasable","14":"product-type-simple"},"jetpack_sharing_enabled":true,"jetpack_likes_enabled":true,"_links":{"self":[{"href":"https:\/\/petrocenter.cl\/web\/productos.php\/wp-json\/wp\/v2\/product\/1040","targetHints":{"allow":["GET"]}}],"collection":[{"href":"https:\/\/petrocenter.cl\/web\/productos.php\/wp-json\/wp\/v2\/product"}],"about":[{"href":"https:\/\/petrocenter.cl\/web\/productos.php\/wp-json\/wp\/v2\/types\/product"}],"replies":[{"embeddable":true,"href":"https:\/\/petrocenter.cl\/web\/productos.php\/wp-json\/wp\/v2\/comments?post=1040"}],"wp:featuredmedia":[{"embeddable":true,"href":"https:\/\/petrocenter.cl\/web\/productos.php\/wp-json\/wp\/v2\/media\/1038"}],"wp:attachment":[{"href":"https:\/\/petrocenter.cl\/web\/productos.php\/wp-json\/wp\/v2\/media?parent=1040"}],"wp:term":[{"taxonomy":"product_brand","embeddable":true,"href":"https:\/\/petrocenter.cl\/web\/productos.php\/wp-json\/wp\/v2\/product_brand?post=1040"},{"taxonomy":"product_cat","embeddable":true,"href":"https:\/\/petrocenter.cl\/web\/productos.php\/wp-json\/wp\/v2\/product_cat?post=1040"},{"taxonomy":"product_tag","embeddable":true,"href":"https:\/\/petrocenter.cl\/web\/productos.php\/wp-json\/wp\/v2\/product_tag?post=1040"}],"curies":[{"name":"wp","href":"https:\/\/api.w.org\/{rel}","templated":true}]}}