{"id":1035,"date":"2023-04-05T21:58:01","date_gmt":"2023-04-05T21:58:01","guid":{"rendered":"https:\/\/petrocenter.cl\/web\/productos.php\/?post_type=product&#038;p=1035"},"modified":"2026-02-02T03:00:29","modified_gmt":"2026-02-02T03:00:29","slug":"balde-aceite-hidraulico-mobilfluid-424-10w30-api-gl-4-sae-80w-19-litros","status":"publish","type":"product","link":"https:\/\/petrocenter.cl\/web\/productos.php\/producto\/balde-aceite-hidraulico-mobilfluid-424-10w30-api-gl-4-sae-80w-19-litros\/","title":{"rendered":"Balde aceite hidr\u00e1ulico Mobilfluid 424 10w30 API GL-4  SAE 80W 19 litros"},"content":{"rendered":"<h2>Especificaciones y aprobaciones<\/h2>\n<div class=\"table-responsive\">\n<table class=\"table table-striped\">\n<tbody>\n<tr>\n<td><strong>Este producto cuenta con las siguientes aprobaciones:<\/strong><\/td>\n<\/tr>\n<tr>\n<td>VOLVO WB-101<\/td>\n<\/tr>\n<tr>\n<td>ZF TE-ML 05F<\/td>\n<\/tr>\n<tr>\n<td>ZF TE-ML 17E<\/td>\n<\/tr>\n<\/tbody>\n<\/table>\n<\/div>\n<p>&nbsp;<\/p>\n<div class=\"table-responsive\">\n<table class=\"table table-striped\">\n<tbody>\n<tr>\n<td><strong>Este producto est\u00e1 recomendado para utilizarse en aplicaciones que requieren:<\/strong><\/td>\n<\/tr>\n<tr>\n<td>Allison C-4<\/td>\n<\/tr>\n<tr>\n<td>API GL-4<\/td>\n<\/tr>\n<tr>\n<td>CATERPILLAR TO-2<\/td>\n<\/tr>\n<tr>\n<td>CNH MAT 3505<\/td>\n<\/tr>\n<tr>\n<td>CNH MAT 3525<\/td>\n<\/tr>\n<tr>\n<td>DENISON UTTO\/THF<\/td>\n<\/tr>\n<tr>\n<td>FORD ESN-M2C134-D<\/td>\n<\/tr>\n<tr>\n<td>FORD NH FNHA-2-C-201.00<\/td>\n<\/tr>\n<tr>\n<td>JICASE MS 1204<\/td>\n<\/tr>\n<tr>\n<td>JICASE MS 1205<\/td>\n<\/tr>\n<tr>\n<td>JICASE MS 1206<\/td>\n<\/tr>\n<tr>\n<td>JICASE MS 1207<\/td>\n<\/tr>\n<tr>\n<td>JICASE MS 1209<\/td>\n<\/tr>\n<tr>\n<td>MASSEY FERGUSON CMS M1135<\/td>\n<\/tr>\n<tr>\n<td>MASSEY FERGUSON CMS M1141<\/td>\n<\/tr>\n<tr>\n<td>AGCO Powerfluid 821 XL<\/td>\n<\/tr>\n<tr>\n<td>New Holland WB NWH 410B<\/td>\n<\/tr>\n<\/tbody>\n<\/table>\n<\/div>\n<p>&nbsp;<\/p>\n<div class=\"table-responsive\">\n<table class=\"table table-striped\">\n<tbody>\n<tr>\n<td><strong>Este producto cumple o excede los requisitos de:<\/strong><\/td>\n<\/tr>\n<tr>\n<td>Prueba de bomba de paletas ASTM D6973 (Eaton 35VQ)<\/td>\n<\/tr>\n<tr>\n<td>KUBOTA UDT<\/td>\n<\/tr>\n<tr>\n<td>Aceite multiprop\u00f3sito para tractores CATERPILLAR (MTO)<\/td>\n<\/tr>\n<tr>\n<td>JOHN DEERE JDM J20C<\/td>\n<\/tr>\n<\/tbody>\n<\/table>\n<\/div>\n<p>&nbsp;<\/p>\n<h2>Propiedades y especificaciones<\/h2>\n<div class=\"table-responsive\">\n<table class=\"table table-striped\">\n<tbody>\n<tr>\n<td><strong>Propiedad<\/strong><\/td>\n<td><\/td>\n<\/tr>\n<tr>\n<td>Viscosidad Brookfield @ -20 C, mPa.s, ASTM D2983<\/td>\n<td>4300<\/td>\n<\/tr>\n<tr>\n<td>Densidad a 15,6 C, kg\/l, ASTM D4052<\/td>\n<td>0,88<\/td>\n<\/tr>\n<tr>\n<td>Punto de inflamaci\u00f3n, copa abierta Cleveland, \u00b0C, ASTM D92<\/td>\n<td>198<\/td>\n<\/tr>\n<tr>\n<td>Viscosidad cinem\u00e1tica @ 100 C, mm2\/s, ASTM D445<\/td>\n<td>9,3<\/td>\n<\/tr>\n<tr>\n<td>Viscosidad cinem\u00e1tica @ 40 C, mm2\/s, ASTM D445<\/td>\n<td>55<\/td>\n<\/tr>\n<tr>\n<td>Punto de fluidez, \u00b0C, ASTM D97<\/td>\n<td>-42<\/td>\n<\/tr>\n<tr>\n<td>\u00cdndice de viscosidad, ASTM D2270<\/td>\n<td>145<\/td>\n<\/tr>\n<\/tbody>\n<\/table>\n<\/div>\n","protected":false},"excerpt":{"rendered":"<p>Mobilfluid 424 es un lubricante multiuso y de extra alto rendimiento para tractores dise\u00f1ado para cumplir o exceder los requisitos de los fluidos hidr\u00e1ulicos y de transmisi\u00f3n.\u00a0 La tecnolog\u00eda avanzada de Mobilfluid 424 est\u00e1 dise\u00f1ada para optimizar el desempe\u00f1o de los tractores agr\u00edcolas y comerciales que operan en una amplia gama de entornos y condiciones.\u00a0 Mobilfluid 424 combina aceites base selectos y un paquete de aditivos de avanzada tecnolog\u00eda para proporcionar las variadas propiedades de desempe\u00f1o de los lubricantes que se requieren en los trenes de transmisi\u00f3n de potencia de equipos agr\u00edcolas y de construcci\u00f3n en aplicaciones de servicio severo.\u00a0 Es particularmente adecuado para reducir el chirrido y traqueteo de los frenos h\u00famedos y de las tomas de fuerza.<\/p>\n<p>&nbsp;<\/p>\n<h2>Propiedades y beneficios<\/h2>\n<p>La tecnolog\u00eda de \u00faltima generaci\u00f3n, por medio de innovadores dise\u00f1os de los trenes de transmisi\u00f3n de potencia, ha mejorado enormemente las capacidades de desempe\u00f1o en t\u00e9rminos de carga, velocidad, control y fiabilidad de los equipos de servicio pesado. Estos dise\u00f1os han cambiado e incrementado marcadamente los requisitos que se esperan de los fluidos de los trenes de transmisi\u00f3n de potencia para brindar un mayor nivel de desempe\u00f1o y de productividad y a la vez reducir los costos de operaci\u00f3n. El control de la fricci\u00f3n, la protecci\u00f3n contra el desgaste, la estabilidad t\u00e9rmica y ante el cizallamiento, la protecci\u00f3n contra el \u00f3xido y la corrosi\u00f3n, y la facilidad de bombeo son caracter\u00edsticas que deben equilibrarse de manera \u00f3ptima para proporcionar una vida \u00fatil prolongada del embrague, una m\u00e1xima potencia en el gancho y mantener un funcionamiento confiable, incluso en terrenos desiguales en una amplia gama de temperaturas ambientales. Mobilfluid 424 ofrece un excepcional desempe\u00f1o en las transmisiones de trenes de potencia, ejes de transmisi\u00f3n, embragues, tomas de fuerza y sistemas hidr\u00e1ulicos de hoy d\u00eda. Los beneficios clave incluyen:<\/p>\n<p>&nbsp;<\/p>\n<div class=\"table-responsive\">\n<table class=\"table table-striped\">\n<tbody>\n<tr>\n<td><strong>Propiedades<\/strong><\/td>\n<td><strong>Ventajas y beneficios potenciales<\/strong><\/td>\n<\/tr>\n<tr>\n<td>Propiedades de fricci\u00f3n mejoradas<\/td>\n<td>Desempe\u00f1o optimizado en embragues y tomas de fuerza<\/p>\n<p>Mejor control de los chirridos y traqueteos de los frenos h\u00famedos y de las tomas de fuerza<\/td>\n<\/tr>\n<tr>\n<td>Compatible con los m\u00e1s recientes materiales y elast\u00f3meros de los embragues<\/td>\n<td>Mayor vida \u00fatil del embrague y menos fugas<\/td>\n<\/tr>\n<tr>\n<td>Alto \u00edndice de viscosidad y estabilidad ante el cizallamiento<\/td>\n<td>Respuesta operativa consistente<\/td>\n<\/tr>\n<tr>\n<td>Excelente protecci\u00f3n contra el \u00f3xido, la corrosi\u00f3n y el ataque a los metales amarillos<\/td>\n<td>Protege los equipos en ambientes h\u00famedos o mojados y previene el desgaste prematuro<\/td>\n<\/tr>\n<tr>\n<td>Excelentes propiedades a baja temperatura<\/td>\n<td>Buena respuesta operativa y lubricaci\u00f3n efectiva en aplicaciones de clima fr\u00edo<\/td>\n<\/tr>\n<tr>\n<td>S\u00f3lida resistencia al desgaste y propiedades de extrema presi\u00f3n<\/td>\n<td>Reduce el desgaste, prolonga la vida \u00fatil de los equipos y reduce los costos de mantenimiento<\/td>\n<\/tr>\n<tr>\n<td>Excelente estabilidad t\u00e9rmica y a la oxidaci\u00f3n<\/td>\n<td>Reduce los dep\u00f3sitos, prolonga la vida \u00fatil de los sellos e incrementa la vida \u00fatil del equipo y el lubricante<\/td>\n<\/tr>\n<tr>\n<td>Capacidad como aceite multiuso<\/td>\n<td>Simplifica los inventarios y reduce los problemas de aplicaci\u00f3n incorrecta<\/td>\n<\/tr>\n<tr>\n<td>Buena filtrabilidad<\/td>\n<td>Mantiene los sistemas limpios y funcionando sin problemas<\/td>\n<\/tr>\n<\/tbody>\n<\/table>\n<h2>Aplicaciones<\/h2>\n<p>Recomendado por ExxonMobil para su uso en<\/p>\n<p>\u2022\u00a0 Transmisiones, diferenciales, mandos finales, sistemas hidr\u00e1ulicos, sistemas de direcci\u00f3n asistida, frenos h\u00famedos, tomas de fuerza y accionamientos hidrost\u00e1ticos de servicio pesado<\/p>\n<p>\u2022\u00a0 Industrias fuera de carretera que incluyen: agricultura, construcci\u00f3n y canteras<\/p>\n<p>\u2022\u00a0 Llenado hasta el tope o recarga de sistemas<\/p>\n<p>\u2022\u00a0 En aplicaciones de transmisiones comerciales que requieren fluidos Tipo A (Sufijo A), Dexron y Tipo F. No utilizarse en transmisiones autom\u00e1ticas de veh\u00edculos de pasajeros<\/p>\n<p>\u2022\u00a0 Aplicaciones que requieren lubricantes grado API GL-4 o SAE 80W en todas las aplicaciones de engranajes excepto en los dise\u00f1os de engranajes hipoides<\/p>\n<p>\u2022\u00a0 Excelente reemplazo de aceites de motor recomendados para sistemas hidr\u00e1ulicos y de transmisi\u00f3n<\/p>\n<\/div>\n","protected":false},"featured_media":1036,"comment_status":"open","ping_status":"closed","template":"","meta":[],"product_brand":[],"product_cat":[18],"product_tag":[],"class_list":{"0":"post-1035","1":"product","2":"type-product","3":"status-publish","4":"has-post-thumbnail","6":"product_cat-aceites","7":"it-has-gallery","9":"first","10":"instock","11":"sale","12":"taxable","13":"shipping-taxable","14":"purchasable","15":"product-type-simple"},"jetpack_sharing_enabled":true,"jetpack_likes_enabled":true,"_links":{"self":[{"href":"https:\/\/petrocenter.cl\/web\/productos.php\/wp-json\/wp\/v2\/product\/1035","targetHints":{"allow":["GET"]}}],"collection":[{"href":"https:\/\/petrocenter.cl\/web\/productos.php\/wp-json\/wp\/v2\/product"}],"about":[{"href":"https:\/\/petrocenter.cl\/web\/productos.php\/wp-json\/wp\/v2\/types\/product"}],"replies":[{"embeddable":true,"href":"https:\/\/petrocenter.cl\/web\/productos.php\/wp-json\/wp\/v2\/comments?post=1035"}],"wp:featuredmedia":[{"embeddable":true,"href":"https:\/\/petrocenter.cl\/web\/productos.php\/wp-json\/wp\/v2\/media\/1036"}],"wp:attachment":[{"href":"https:\/\/petrocenter.cl\/web\/productos.php\/wp-json\/wp\/v2\/media?parent=1035"}],"wp:term":[{"taxonomy":"product_brand","embeddable":true,"href":"https:\/\/petrocenter.cl\/web\/productos.php\/wp-json\/wp\/v2\/product_brand?post=1035"},{"taxonomy":"product_cat","embeddable":true,"href":"https:\/\/petrocenter.cl\/web\/productos.php\/wp-json\/wp\/v2\/product_cat?post=1035"},{"taxonomy":"product_tag","embeddable":true,"href":"https:\/\/petrocenter.cl\/web\/productos.php\/wp-json\/wp\/v2\/product_tag?post=1035"}],"curies":[{"name":"wp","href":"https:\/\/api.w.org\/{rel}","templated":true}]}}