{"id":1425,"date":"2024-12-22T14:02:10","date_gmt":"2024-12-22T14:02:10","guid":{"rendered":"https:\/\/petrocenter.cl\/web\/productos.php\/?page_id=1425"},"modified":"2026-03-21T14:40:00","modified_gmt":"2026-03-21T14:40:00","slug":"importancia-de-contar-con-unidades-de-almacenamiento-de-combustibles-liquidos-con-certificacion-sec","status":"publish","type":"page","link":"https:\/\/petrocenter.cl\/web\/productos.php\/importancia-de-contar-con-unidades-de-almacenamiento-de-combustibles-liquidos-con-certificacion-sec\/","title":{"rendered":"Importancia de contar con unidades de almacenamiento de combustibles l\u00edquidos con certificaci\u00f3n SEC"},"content":{"rendered":"<figure class=\"wp-block-image size-large is-resized\"><img fetchpriority=\"high\" decoding=\"async\" width=\"1080\" height=\"1006\" src=\"https:\/\/i1.wp.com\/petrocenter.cl\/web\/productos.php\/wp-content\/uploads\/2024\/12\/Screenshot_2024-12-22-10-56-11-131_com.google.android.googlequicksearchbox-edit.jpg?fit=1024%2C954&amp;ssl=1\" alt=\"\" class=\"wp-image-1427\" style=\"width:216px;height:202px\" srcset=\"https:\/\/i0.wp.com\/petrocenter.cl\/web\/productos.php\/wp-content\/uploads\/2024\/12\/Screenshot_2024-12-22-10-56-11-131_com.google.android.googlequicksearchbox-edit.jpg?w=1080&amp;ssl=1 1080w, https:\/\/i0.wp.com\/petrocenter.cl\/web\/productos.php\/wp-content\/uploads\/2024\/12\/Screenshot_2024-12-22-10-56-11-131_com.google.android.googlequicksearchbox-edit.jpg?resize=300%2C279&amp;ssl=1 300w, https:\/\/i0.wp.com\/petrocenter.cl\/web\/productos.php\/wp-content\/uploads\/2024\/12\/Screenshot_2024-12-22-10-56-11-131_com.google.android.googlequicksearchbox-edit.jpg?resize=1024%2C954&amp;ssl=1 1024w, https:\/\/i0.wp.com\/petrocenter.cl\/web\/productos.php\/wp-content\/uploads\/2024\/12\/Screenshot_2024-12-22-10-56-11-131_com.google.android.googlequicksearchbox-edit.jpg?resize=768%2C715&amp;ssl=1 768w\" sizes=\"(max-width: 1080px) 100vw, 1080px\" \/><\/figure><p>Introducci\u00f3n a la Certificaci\u00f3n SEC<\/p><p>La certificaci\u00f3n SEC es un sello de calidad y seguridad emitido por la Superintendencia de Electricidad y Combustibles de Chile (SEC). Este organismo regula y supervisa los equipos e instalaciones relacionadas con el uso, manejo y almacenamiento de combustibles, garantizando que cumplan con estrictos est\u00e1ndares t\u00e9cnicos y normativos.<\/p><p>\u00bfQu\u00e9 significa que un equipo tenga certificaci\u00f3n SEC?<\/p><p>Cuando un equipo cuenta con esta certificaci\u00f3n, significa que ha sido evaluado y aprobado bajo criterios espec\u00edficos que aseguran:<\/p><p>Seguridad: Los equipos minimizan riesgos de accidentes, como fugas, explosiones o fallas t\u00e9cnicas, protegiendo tanto a las personas como a las instalaciones.<\/p><p>Confiabilidad: Los productos han pasado pruebas rigurosas para garantizar un funcionamiento eficiente y duradero.<\/p><p>Cumplimiento normativo: Los equipos cumplen con las disposiciones legales establecidas por la normativa chilena, incluyendo el Decreto 160 de la SEC.<\/p><p>Importancia de la certificaci\u00f3n SEC<\/p><ol class=\"wp-block-list\"><li>Protecci\u00f3n del medio ambiente: Equipos certificados son menos propensos a generar emisiones contaminantes o derrames, reduciendo su impacto ambiental.<\/li>\n\n<li>Respaldo para las empresas: La certificaci\u00f3n facilita cumplir con las regulaciones vigentes, evitando multas o sanciones por el uso de equipos no autorizados.<\/li>\n\n<li>Confianza para los usuarios: Los consumidores pueden estar seguros de que est\u00e1n invirtiendo en tecnolog\u00eda que cumple con los m\u00e1s altos est\u00e1ndares de calidad y seguridad.<\/li><\/ol><p>La certificaci\u00f3n SEC no solo es un requisito legal, sino una garant\u00eda de que los equipos de combustible cumplen con las expectativas de seguridad, eficiencia y sostenibilidad, contribuyendo al bienestar de las personas y al cuidado del entorno.<\/p><p><\/p>","protected":false},"excerpt":{"rendered":"<p>Introducci\u00f3n a la Certificaci\u00f3n SEC La certificaci\u00f3n SEC es un sello de calidad y seguridad emitido por la Superintendencia de&hellip;<\/p>\n","protected":false},"author":1,"featured_media":0,"parent":0,"menu_order":0,"comment_status":"closed","ping_status":"closed","template":"","meta":{"footnotes":""},"class_list":["post-1425","page","type-page","status-publish","hentry"],"jetpack_sharing_enabled":true,"jetpack_likes_enabled":true,"_links":{"self":[{"href":"https:\/\/petrocenter.cl\/web\/productos.php\/wp-json\/wp\/v2\/pages\/1425","targetHints":{"allow":["GET"]}}],"collection":[{"href":"https:\/\/petrocenter.cl\/web\/productos.php\/wp-json\/wp\/v2\/pages"}],"about":[{"href":"https:\/\/petrocenter.cl\/web\/productos.php\/wp-json\/wp\/v2\/types\/page"}],"author":[{"embeddable":true,"href":"https:\/\/petrocenter.cl\/web\/productos.php\/wp-json\/wp\/v2\/users\/1"}],"replies":[{"embeddable":true,"href":"https:\/\/petrocenter.cl\/web\/productos.php\/wp-json\/wp\/v2\/comments?post=1425"}],"version-history":[{"count":3,"href":"https:\/\/petrocenter.cl\/web\/productos.php\/wp-json\/wp\/v2\/pages\/1425\/revisions"}],"predecessor-version":[{"id":1603,"href":"https:\/\/petrocenter.cl\/web\/productos.php\/wp-json\/wp\/v2\/pages\/1425\/revisions\/1603"}],"wp:attachment":[{"href":"https:\/\/petrocenter.cl\/web\/productos.php\/wp-json\/wp\/v2\/media?parent=1425"}],"curies":[{"name":"wp","href":"https:\/\/api.w.org\/{rel}","templated":true}]}}